{"id":1481,"date":"2022-12-19T10:32:31","date_gmt":"2022-12-19T08:32:31","guid":{"rendered":"https:\/\/www.friesehoek.nl\/?page_id=1481"},"modified":"2024-11-19T16:05:05","modified_gmt":"2024-11-19T14:05:05","slug":"wassersportgeschaeft","status":"publish","type":"page","link":"https:\/\/www.friesehoek.nl\/de\/wassersportgeschaeft\/","title":{"rendered":"Wassersportgesch\u00e4ft"},"content":{"rendered":"<div class=\"wpb-content-wrapper\">[vc_row][vc_column width=&#8220;1\/2&#8243;][vc_column_text el_class=&#8220;nowhiteabovemob&#8220;]\n<h1>Wassersportgesch\u00e4ft<\/h1>\n<p class=\"lead\">Sortiment f\u00fcr alle Altersgruppen<\/p>\n<div class=\"wpb_text_column wpb_content_element \">\n<div class=\"wpb_wrapper\">\n<div class=\"block block-content\">\n<p>Sind Sie auf der Suche nach neuem Bootszubeh\u00f6r, hochwertiger Segelkleidung oder nach sch\u00f6ner, moderner Freizeitkleidung? Dann hei\u00dfen wir Sie gern herzlich willkommen in unserem Wassersportgesch\u00e4ft. Wir bieten Ihnen ein breites Sortiment an Segel- und Freizeitkleidung sowie technische Accessoires f\u00fcr Ihr Schiff, sowohl f\u00fcr unter Deck als auch f\u00fcr auf dem Deck.<\/p>\n<p>Finden Sie in unserem Sortiment nicht das, was Sie suchen? Wenden Sie sich dann an unser Personal. Weil es in allen H\u00e4fen von SkipsMaritiem ein Wassersportgesch\u00e4ft gibt, haben wir in der Regel den gew\u00fcnschten Artikel vorr\u00e4tig. Und sollte dem einmal doch nicht so sein, dann bestellen wir Ihnen, was Sie suchen \u2013 schnell und unkompliziert.<\/p>\n<p>Im Wassersportgesch\u00e4ft der Friese Hoek gibt es auch eine kleine Supermarktabteilung. Auf Bestellung bekommt man hier in der Hochsaison morgens frische Br\u00f6tchen.<\/p>\n<\/div>\n<\/div>\n<\/div>\n[\/vc_column_text][\/vc_column][vc_column width=&#8220;1\/2&#8243;][vc_gallery images=&#8220;1491,1494,1497,1500&#8243; img_size=&#8220;medium&#8220; columns=&#8220;2&#8243; masonry=&#8220;fitRows&#8220;][\/vc_column][\/vc_row][vc_row full_width=&#8220;stretch_row&#8220; parallax=&#8220;content-moving&#8220; parallax_image=&#8220;1501&#8243; parallax_layers=&#8220;yes&#8220; video_cover=&#8220;3486&#8243; el_class=&#8220;content-padding-mobile-none&#8220;][vc_column width=&#8220;2\/3&#8243; offset=&#8220;vc_col-sm-offset-2&#8243; el_class=&#8220;text-center white-box content-padding&#8220;]<h2 class=\"text-center\"><small>Alles f\u00fcr Ihr Schiff und Ihre Crew<\/small>Wassersportgesch\u00e4ft<\/h2><div class='testimonials-carousel  owl-with-navigation' data-owl='{&quot;items&quot;:3,&quot;nav&quot;:true,&quot;navText&quot;:[&quot;Zur\\u00fcck&quot;,&quot;Weiter&quot;],&quot;loop&quot;:true,&quot;autoplay&quot;:true,&quot;autoplayTimeout&quot;:&quot;3000&quot;,&quot;autoplayHoverPause&quot;:true,&quot;responsive&quot;:{&quot;0&quot;:{&quot;items&quot;:1,&quot;dots&quot;:true,&quot;nav&quot;:true},&quot;767&quot;:{&quot;items&quot;:2,&quot;dots&quot;:true},&quot;992&quot;:{&quot;items&quot;:3,&quot;dots&quot;:true}}}'><div class='testimonial'>\n      <h4 class='testimonial-title'>\n      Segel- und Freizeitkleidung          <\/h4>\n        <p>Wir f\u00fchren bekannte Marken wie zum Beispiel Gaastra, Musto, Helly Hansen, Gant, Roosenstein Wolke oder North Sails.<\/p>\n    <a href='' class='btn-inline btn' target=\"_self\"><\/a>\n<\/div>\n<div class='testimonial'>\n      <h4 class='testimonial-title'>\n      Schiffszubeh\u00f6r          <\/h4>\n        <p>Das Sortiment reicht von Elektronik, Geschenkartikeln, Navigationskarten und -ausr\u00fcstung, Rettungswesten und -fl\u00f6\u00dfen, Gummibooten und -motoren bis hin zu Edelstahlwaren, \u00d6llampen, Wartungsprodukten, Zubeh\u00f6r aus Teakholz, Seilen, Farben und Beleuchtung.<\/p>\n    <a href='' class='btn-inline btn' target=\"_self\"><\/a>\n<\/div>\n<div class='testimonial'>\n      <h4 class='testimonial-title'>\n      Laufende Aktionen          <\/h4>\n        <p>Als begeisterter Wassersportler w\u00fcnschen Sie qualitativ hochwertige Produkte. Und vorzugsweise zu einem guten Preis. Darum haben unsere Wassersportgesch\u00e4fte von April bis Oktober st\u00e4ndig mehr als zweihundert Artikel f\u00fcr Sie im Angebot!<\/p>\n    <a href='' class='btn-inline btn' target=\"_self\"><\/a>\n<\/div>\n<div class='testimonial'>\n      <h4 class='testimonial-title'>\n      Laufende Aktionen          <\/h4>\n        <p>Als begeisterter Wassersportler w\u00fcnschen Sie qualitativ hochwertige Produkte. Und vorzugsweise zu einem guten Preis. Darum haben unsere Wassersportgesch\u00e4fte von April bis Oktober st\u00e4ndig mehr als zweihundert Artikel f\u00fcr Sie im Angebot!<\/p>\n    <a href='' class='btn-inline btn' target=\"_self\"><\/a>\n<\/div>\n<\/div>[\/vc_column][\/vc_row][vc_row full_width=&#8220;stretch_row&#8220; css=&#8220;.vc_custom_1550674932784{background-position: center !important;background-repeat: no-repeat !important;background-size: cover !important;}&#8220;][vc_column width=&#8220;1\/2&#8243;][vc_single_image image=&#8220;3132&#8243; img_size=&#8220;large&#8220; css=&#8220;&#8220;][\/vc_column][vc_column width=&#8220;1\/2&#8243;][vc_column_text css=&#8220;.vc_custom_1671452051812{padding-top: 80px !important;}&#8220;]\n<h2>Unsere Standorte<\/h2>\n<p class=\"lead\">Besuchen Sie eines unserer Wassersportgesch\u00e4fte in unseren H\u00e4fen oder besuchen Sie SkipsWinkel Sneek.<\/p>\n[\/vc_column_text][\/vc_column][vc_column width=&#8220;1\/2&#8243; offset=&#8220;vc_col-sm-offset-3&#8243; css=&#8220;.vc_custom_1411467083077{margin-top: 5.6rem !important;}&#8220;][vc_column_text css=&#8220;&#8220;]\n<h2 class=\"text-uppercase text-center\" style=\"text-align: center;\">WASSERSPORTGESCH\u00c4FTE IN UNSEREN H\u00c4FEN<\/h2>\n<table class=\"table table-responsive\">\n<tbody>\n<tr>\n<td class=\"text-left\" style=\"text-align: center;\">Jachthaven Hindeloopen\u00a0Watersportwinkel<\/td>\n<\/tr>\n<tr>\n<td class=\"text-left\" style=\"text-align: center;\">Marina Stavoren Watersportwinkel<\/td>\n<\/tr>\n<tr>\n<td class=\"text-left\" style=\"text-align: center;\">Jachthaven Friese Hoek Watersportwinkel<\/td>\n<\/tr>\n<tr>\n<td class=\"text-left\" style=\"text-align: center;\">SkipsWinkel Sneek<\/td>\n<\/tr>\n<tr>\n<td class=\"text-left\" style=\"text-align: center;\"><\/td>\n<\/tr>\n<\/tbody>\n<\/table>\n[\/vc_column_text][\/vc_column][\/vc_row][vc_row][vc_column]<h2 class=\"text-center\"><small>Alles f\u00fcr Ihr Schiff und Ihre Crew<\/small>Unser Sortiment<\/h2><div class='services-carousel  owl-with-navigation' data-owl='{&quot;items&quot;:4,&quot;nav&quot;:true,&quot;navText&quot;:[&quot;Zur\\u00fcck&quot;,&quot;Weiter&quot;],&quot;loop&quot;:true,&quot;autoplay&quot;:true,&quot;autoplayTimeout&quot;:2000,&quot;autoplayHoverPause&quot;:true,&quot;responsive&quot;:{&quot;0&quot;:{&quot;items&quot;:1,&quot;dots&quot;:true,&quot;nav&quot;:true},&quot;767&quot;:{&quot;items&quot;:4,&quot;dots&quot;:true},&quot;992&quot;:{&quot;items&quot;:4,&quot;dots&quot;:true}}}'><div class=\"item\">\n  <a href=\"\" target=\"_self\" class=\"link-image\" title=\"Pers\u00f6nliche Ausr\u00fcstung\"><img loading=\"lazy\" decoding=\"async\" width=\"450\" height=\"300\" src=\"https:\/\/www.friesehoek.nl\/wp-content\/uploads\/2022\/12\/skipswinkel-persoonlijke-uitrusting.jpg\" class=\"attachment-large size-large\" alt=\"Friese Hoek watersportwinkel persoonlijke uitrusting\" srcset=\"https:\/\/www.friesehoek.nl\/wp-content\/uploads\/2022\/12\/skipswinkel-persoonlijke-uitrusting.jpg 450w, https:\/\/www.friesehoek.nl\/wp-content\/uploads\/2022\/12\/skipswinkel-persoonlijke-uitrusting-300x200.jpg 300w\" sizes=\"auto, (max-width: 450px) 100vw, 450px\" \/><\/a>      <div class=\"item-content\">\n      <h4><a href=\"\" target=\"_self\" >Pers\u00f6nliche Ausr\u00fcstung<\/a><\/h4>      <p>Macht den Aufenthalt auf Ihrem Schiff angenehm!!<\/p>    <\/div>\n  <\/div>\n<div class=\"item\">\n  <a href=\"\" target=\"_self\" class=\"link-image\" title=\"Bootsausr\u00fcstung\"><img loading=\"lazy\" decoding=\"async\" width=\"450\" height=\"300\" src=\"https:\/\/www.friesehoek.nl\/wp-content\/uploads\/2022\/12\/bootuitrusting-skipswinkel.jpg\" class=\"attachment-large size-large\" alt=\"Friese Hoek watersportwinkel bootuitrusting\" srcset=\"https:\/\/www.friesehoek.nl\/wp-content\/uploads\/2022\/12\/bootuitrusting-skipswinkel.jpg 450w, https:\/\/www.friesehoek.nl\/wp-content\/uploads\/2022\/12\/bootuitrusting-skipswinkel-300x200.jpg 300w\" sizes=\"auto, (max-width: 450px) 100vw, 450px\" \/><\/a>      <div class=\"item-content\">\n      <h4><a href=\"\" target=\"_self\" >Bootsausr\u00fcstung<\/a><\/h4>      <p>F\u00fcr alle Wassersport-Accessoires!<\/p>    <\/div>\n  <\/div>\n<div class=\"item\">\n  <a href=\"\" target=\"_self\" class=\"link-image\" title=\"Motoren\"><img loading=\"lazy\" decoding=\"async\" width=\"450\" height=\"300\" src=\"https:\/\/www.friesehoek.nl\/wp-content\/uploads\/2022\/12\/skipswinkel-motoren.jpg\" class=\"attachment-large size-large\" alt=\"Friese Hoek watersportwinkel buitenboord motoren\" srcset=\"https:\/\/www.friesehoek.nl\/wp-content\/uploads\/2022\/12\/skipswinkel-motoren.jpg 450w, https:\/\/www.friesehoek.nl\/wp-content\/uploads\/2022\/12\/skipswinkel-motoren-300x200.jpg 300w\" sizes=\"auto, (max-width: 450px) 100vw, 450px\" \/><\/a>      <div class=\"item-content\">\n      <h4><a href=\"\" target=\"_self\" >Motoren<\/a><\/h4>      <p>Unbesorgtes fahren!<\/p>    <\/div>\n  <\/div>\n<div class=\"item\">\n  <a href=\"\" target=\"_self\" class=\"link-image\" title=\"Boote\"><img loading=\"lazy\" decoding=\"async\" width=\"450\" height=\"300\" src=\"https:\/\/www.friesehoek.nl\/wp-content\/uploads\/2022\/12\/skipswinkel-boten.jpg\" class=\"attachment-large size-large\" alt=\"Friese Hoek watersportwinkel boten\" srcset=\"https:\/\/www.friesehoek.nl\/wp-content\/uploads\/2022\/12\/skipswinkel-boten.jpg 450w, https:\/\/www.friesehoek.nl\/wp-content\/uploads\/2022\/12\/skipswinkel-boten-300x200.jpg 300w\" sizes=\"auto, (max-width: 450px) 100vw, 450px\" \/><\/a>      <div class=\"item-content\">\n      <h4><a href=\"\" target=\"_self\" >Boote<\/a><\/h4>      <p>Ein RIB oder kleines Motorboot? Bei uns sind Sie richtig!<\/p>    <\/div>\n  <\/div>\n<div class=\"item\">\n  <a href=\"\" target=\"_self\" class=\"link-image\" title=\"Spa\u00df\"><img loading=\"lazy\" decoding=\"async\" width=\"450\" height=\"300\" src=\"https:\/\/www.friesehoek.nl\/wp-content\/uploads\/2022\/12\/fun-skipswinkel.jpg\" class=\"attachment-large size-large\" alt=\"Friese Hoek watersportwinkel fun\" srcset=\"https:\/\/www.friesehoek.nl\/wp-content\/uploads\/2022\/12\/fun-skipswinkel.jpg 450w, https:\/\/www.friesehoek.nl\/wp-content\/uploads\/2022\/12\/fun-skipswinkel-300x200.jpg 300w\" sizes=\"auto, (max-width: 450px) 100vw, 450px\" \/><\/a>      <div class=\"item-content\">\n      <h4><a href=\"\" target=\"_self\" >Spa\u00df<\/a><\/h4>      <p>Wir wollen dich aufs Wasser bringen!<\/p>    <\/div>\n  <\/div>\n<\/div>[\/vc_column][\/vc_row]\n<\/div>","protected":false},"excerpt":{"rendered":"<p>[vc_row][vc_column width=&#8220;1\/2&#8243;][vc_column_text el_class=&#8220;nowhiteabovemob&#8220;] Wassersportgesch\u00e4ft Sortiment f\u00fcr alle Altersgruppen Sind Sie auf der Suche nach neuem Bootszubeh\u00f6r, hochwertiger Segelkleidung oder nach [&hellip;]<\/p>\n","protected":false},"author":1,"featured_media":0,"parent":0,"menu_order":0,"comment_status":"closed","ping_status":"closed","template":"","meta":{"footnotes":""},"class_list":["post-1481","page","type-page","status-publish","hentry"],"yoast_head":"<!-- This site is optimized with the Yoast SEO plugin v27.5 - https:\/\/yoast.com\/product\/yoast-seo-wordpress\/ -->\n<title>Wassersportgesch\u00e4ft Jachthaven Friese Hoek | Friesehoek.nl<\/title>\n<meta name=\"description\" content=\"Sind Sie auf der Suche nach neuem Bootszubeh\u00f6r, hochwertiger Segelkleidung oder nach sch\u00f6ner, moderner Freizeitkleidung? Dann hei\u00dfen wir Sie gern herzlich willkommen in unserem Wassersportgesch\u00e4ft.\" \/>\n<meta name=\"robots\" content=\"index, follow, max-snippet:-1, max-image-preview:large, max-video-preview:-1\" \/>\n<link rel=\"canonical\" href=\"https:\/\/www.friesehoek.nl\/de\/wassersportgeschaeft\/\" \/>\n<meta property=\"og:locale\" content=\"de_DE\" \/>\n<meta property=\"og:type\" content=\"article\" \/>\n<meta property=\"og:title\" content=\"Wassersportgesch\u00e4ft Jachthaven Friese Hoek | Friesehoek.nl\" \/>\n<meta property=\"og:description\" content=\"Sind Sie auf der Suche nach neuem Bootszubeh\u00f6r, hochwertiger Segelkleidung oder nach sch\u00f6ner, moderner Freizeitkleidung? Dann hei\u00dfen wir Sie gern herzlich willkommen in unserem Wassersportgesch\u00e4ft.\" \/>\n<meta property=\"og:url\" content=\"https:\/\/www.friesehoek.nl\/de\/wassersportgeschaeft\/\" \/>\n<meta property=\"og:site_name\" content=\"Jachthaven Friese Hoek\" \/>\n<meta property=\"article:modified_time\" content=\"2024-11-19T14:05:05+00:00\" \/>\n<meta name=\"twitter:card\" content=\"summary_large_image\" \/>\n<meta name=\"twitter:label1\" content=\"Gesch\u00e4tzte Lesezeit\" \/>\n\t<meta name=\"twitter:data1\" content=\"5\u00a0Minuten\" \/>\n<script type=\"application\/ld+json\" class=\"yoast-schema-graph\">{\"@context\":\"https:\\\/\\\/schema.org\",\"@graph\":[{\"@type\":\"WebPage\",\"@id\":\"https:\\\/\\\/www.friesehoek.nl\\\/de\\\/wassersportgeschaeft\\\/\",\"url\":\"https:\\\/\\\/www.friesehoek.nl\\\/de\\\/wassersportgeschaeft\\\/\",\"name\":\"Wassersportgesch\u00e4ft Jachthaven Friese Hoek | Friesehoek.nl\",\"isPartOf\":{\"@id\":\"https:\\\/\\\/www.friesehoek.nl\\\/de\\\/#website\"},\"datePublished\":\"2022-12-19T08:32:31+00:00\",\"dateModified\":\"2024-11-19T14:05:05+00:00\",\"description\":\"Sind Sie auf der Suche nach neuem Bootszubeh\u00f6r, hochwertiger Segelkleidung oder nach sch\u00f6ner, moderner Freizeitkleidung? Dann hei\u00dfen wir Sie gern herzlich willkommen in unserem Wassersportgesch\u00e4ft.\",\"breadcrumb\":{\"@id\":\"https:\\\/\\\/www.friesehoek.nl\\\/de\\\/wassersportgeschaeft\\\/#breadcrumb\"},\"inLanguage\":\"de\",\"potentialAction\":[{\"@type\":\"ReadAction\",\"target\":[\"https:\\\/\\\/www.friesehoek.nl\\\/de\\\/wassersportgeschaeft\\\/\"]}]},{\"@type\":\"BreadcrumbList\",\"@id\":\"https:\\\/\\\/www.friesehoek.nl\\\/de\\\/wassersportgeschaeft\\\/#breadcrumb\",\"itemListElement\":[{\"@type\":\"ListItem\",\"position\":1,\"name\":\"Home\",\"item\":\"https:\\\/\\\/www.friesehoek.nl\\\/de\\\/\"},{\"@type\":\"ListItem\",\"position\":2,\"name\":\"Wassersportgesch\u00e4ft\"}]},{\"@type\":\"WebSite\",\"@id\":\"https:\\\/\\\/www.friesehoek.nl\\\/de\\\/#website\",\"url\":\"https:\\\/\\\/www.friesehoek.nl\\\/de\\\/\",\"name\":\"Jachthaven Friese Hoek\",\"description\":\"Voel je thuis in Jachthaven Friese Hoek\",\"potentialAction\":[{\"@type\":\"SearchAction\",\"target\":{\"@type\":\"EntryPoint\",\"urlTemplate\":\"https:\\\/\\\/www.friesehoek.nl\\\/de\\\/?s={search_term_string}\"},\"query-input\":{\"@type\":\"PropertyValueSpecification\",\"valueRequired\":true,\"valueName\":\"search_term_string\"}}],\"inLanguage\":\"de\"}]}<\/script>\n<!-- \/ Yoast SEO plugin. -->","yoast_head_json":{"title":"Wassersportgesch\u00e4ft Jachthaven Friese Hoek | Friesehoek.nl","description":"Sind Sie auf der Suche nach neuem Bootszubeh\u00f6r, hochwertiger Segelkleidung oder nach sch\u00f6ner, moderner Freizeitkleidung? Dann hei\u00dfen wir Sie gern herzlich willkommen in unserem Wassersportgesch\u00e4ft.","robots":{"index":"index","follow":"follow","max-snippet":"max-snippet:-1","max-image-preview":"max-image-preview:large","max-video-preview":"max-video-preview:-1"},"canonical":"https:\/\/www.friesehoek.nl\/de\/wassersportgeschaeft\/","og_locale":"de_DE","og_type":"article","og_title":"Wassersportgesch\u00e4ft Jachthaven Friese Hoek | Friesehoek.nl","og_description":"Sind Sie auf der Suche nach neuem Bootszubeh\u00f6r, hochwertiger Segelkleidung oder nach sch\u00f6ner, moderner Freizeitkleidung? Dann hei\u00dfen wir Sie gern herzlich willkommen in unserem Wassersportgesch\u00e4ft.","og_url":"https:\/\/www.friesehoek.nl\/de\/wassersportgeschaeft\/","og_site_name":"Jachthaven Friese Hoek","article_modified_time":"2024-11-19T14:05:05+00:00","twitter_card":"summary_large_image","twitter_misc":{"Gesch\u00e4tzte Lesezeit":"5\u00a0Minuten"},"schema":{"@context":"https:\/\/schema.org","@graph":[{"@type":"WebPage","@id":"https:\/\/www.friesehoek.nl\/de\/wassersportgeschaeft\/","url":"https:\/\/www.friesehoek.nl\/de\/wassersportgeschaeft\/","name":"Wassersportgesch\u00e4ft Jachthaven Friese Hoek | Friesehoek.nl","isPartOf":{"@id":"https:\/\/www.friesehoek.nl\/de\/#website"},"datePublished":"2022-12-19T08:32:31+00:00","dateModified":"2024-11-19T14:05:05+00:00","description":"Sind Sie auf der Suche nach neuem Bootszubeh\u00f6r, hochwertiger Segelkleidung oder nach sch\u00f6ner, moderner Freizeitkleidung? Dann hei\u00dfen wir Sie gern herzlich willkommen in unserem Wassersportgesch\u00e4ft.","breadcrumb":{"@id":"https:\/\/www.friesehoek.nl\/de\/wassersportgeschaeft\/#breadcrumb"},"inLanguage":"de","potentialAction":[{"@type":"ReadAction","target":["https:\/\/www.friesehoek.nl\/de\/wassersportgeschaeft\/"]}]},{"@type":"BreadcrumbList","@id":"https:\/\/www.friesehoek.nl\/de\/wassersportgeschaeft\/#breadcrumb","itemListElement":[{"@type":"ListItem","position":1,"name":"Home","item":"https:\/\/www.friesehoek.nl\/de\/"},{"@type":"ListItem","position":2,"name":"Wassersportgesch\u00e4ft"}]},{"@type":"WebSite","@id":"https:\/\/www.friesehoek.nl\/de\/#website","url":"https:\/\/www.friesehoek.nl\/de\/","name":"Jachthaven Friese Hoek","description":"Voel je thuis in Jachthaven Friese Hoek","potentialAction":[{"@type":"SearchAction","target":{"@type":"EntryPoint","urlTemplate":"https:\/\/www.friesehoek.nl\/de\/?s={search_term_string}"},"query-input":{"@type":"PropertyValueSpecification","valueRequired":true,"valueName":"search_term_string"}}],"inLanguage":"de"}]}},"_links":{"self":[{"href":"https:\/\/www.friesehoek.nl\/de\/wp-json\/wp\/v2\/pages\/1481","targetHints":{"allow":["GET"]}}],"collection":[{"href":"https:\/\/www.friesehoek.nl\/de\/wp-json\/wp\/v2\/pages"}],"about":[{"href":"https:\/\/www.friesehoek.nl\/de\/wp-json\/wp\/v2\/types\/page"}],"author":[{"embeddable":true,"href":"https:\/\/www.friesehoek.nl\/de\/wp-json\/wp\/v2\/users\/1"}],"replies":[{"embeddable":true,"href":"https:\/\/www.friesehoek.nl\/de\/wp-json\/wp\/v2\/comments?post=1481"}],"version-history":[{"count":16,"href":"https:\/\/www.friesehoek.nl\/de\/wp-json\/wp\/v2\/pages\/1481\/revisions"}],"predecessor-version":[{"id":3135,"href":"https:\/\/www.friesehoek.nl\/de\/wp-json\/wp\/v2\/pages\/1481\/revisions\/3135"}],"wp:attachment":[{"href":"https:\/\/www.friesehoek.nl\/de\/wp-json\/wp\/v2\/media?parent=1481"}],"curies":[{"name":"wp","href":"https:\/\/api.w.org\/{rel}","templated":true}]}}