{"id":1772,"date":"2022-12-15T12:25:05","date_gmt":"2022-12-15T10:25:05","guid":{"rendered":"https:\/\/www.friesehoek.nl\/liegeplatz-jachthafen-friese-hoek\/"},"modified":"2025-12-03T13:02:36","modified_gmt":"2025-12-03T11:02:36","slug":"liegeplatz-jachthafen-friese-hoek","status":"publish","type":"page","link":"https:\/\/www.friesehoek.nl\/de\/liegeplatz-jachthafen-friese-hoek\/","title":{"rendered":"Liegeplatz Jachthafen Friese Hoek"},"content":{"rendered":"<div class=\"wpb-content-wrapper\">[vc_row][vc_column width=&#8220;1\/2&#8243; el_class=&#8220;margin-top-move&#8220;]\n<div class=\"wpcf7 no-js\" id=\"wpcf7-f1942-o1\" lang=\"de-DE\" dir=\"ltr\" data-wpcf7-id=\"1942\">\n<div class=\"screen-reader-response\"><p role=\"status\" aria-live=\"polite\" aria-atomic=\"true\"><\/p> <ul><\/ul><\/div>\n<form action=\"\/de\/wp-json\/wp\/v2\/pages\/1772#wpcf7-f1942-o1\" method=\"post\" class=\"wpcf7-form init\" aria-label=\"Kontaktformular\" novalidate=\"novalidate\" data-status=\"init\">\n<fieldset class=\"hidden-fields-container\"><input type=\"hidden\" name=\"_wpcf7\" value=\"1942\" \/><input type=\"hidden\" name=\"_wpcf7_version\" value=\"6.1.5\" \/><input type=\"hidden\" name=\"_wpcf7_locale\" value=\"de_DE\" \/><input type=\"hidden\" name=\"_wpcf7_unit_tag\" value=\"wpcf7-f1942-o1\" \/><input type=\"hidden\" name=\"_wpcf7_container_post\" value=\"0\" \/><input type=\"hidden\" name=\"_wpcf7_posted_data_hash\" value=\"\" \/>\n<\/fieldset>\n<div class=\"wpcf7-turnstile cf-turnstile\" data-sitekey=\"0x4AAAAAACEgP9oUfQGjegKK\" data-response-field-name=\"_wpcf7_turnstile_response\"><\/div>\n\n<p><label> Name:<br \/>\n<span class=\"wpcf7-form-control-wrap\" data-name=\"your-name\"><input size=\"40\" maxlength=\"400\" class=\"wpcf7-form-control wpcf7-text wpcf7-validates-as-required\" aria-required=\"true\" aria-invalid=\"false\" value=\"\" type=\"text\" name=\"your-name\" \/><\/span> <\/label>\n<\/p>\n<p><label> E-Mail:<br \/>\n<span class=\"wpcf7-form-control-wrap\" data-name=\"your-email\"><input size=\"40\" maxlength=\"400\" class=\"wpcf7-form-control wpcf7-email wpcf7-validates-as-required wpcf7-text wpcf7-validates-as-email\" aria-required=\"true\" aria-invalid=\"false\" value=\"\" type=\"email\" name=\"your-email\" \/><\/span> <\/label>\n<\/p>\n<p><label> Betreff:<br \/>\n<span class=\"wpcf7-form-control-wrap\" data-name=\"your-subject\"><input size=\"40\" maxlength=\"400\" class=\"wpcf7-form-control wpcf7-text wpcf7-validates-as-required\" aria-required=\"true\" aria-invalid=\"false\" value=\"\" type=\"text\" name=\"your-subject\" \/><\/span> <\/label>\n<\/p>\n<p><label> Ihre Nachricht:<br \/>\n<span class=\"wpcf7-form-control-wrap\" data-name=\"your-message\"><input size=\"40\" maxlength=\"400\" class=\"wpcf7-form-control wpcf7-text\" aria-invalid=\"false\" value=\"\" type=\"text\" name=\"your-message\" \/><\/span> <\/label>\n<\/p>\n<p><input class=\"wpcf7-form-control wpcf7-submit has-spinner\" type=\"submit\" value=\"Versenden\" \/>\n<\/p><div class=\"wpcf7-response-output\" aria-hidden=\"true\"><\/div>\n<\/form>\n<\/div>\n[\/vc_column][vc_column width=&#8220;1\/2&#8243;][vc_empty_space height=&#8220;475px&#8220; el_class=&#8220;mob_on&#8220;][\/vc_column][\/vc_row][vc_row][vc_column width=&#8220;1\/2&#8243;][vc_single_image image=&#8220;1390&#8243; img_size=&#8220;full&#8220; style=&#8220;vc_box_rounded&#8220;][\/vc_column][vc_column width=&#8220;1\/2&#8243; css=&#8220;.vc_custom_1432888611759{padding-top: 60px !important;}&#8220;][vc_column_text css=&#8220;.vc_custom_1671100077217{padding-top: 0px !important;padding-right: 10px !important;padding-bottom: 10px !important;padding-left: 10px !important;}&#8220;]\n<h3>Ihr Liegeplatz in einem der besten H\u00e4fen<\/h3>\n<p>Der Jachthafen Friese Hoek ist ein Yachthafen mit ger\u00e4umigen Liegepl\u00e4tzen. Der Hafen liegt direkt am IJsselmeer ganz in der N\u00e4he des Ortes Lemmer. Die Liegepl\u00e4tze f\u00fcr Dauerlieger sind zwischen 7 bis 18 Metern lang. Ein Viertel unserer Liegepl\u00e4tze hat einen Seitensteg.<\/p>\n<p>Jeder Liegeplatz ist mit einem Stromanschluss ausgestattet. Zudem gibt es im Hafen ausreichend Trinkwasseranschl\u00fcsse.[\/vc_column_text][\/vc_column][vc_column][vc_row_inner][vc_column_inner width=&#8220;1\/2&#8243; css=&#8220;.vc_custom_1432890993582{margin-top: 60px !important;}&#8220;][vc_column_text css=&#8220;.vc_custom_1671100139420{padding-top: 10px !important;}&#8220;]\n<h3>Ein Liegeplatz, viele Extras<\/h3>\n<p style=\"font-size: 13pt;\">Die Jachth\u00e4fen in Lemmer geh\u00f6ren zur Organisation SkipsMaritiem, ebenso wie Jachthafen Hindeloopen, Marina Stavoren und die Flevo Marina in Lelystad. Halter eines festen Liegeplatzes k\u00f6nnen ausgezeichnete Einrichtungen nutzen und kommen zudem in den Genuss vieler weiterer Vorteile, wie zum Beispiel die SkipsMaritiem Membership Karte (mehr Information siehe hier unten).<\/p>\n[\/vc_column_text][\/vc_column_inner][vc_column_inner width=&#8220;1\/2&#8243;][vc_single_image image=&#8220;1394&#8243; img_size=&#8220;full&#8220; alignment=&#8220;right&#8220; style=&#8220;vc_box_rounded&#8220;][\/vc_column_inner][\/vc_row_inner][\/vc_column][\/vc_row][vc_row][vc_column width=&#8220;1\/3&#8243;][vc_column_text]\n<h3>Segelgebiet<\/h3>\n<p>Genie\u00dfen Sie die Ruhe und die Natur vom Tjeukemeer, Slotermeer oder Fluessen oder die Weite, die das IJsselmeer, das Wattenmeer oder sogar die Nordsee bieten. Ab dem Jachthafen Friese Hoek erstreckt sich vor Ihnen innerhalb einer Reichweite weniger Minuten bis zu drei Stunden das Fahrgebiet der friesischen Gew\u00e4sser.[\/vc_column_text][\/vc_column][vc_column width=&#8220;1\/3&#8243;][vc_column_text]\n<h3>Ger\u00e4umige Liegepl\u00e4tze<\/h3>\n<p>Die Liegepl\u00e4tze f\u00fcr Dauerlieger sind zwischen 7 bis 18 Metern lang. Ein Viertel unserer Liegepl\u00e4tze hat einen Seitensteg.[\/vc_column_text][\/vc_column][vc_column width=&#8220;1\/3&#8243;][vc_column_text]\n<h3>Umfassende Einrichtungen<\/h3>\n<p>Die Liegepl\u00e4tze des Jachthafens Friese Hoek sind ger\u00e4umig und bieten s\u00e4mtlichen notwendigen Komfort. Jeder Liegeplatz ist mit einem Stromanschluss ausgestattet und vor Ort befinden sich ausreichend Wasseranschl\u00fcsse. Auch gibt es Gep\u00e4ckwagen zum Erledigen der Eink\u00e4ufe und einen gro\u00dfen Parkplatz.[\/vc_column_text][\/vc_column][\/vc_row][vc_row][vc_column width=&#8220;1\/6&#8243;][\/vc_column][vc_column width=&#8220;1\/3&#8243;][vc_column_text]\n<h3>Liegeplatz in Kombination mit Winterlagerung<\/h3>\n<p>Wenn Sie sich f\u00fcr einen Jahresliegeplatz mit Winterlager entscheiden, erhalten Sie einen Rabatt auf die Winterlagergeb\u00fchr im Vergleich zu Kunden ohne Dauerliegeplatz.[\/vc_column_text][\/vc_column][vc_column width=&#8220;1\/3&#8243;][vc_column_text]\n<h3>Attraktive All-Inklusive-Preise<\/h3>\n<p>Bei uns bekommen Sie umfassenden Service zu einem g\u00fcnstige Alles-inklusive-Preis. Und damit auch keine \u00dcberraschungskosten hinterher![\/vc_column_text][\/vc_column][vc_column width=&#8220;1\/6&#8243;][\/vc_column][\/vc_row][vc_row full_width=&#8220;stretch_row&#8220; parallax=&#8220;content-moving&#8220; parallax_image=&#8220;1401&#8243; parallax_layers=&#8220;yes&#8220; video_cover=&#8220;3486&#8243; el_class=&#8220;content-padding-mobile-none&#8220; css=&#8220;.vc_custom_1671100402242{background-image: url(https:\/\/www.skipsmaritiem.nl\/wp-content\/uploads\/2018\/09\/sunny.jpg?id=3486) !important;}&#8220;][vc_column width=&#8220;2\/3&#8243; offset=&#8220;vc_col-sm-offset-2&#8243; el_class=&#8220;text-center white-box content-padding&#8220;]<h2 class=\"text-center\"><small>Exklusiv f\u00fcr Liegeplatz-Inhaber mit einem (Mehr-) Jahresvertrag:<\/small>SkipsMaritiem Membership Card<\/h2><div class='testimonials-carousel  owl-with-navigation' data-owl='{&quot;items&quot;:3,&quot;nav&quot;:true,&quot;navText&quot;:[&quot;Zur\\u00fcck&quot;,&quot;Weiter&quot;],&quot;loop&quot;:true,&quot;autoplay&quot;:true,&quot;autoplayTimeout&quot;:&quot;3000&quot;,&quot;autoplayHoverPause&quot;:true,&quot;responsive&quot;:{&quot;0&quot;:{&quot;items&quot;:1,&quot;dots&quot;:true,&quot;nav&quot;:true},&quot;767&quot;:{&quot;items&quot;:2,&quot;dots&quot;:true},&quot;992&quot;:{&quot;items&quot;:3,&quot;dots&quot;:true}}}'><div class='testimonial'>\n      <h4 class='testimonial-title'>\n      10 % Erm\u00e4\u00dfigung          <\/h4>\n        <p>10 % Erm\u00e4\u00dfigung auf nahezu das gesamte Sortiment in den Wassersportgesch\u00e4ften von SkipsMaritiem. (ausgenommen: Treibstoff, Gas, Supermarktartikel, Zeitungen, WLAN-Karten und Briefmarken, Sonderangebote und Aktionsartikel)<\/p>\n    <a href='#' class='btn-inline btn' target=\"_self\"><\/a>\n<\/div>\n<div class='testimonial'>\n      <h4 class='testimonial-title'>\n      10 kostenlose \u00dcbernachtungen          <\/h4>\n        <p>10 kostenlose \u00dcbernachtungen in einem anderen Hafen von SkipsMaritiem.<\/p>\n    <a href='#' class='btn-inline btn' target=\"_self\"><\/a>\n<\/div>\n<div class='testimonial'>\n      <h4 class='testimonial-title'>\n      50 % Erm\u00e4\u00dfigung          <\/h4>\n        <p>50 % Erm\u00e4\u00dfigung auf \u00dcbernachtungen in einem anderen Hafen von SkipsMaritiem, wenn die 10 kostenlosen \u00dcbernachtungen aufgebraucht sind.<\/p>\n    <a href='#' class='btn-inline btn' target=\"_self\"><\/a>\n<\/div>\n<div class='testimonial'>\n      <h4 class='testimonial-title'>\n      Kostenloses schwimmen          <\/h4>\n        <p>Kostenlose Benutzung des Schwimmbads<\/p>\n    <a href='#' class='btn-inline btn' target=\"_self\"><\/a>\n<\/div>\n<div class='testimonial'>\n      <h4 class='testimonial-title'>\n      Winterlager          <\/h4>\n        <p>Sonderpreis f\u00fcr das Winterlager.<\/p>\n    <a href='#' class='btn-inline btn' target=\"_self\"><\/a>\n<\/div>\n<\/div>[\/vc_column][\/vc_row][vc_row full_width=&#8220;stretch_row&#8220; parallax_layers=&#8220;yes&#8220; css=&#8220;.vc_custom_1670314358244{background-image: url(https:\/\/www.friesehoek.nl\/wp-content\/uploads\/2022\/12\/bg.jpg?id=1403) !important;background-position: center !important;background-repeat: no-repeat !important;background-size: cover !important;}&#8220; parallax_offset=&#8220;0&#8243; layer_1_vertical=&#8220;bottom: -30px&#8220; layer_1_horizontal=&#8220;right: -30px&#8220; layer_1_ratio=&#8220;1.85123&#8243; layer_1_z=&#8220;0&#8243; layer_2_vertical=&#8220;top: 40%&#8220; layer_2_horizontal=&#8220;left: 50px&#8220; layer_2_ratio=&#8220;0.69343&#8243; layer_2_width=&#8220;170px&#8220; layer_2_z=&#8220;1&#8243; layer_1_width=&#8220;250px&#8220; layer_1=&#8220;1406&#8243; layer_2=&#8220;1406&#8243; layer_3=&#8220;1406&#8243;][vc_column width=&#8220;1\/2&#8243;][vc_single_image image=&#8220;1397&#8243; img_size=&#8220;large&#8220;][\/vc_column][vc_column width=&#8220;1\/2&#8243;][vc_column_text]\n<h2><small>Extra Vorteil<\/small>Einen Liegeplatz mieten, f\u00fcnf Heimath\u00e4fen!!<\/h2>\n<p>Auf Wunsch k\u00f6nnen Sie einmal in der Saison den Heimathafen wechseln. Sie zahlen in dem Fall nur die Differenz zwischen den Liegeplatztarifen.<\/p>\n<p>Auch f\u00fcr Passanten haben wir interessante Preisnachl\u00e4sse in petto. Kennen Sie schon unsere Vorteilkarte? Mit dieser Karte haben Sie Recht auf sieben \u00dcbernachtungen in den H\u00e4fen von SkipsMaritiem. Der Preisvorteil kann bis zu 25 % betragen.<\/p>\n<p>Die Vorteilkarte ist eine Saison g\u00fcltig und ist im Hafenb\u00fcro erh\u00e4ltlich.<\/p>\n<p><a class=\"btn btn-inline\" href=\"\/de\/kontaktdaten\/\">Zum Kontaktformular<\/a>[\/vc_column_text][\/vc_column][vc_column width=&#8220;1\/2&#8243; offset=&#8220;vc_col-sm-offset-3&#8243; css=&#8220;.vc_custom_1411467083077{margin-top: 5.6rem !important;}&#8220;][vc_column_text]\n<h2 class=\"text-uppercase text-center\" style=\"text-align: center;\">MEHRJ\u00c4HRIGE VERTR\u00c4GE<\/h2>\n<p style=\"text-align: center;\">Ihr Vorteil betr\u00e4gt schnell hunderte Euros.<\/p>\n<table class=\"table table-responsive\">\n<tbody>\n<tr>\n<td class=\"text-left\"><strong>3-j\u00e4hriger Vertrag bei j\u00e4hrlicher Bezahlung. Sie bekommen j\u00e4hrlich 5% Erm\u00e4\u00dfigung auf den g\u00fcltigen Liegeplatzpreis.<\/strong><\/td>\n<\/tr>\n<tr>\n<td class=\"text-left\"><strong>5-j\u00e4hriger Vertrag bei j\u00e4hrlicher Bezahlung. Sie bekommen j\u00e4hrlich 10% Erm\u00e4\u00dfigung auf den g\u00fcltigen Liegeplatzpreis.<\/strong><\/td>\n<\/tr>\n<\/tbody>\n<\/table>\n[\/vc_column_text][\/vc_column][\/vc_row][vc_row][vc_column][vc_column_text][vc_cta_button call_text=&#8220;W\u00fcnschen Sie weitere Information? Rufen Sie uns an oder wenden Sie sich mittels dem nachstehenden Formular an uns. &#8220; title=&#8220;Zum Formular&#8220; icon=&#8220;wpb_arrow&#8220; size=&#8220;btn-large&#8220; position=&#8220;cta_align_bottom&#8220; href=&#8220;\/de\/anmeldung-schiffsliegeplatz\/&#8220;][\/vc_column_text][\/vc_column][\/vc_row]\n<\/div>","protected":false},"excerpt":{"rendered":"<p>[vc_row][vc_column width=&#8220;1\/2&#8243; el_class=&#8220;margin-top-move&#8220;][\/vc_column][vc_column width=&#8220;1\/2&#8243;][vc_empty_space height=&#8220;475px&#8220; el_class=&#8220;mob_on&#8220;][\/vc_column][\/vc_row][vc_row][vc_column width=&#8220;1\/2&#8243;][vc_single_image image=&#8220;1390&#8243; img_size=&#8220;full&#8220; style=&#8220;vc_box_rounded&#8220;][\/vc_column][vc_column width=&#8220;1\/2&#8243; css=&#8220;.vc_custom_1432888611759{padding-top: 60px !important;}&#8220;][vc_column_text css=&#8220;.vc_custom_1671100077217{padding-top: 0px !important;padding-right: 10px !important;padding-bottom: 10px [&hellip;]<\/p>\n","protected":false},"author":1,"featured_media":0,"parent":0,"menu_order":0,"comment_status":"closed","ping_status":"closed","template":"","meta":{"footnotes":""},"class_list":["post-1772","page","type-page","status-publish","hentry"],"yoast_head":"<!-- This site is optimized with the Yoast SEO plugin v27.4 - https:\/\/yoast.com\/product\/yoast-seo-wordpress\/ -->\n<title>Liegeplatz Jachthafen Friese Hoek | www.friesehoek.nl<\/title>\n<meta name=\"description\" content=\"Der Jachthafen Friese Hoek ist ein Yachthafen mit ger\u00e4umigen Liegepl\u00e4tzen. Der Hafen liegt direkt am IJsselmeer ganz in der N\u00e4he des Ortes Lemmer.\" \/>\n<meta name=\"robots\" content=\"index, follow, max-snippet:-1, max-image-preview:large, max-video-preview:-1\" \/>\n<link rel=\"canonical\" href=\"https:\/\/www.friesehoek.nl\/de\/liegeplatz-jachthafen-friese-hoek\/\" \/>\n<meta property=\"og:locale\" content=\"de_DE\" \/>\n<meta property=\"og:type\" content=\"article\" \/>\n<meta property=\"og:title\" content=\"Liegeplatz Jachthafen Friese Hoek | www.friesehoek.nl\" \/>\n<meta property=\"og:description\" content=\"Der Jachthafen Friese Hoek ist ein Yachthafen mit ger\u00e4umigen Liegepl\u00e4tzen. Der Hafen liegt direkt am IJsselmeer ganz in der N\u00e4he des Ortes Lemmer.\" \/>\n<meta property=\"og:url\" content=\"https:\/\/www.friesehoek.nl\/de\/liegeplatz-jachthafen-friese-hoek\/\" \/>\n<meta property=\"og:site_name\" content=\"Jachthaven Friese Hoek\" \/>\n<meta property=\"article:modified_time\" content=\"2025-12-03T11:02:36+00:00\" \/>\n<meta name=\"twitter:card\" content=\"summary_large_image\" \/>\n<meta name=\"twitter:label1\" content=\"Gesch\u00e4tzte Lesezeit\" \/>\n\t<meta name=\"twitter:data1\" content=\"3\u00a0Minuten\" \/>\n<script type=\"application\/ld+json\" class=\"yoast-schema-graph\">{\"@context\":\"https:\\\/\\\/schema.org\",\"@graph\":[{\"@type\":\"WebPage\",\"@id\":\"https:\\\/\\\/www.friesehoek.nl\\\/de\\\/liegeplatz-jachthafen-friese-hoek\\\/\",\"url\":\"https:\\\/\\\/www.friesehoek.nl\\\/de\\\/liegeplatz-jachthafen-friese-hoek\\\/\",\"name\":\"Liegeplatz Jachthafen Friese Hoek | www.friesehoek.nl\",\"isPartOf\":{\"@id\":\"https:\\\/\\\/www.friesehoek.nl\\\/de\\\/#website\"},\"datePublished\":\"2022-12-15T10:25:05+00:00\",\"dateModified\":\"2025-12-03T11:02:36+00:00\",\"description\":\"Der Jachthafen Friese Hoek ist ein Yachthafen mit ger\u00e4umigen Liegepl\u00e4tzen. Der Hafen liegt direkt am IJsselmeer ganz in der N\u00e4he des Ortes Lemmer.\",\"breadcrumb\":{\"@id\":\"https:\\\/\\\/www.friesehoek.nl\\\/de\\\/liegeplatz-jachthafen-friese-hoek\\\/#breadcrumb\"},\"inLanguage\":\"de\",\"potentialAction\":[{\"@type\":\"ReadAction\",\"target\":[\"https:\\\/\\\/www.friesehoek.nl\\\/de\\\/liegeplatz-jachthafen-friese-hoek\\\/\"]}]},{\"@type\":\"BreadcrumbList\",\"@id\":\"https:\\\/\\\/www.friesehoek.nl\\\/de\\\/liegeplatz-jachthafen-friese-hoek\\\/#breadcrumb\",\"itemListElement\":[{\"@type\":\"ListItem\",\"position\":1,\"name\":\"Home\",\"item\":\"https:\\\/\\\/www.friesehoek.nl\\\/de\\\/\"},{\"@type\":\"ListItem\",\"position\":2,\"name\":\"Liegeplatz Jachthafen Friese Hoek\"}]},{\"@type\":\"WebSite\",\"@id\":\"https:\\\/\\\/www.friesehoek.nl\\\/de\\\/#website\",\"url\":\"https:\\\/\\\/www.friesehoek.nl\\\/de\\\/\",\"name\":\"Jachthaven Friese Hoek\",\"description\":\"Voel je thuis in Jachthaven Friese Hoek\",\"potentialAction\":[{\"@type\":\"SearchAction\",\"target\":{\"@type\":\"EntryPoint\",\"urlTemplate\":\"https:\\\/\\\/www.friesehoek.nl\\\/de\\\/?s={search_term_string}\"},\"query-input\":{\"@type\":\"PropertyValueSpecification\",\"valueRequired\":true,\"valueName\":\"search_term_string\"}}],\"inLanguage\":\"de\"}]}<\/script>\n<!-- \/ Yoast SEO plugin. -->","yoast_head_json":{"title":"Liegeplatz Jachthafen Friese Hoek | www.friesehoek.nl","description":"Der Jachthafen Friese Hoek ist ein Yachthafen mit ger\u00e4umigen Liegepl\u00e4tzen. Der Hafen liegt direkt am IJsselmeer ganz in der N\u00e4he des Ortes Lemmer.","robots":{"index":"index","follow":"follow","max-snippet":"max-snippet:-1","max-image-preview":"max-image-preview:large","max-video-preview":"max-video-preview:-1"},"canonical":"https:\/\/www.friesehoek.nl\/de\/liegeplatz-jachthafen-friese-hoek\/","og_locale":"de_DE","og_type":"article","og_title":"Liegeplatz Jachthafen Friese Hoek | www.friesehoek.nl","og_description":"Der Jachthafen Friese Hoek ist ein Yachthafen mit ger\u00e4umigen Liegepl\u00e4tzen. Der Hafen liegt direkt am IJsselmeer ganz in der N\u00e4he des Ortes Lemmer.","og_url":"https:\/\/www.friesehoek.nl\/de\/liegeplatz-jachthafen-friese-hoek\/","og_site_name":"Jachthaven Friese Hoek","article_modified_time":"2025-12-03T11:02:36+00:00","twitter_card":"summary_large_image","twitter_misc":{"Gesch\u00e4tzte Lesezeit":"3\u00a0Minuten"},"schema":{"@context":"https:\/\/schema.org","@graph":[{"@type":"WebPage","@id":"https:\/\/www.friesehoek.nl\/de\/liegeplatz-jachthafen-friese-hoek\/","url":"https:\/\/www.friesehoek.nl\/de\/liegeplatz-jachthafen-friese-hoek\/","name":"Liegeplatz Jachthafen Friese Hoek | www.friesehoek.nl","isPartOf":{"@id":"https:\/\/www.friesehoek.nl\/de\/#website"},"datePublished":"2022-12-15T10:25:05+00:00","dateModified":"2025-12-03T11:02:36+00:00","description":"Der Jachthafen Friese Hoek ist ein Yachthafen mit ger\u00e4umigen Liegepl\u00e4tzen. Der Hafen liegt direkt am IJsselmeer ganz in der N\u00e4he des Ortes Lemmer.","breadcrumb":{"@id":"https:\/\/www.friesehoek.nl\/de\/liegeplatz-jachthafen-friese-hoek\/#breadcrumb"},"inLanguage":"de","potentialAction":[{"@type":"ReadAction","target":["https:\/\/www.friesehoek.nl\/de\/liegeplatz-jachthafen-friese-hoek\/"]}]},{"@type":"BreadcrumbList","@id":"https:\/\/www.friesehoek.nl\/de\/liegeplatz-jachthafen-friese-hoek\/#breadcrumb","itemListElement":[{"@type":"ListItem","position":1,"name":"Home","item":"https:\/\/www.friesehoek.nl\/de\/"},{"@type":"ListItem","position":2,"name":"Liegeplatz Jachthafen Friese Hoek"}]},{"@type":"WebSite","@id":"https:\/\/www.friesehoek.nl\/de\/#website","url":"https:\/\/www.friesehoek.nl\/de\/","name":"Jachthaven Friese Hoek","description":"Voel je thuis in Jachthaven Friese Hoek","potentialAction":[{"@type":"SearchAction","target":{"@type":"EntryPoint","urlTemplate":"https:\/\/www.friesehoek.nl\/de\/?s={search_term_string}"},"query-input":{"@type":"PropertyValueSpecification","valueRequired":true,"valueName":"search_term_string"}}],"inLanguage":"de"}]}},"_links":{"self":[{"href":"https:\/\/www.friesehoek.nl\/de\/wp-json\/wp\/v2\/pages\/1772","targetHints":{"allow":["GET"]}}],"collection":[{"href":"https:\/\/www.friesehoek.nl\/de\/wp-json\/wp\/v2\/pages"}],"about":[{"href":"https:\/\/www.friesehoek.nl\/de\/wp-json\/wp\/v2\/types\/page"}],"author":[{"embeddable":true,"href":"https:\/\/www.friesehoek.nl\/de\/wp-json\/wp\/v2\/users\/1"}],"replies":[{"embeddable":true,"href":"https:\/\/www.friesehoek.nl\/de\/wp-json\/wp\/v2\/comments?post=1772"}],"version-history":[{"count":9,"href":"https:\/\/www.friesehoek.nl\/de\/wp-json\/wp\/v2\/pages\/1772\/revisions"}],"predecessor-version":[{"id":6244,"href":"https:\/\/www.friesehoek.nl\/de\/wp-json\/wp\/v2\/pages\/1772\/revisions\/6244"}],"wp:attachment":[{"href":"https:\/\/www.friesehoek.nl\/de\/wp-json\/wp\/v2\/media?parent=1772"}],"curies":[{"name":"wp","href":"https:\/\/api.w.org\/{rel}","templated":true}]}}