{"id":1831,"date":"2022-12-19T14:03:40","date_gmt":"2022-12-19T12:03:40","guid":{"rendered":"https:\/\/www.friesehoek.nl\/yachtservice-refit-2\/"},"modified":"2022-12-21T10:09:02","modified_gmt":"2022-12-21T08:09:02","slug":"yachtservice-refit","status":"publish","type":"page","link":"https:\/\/www.friesehoek.nl\/de\/yachtservice-refit\/","title":{"rendered":"Yachtservice &#038; Refit"},"content":{"rendered":"<div class=\"wpb-content-wrapper\">[vc_row][vc_column width=&#8220;1\/2&#8243;][vc_column_text css=&#8220;.vc_custom_1671451467020{margin-top: 80px !important;}&#8220;]\n<h1>Yachtservice &amp; Refit<\/h1>\n<p class=\"lead\">Alles unter einem Dach!<\/p>\n<p>Die Abteilung Yachtservice &amp; Refit des Jachthafens Friese Hoek verrichtet allerlei Reparaturen an und in Ihrem Boot, sowie den Neubau, die Renovierung und Instandhaltung von Booten.<\/p>\n<p>Der Jachthafen Friese Hoek am IJsselmeer bietet Bootsbesitzern einen einzigartigen Service, dank mehr als 30 Jahren Erfahrung und dem Vorhandensein umfangreicher Hafenlogistik. Sie k\u00f6nnen uns Ihr Boot unbesorgt anvertrauen \u2013 wir k\u00fcmmern uns um den Rest![\/vc_column_text][\/vc_column][vc_column width=&#8220;1\/2&#8243;][vc_gallery images=&#8220;1448,1442,1445,1451&#8243; img_size=&#8220;medium&#8220; columns=&#8220;2&#8243; masonry=&#8220;fitRows&#8220;][\/vc_column][\/vc_row][vc_row full_width=&#8220;stretch_row&#8220; parallax=&#8220;content-moving&#8220; parallax_image=&#8220;1452&#8243; parallax_layers=&#8220;yes&#8220; video_cover=&#8220;3486&#8243; el_class=&#8220;content-padding-mobile-none&#8220;][vc_column el_class=&#8220;text-center white-box content-padding&#8220;][vc_column_text css=&#8220;.vc_custom_1610101005501{padding-bottom: 30px !important;}&#8220;]\n<h2 class=\"text-center\">Yachtservice &amp; Refit<\/h2>\n[\/vc_column_text][vc_row_inner][vc_column_inner width=&#8220;1\/4&#8243;][vc_column_text]\n<h4 class=\"testimonial-title\" style=\"text-align: left;\">Refit<\/h4>\n<p style=\"text-align: left;\">Ein Refit ist ein umfassendes Projekt. Der Jachthafen Friese Hoek verf\u00fcgt \u00fcber eine langj\u00e4hrige Erfahrung, s\u00e4mtliches Know-how und eine gute Planung. Wir legen immer viel Wert auf Qualit\u00e4t. Unsere gut ausgebildeten Mitarbeiter werden regelm\u00e4\u00dfig geschult, damit ihr Fachwissen und ihre Fertigkeiten immer auf dem neuesten Stand sind. W\u00e4hrend des Refit-Prozesses gehen wir auf Ihre W\u00fcnsche ein und halten wir Sie \u00fcber den Fortgang der Arbeiten an Ihrem Boot auf dem Laufenden. Auch haben Sie bei uns einen einzigen Ansprechpartner.<\/p>\n<p style=\"text-align: left;\">Der Jachthafen Friese Hoek arbeitet eng mit den Yachtservice &amp; Refit-Abteilungen der anderen SkipsMaritiem-Niederlassungen zusammen. Deswegen sind wir ein starker und zuverl\u00e4ssiger Partner! Ihr Boot ist bei uns in besten H\u00e4nden.<\/p>\n[\/vc_column_text][\/vc_column_inner][vc_column_inner width=&#8220;1\/4&#8243;][vc_column_text]\n<h4 class=\"testimonial-title\" style=\"text-align: left;\">Yachtservice<\/h4>\n<p style=\"text-align: left;\"><em><strong>Technische Fachbereiche<\/strong><\/em><\/p>\n<ul style=\"text-align: left;\">\n<li style=\"text-align: left;\">Elektrotechnik, elektrotechnische Anlagen;<\/li>\n<li style=\"text-align: left;\">Motorreparaturen\/-\u00fcberholungen;<\/li>\n<li style=\"text-align: left;\">Propeller-\/Schiffswellen, Lenkanlagen, Bugstrahlruder<\/li>\n<li style=\"text-align: left;\">Holzbearbeitung zur Innenausstattung, Teakdecks, St\u00fclpschalung usw.;<\/li>\n<li style=\"text-align: left;\">(Edel-)Stahlverarbeitung;<\/li>\n<li style=\"text-align: left;\">Einbau und Reparatur von Schmutzwassertankanlagen;<\/li>\n<li style=\"text-align: left;\">Anstrich;<\/li>\n<li style=\"text-align: left;\">Reinigen\/Polieren von Schiffen;<\/li>\n<li style=\"text-align: left;\">Antifouling anbringen.<\/li>\n<\/ul>\n[\/vc_column_text][\/vc_column_inner][vc_column_inner width=&#8220;1\/4&#8243;][vc_column_text]\n<h4 class=\"testimonial-title\">SkipsClean<\/h4>\n<p style=\"text-align: left;\"><em><strong>Picobello in Ordnung<\/strong><\/em><\/p>\n<p style=\"text-align: left;\">SkipsClean f\u00fchrt alle Arten von Reinigungsarbeiten f\u00fcr Sie aus \u2013 sowohl im Innen- als auch im Au\u00dfenbereich. Dieser professionelle Reinigungsdienst ist Unterteil von unserem Yachtservice &amp; Refit. Wir informieren Sie gern \u00fcber die verschiedenen Programme\u00a0und M\u00f6glichkeiten.<\/p>\n[\/vc_column_text][\/vc_column_inner][vc_column_inner width=&#8220;1\/4&#8243;][vc_column_text]\n<h4 class=\"testimonial-title\">Winterlagerung<\/h4>\n<p style=\"text-align: left;\"><em><strong>Der Moment f\u00fcr den j\u00e4hrlichen Check<\/strong><\/em><\/p>\n<p style=\"text-align: left;\">Der Jachthafen Friese Hoek bietet Bootsbesitzern eine Winterlagerung am Kai und in der Halle. Auf dem Gel\u00e4nde haben wir in zwei Hallen Platz f\u00fcr 35 Boote mit je maximal 14 Tonnen (mit einer maximalen Durchfahrtsh\u00f6he von 4,80 m) und 7 Boote mit je maximal 5 Tonnen (mit einer maximalen Durchfahrtsh\u00f6he von 3,.80 m). An Wall steht daf\u00fcr der Parkplatz des Jachthafens zur Verf\u00fcgung. Ab unseren Betriebsgeb\u00e4uden hat man einen direkten Blick auf das Gel\u00e4nde.<\/p>\n[\/vc_column_text][\/vc_column_inner][\/vc_row_inner][\/vc_column][\/vc_row][vc_row][vc_column]<h2 class=\"text-center\"><small>Weitere Informationen zu allen Arbeiten unseres Yachtservice &amp; Refit finden Sie auf der \u00fcberkuppelnden Website des Yachtservice &amp; Refit.<\/small>Technische Fachbereiche<\/h2><div class='services-carousel  owl-with-navigation' data-owl='{&quot;items&quot;:4,&quot;nav&quot;:true,&quot;navText&quot;:[&quot;Zur\\u00fcck&quot;,&quot;Weiter&quot;],&quot;loop&quot;:true,&quot;autoplay&quot;:true,&quot;autoplayTimeout&quot;:2000,&quot;autoplayHoverPause&quot;:true,&quot;responsive&quot;:{&quot;0&quot;:{&quot;items&quot;:1,&quot;dots&quot;:false,&quot;nav&quot;:true},&quot;767&quot;:{&quot;items&quot;:4,&quot;dots&quot;:false},&quot;992&quot;:{&quot;items&quot;:4,&quot;dots&quot;:false}}}'><div class=\"item\">\n  <a href=\"https:\/\/www.yachtservicerefit.nl\/motoren-en-voortstuwing\/\" target=\"_blank\" class=\"link-image\" title=\"Motoren &amp; Antrieb\"><img loading=\"lazy\" decoding=\"async\" width=\"450\" height=\"300\" src=\"https:\/\/www.friesehoek.nl\/wp-content\/uploads\/2022\/12\/motoren-voortstuwing-ysr.jpg\" class=\"attachment-large size-large\" alt=\"Motoren en voortstuwing Yachtservice Friese Hoek\" srcset=\"https:\/\/www.friesehoek.nl\/wp-content\/uploads\/2022\/12\/motoren-voortstuwing-ysr.jpg 450w, https:\/\/www.friesehoek.nl\/wp-content\/uploads\/2022\/12\/motoren-voortstuwing-ysr-300x200.jpg 300w\" sizes=\"auto, (max-width: 450px) 100vw, 450px\" \/><\/a>      <div class=\"item-content\">\n      <h4><a href=\"https:\/\/www.yachtservicerefit.nl\/motoren-en-voortstuwing\/\" target=\"_blank\" >Motoren &amp; Antrieb<\/a><\/h4>      <p>Wir sind Motorspezialisten. Bei uns k\u00f6nnen Sie Motoren kaufen, montieren, warten und instandsetzen lassen.<\/p>    <\/div>\n  <\/div>\n<div class=\"item\">\n  <a href=\"https:\/\/www.yachtservicerefit.nl\/elektro-installatietechniek\/\" target=\"_blank\" class=\"link-image\" title=\"Elektro- &amp; Anlagentechnik\"><img loading=\"lazy\" decoding=\"async\" width=\"450\" height=\"300\" src=\"https:\/\/www.friesehoek.nl\/wp-content\/uploads\/2022\/12\/elektro.jpg\" class=\"attachment-large size-large\" alt=\"elektro Yachtservice Friese Hoek\" srcset=\"https:\/\/www.friesehoek.nl\/wp-content\/uploads\/2022\/12\/elektro.jpg 450w, https:\/\/www.friesehoek.nl\/wp-content\/uploads\/2022\/12\/elektro-300x200.jpg 300w\" sizes=\"auto, (max-width: 450px) 100vw, 450px\" \/><\/a>      <div class=\"item-content\">\n      <h4><a href=\"https:\/\/www.yachtservicerefit.nl\/elektro-installatietechniek\/\" target=\"_blank\" >Elektro- &amp; Anlagentechnik<\/a><\/h4>      <p>Navigationsger\u00e4te, Bugstrahlruder, elektrische Winschen, Stromversorgungsanlagen, Klimaanlagen, Wassersysteme und\/oder Einbauger\u00e4te.<\/p>    <\/div>\n  <\/div>\n<div class=\"item\">\n  <a href=\"https:\/\/www.yachtservicerefit.nl\/dek-romp-onderhoud\/\" target=\"_blank\" class=\"link-image\" title=\"Deck, Rumpf &amp; Wartung\"><img loading=\"lazy\" decoding=\"async\" width=\"450\" height=\"300\" src=\"https:\/\/www.friesehoek.nl\/wp-content\/uploads\/2022\/12\/dek-en-romp.jpg\" class=\"attachment-large size-large\" alt=\"Dek en romp Yachtservice Friese Hoek\" srcset=\"https:\/\/www.friesehoek.nl\/wp-content\/uploads\/2022\/12\/dek-en-romp.jpg 450w, https:\/\/www.friesehoek.nl\/wp-content\/uploads\/2022\/12\/dek-en-romp-300x200.jpg 300w\" sizes=\"auto, (max-width: 450px) 100vw, 450px\" \/><\/a>      <div class=\"item-content\">\n      <h4><a href=\"https:\/\/www.yachtservicerefit.nl\/dek-romp-onderhoud\/\" target=\"_blank\" >Deck, Rumpf &amp; Wartung<\/a><\/h4>      <p>Unter diese Abteilung fallen mehrere Bereiche, wie u.a. Teakdecks, Edelstahl, Luken, Malerarbeiten, Wartung und Reinigung, aber auch die gr\u00fcndliche Politur, Reinigung und Konservierung des Rumpfes und des Aufbaus.<\/p>    <\/div>\n  <\/div>\n<div class=\"item\">\n  <a href=\"https:\/\/www.yachtservicerefit.nl\/zeilen-tuigages\/\" target=\"_blank\" class=\"link-image\" title=\"Segel &amp; Takelage\"><img loading=\"lazy\" decoding=\"async\" width=\"450\" height=\"300\" src=\"https:\/\/www.friesehoek.nl\/wp-content\/uploads\/2022\/12\/zeilen-tuigages.jpg\" class=\"attachment-large size-large\" alt=\"Zeilen en tuigages Yachtservice Friese Hoek\" srcset=\"https:\/\/www.friesehoek.nl\/wp-content\/uploads\/2022\/12\/zeilen-tuigages.jpg 450w, https:\/\/www.friesehoek.nl\/wp-content\/uploads\/2022\/12\/zeilen-tuigages-300x200.jpg 300w\" sizes=\"auto, (max-width: 450px) 100vw, 450px\" \/><\/a>      <div class=\"item-content\">\n      <h4><a href=\"https:\/\/www.yachtservicerefit.nl\/zeilen-tuigages\/\" target=\"_blank\" >Segel &amp; Takelage<\/a><\/h4>      <p>Mit Skips Sails verf\u00fcgt SkipsMaritiem \u00fcber eine qualitativ hochwertige, hauseigene Segelmacherei und Taklerei. SkipsSails ist u.a. Vertragsh\u00e4ndler f\u00fcr die renommierten Segelhersteller UK-De Vries Sails, SailSelect, Harken, Lewmar und Selden.<\/p>    <\/div>\n  <\/div>\n<div class=\"item\">\n  <a href=\"https:\/\/www.yachtservicerefit.nl\/interieur\/\" target=\"_blank\" class=\"link-image\" title=\"Innenraum\"><img loading=\"lazy\" decoding=\"async\" width=\"450\" height=\"300\" src=\"https:\/\/www.friesehoek.nl\/wp-content\/uploads\/2022\/12\/interieur.jpg\" class=\"attachment-large size-large\" alt=\"Interieur Yachtservice Friese Hoek\" srcset=\"https:\/\/www.friesehoek.nl\/wp-content\/uploads\/2022\/12\/interieur.jpg 450w, https:\/\/www.friesehoek.nl\/wp-content\/uploads\/2022\/12\/interieur-300x200.jpg 300w\" sizes=\"auto, (max-width: 450px) 100vw, 450px\" \/><\/a>      <div class=\"item-content\">\n      <h4><a href=\"https:\/\/www.yachtservicerefit.nl\/interieur\/\" target=\"_blank\" >Innenraum<\/a><\/h4>      <p>Die Fachkr\u00e4fte, die sich bei Yachtservice &amp; Refit mit dem Innenraum Ihres Schiffes befassen, sind nicht nur kreative Raumgestalter, sondern haben als erfahrene Tischler auch ein sehr gutes Auge f\u00fcrs Detail.<\/p>    <\/div>\n  <\/div>\n<div class=\"item\">\n  <a href=\"https:\/\/www.yachtservicerefit.nl\/schadeherstel\/\" target=\"_blank\" class=\"link-image\" title=\"Schadensbehebung\"><img loading=\"lazy\" decoding=\"async\" width=\"450\" height=\"300\" src=\"https:\/\/www.friesehoek.nl\/wp-content\/uploads\/2022\/12\/schadeherstel.jpg\" class=\"attachment-large size-large\" alt=\"Schade herstel Yachtservice Friese Hoek\" srcset=\"https:\/\/www.friesehoek.nl\/wp-content\/uploads\/2022\/12\/schadeherstel.jpg 450w, https:\/\/www.friesehoek.nl\/wp-content\/uploads\/2022\/12\/schadeherstel-300x200.jpg 300w\" sizes=\"auto, (max-width: 450px) 100vw, 450px\" \/><\/a>      <div class=\"item-content\">\n      <h4><a href=\"https:\/\/www.yachtservicerefit.nl\/schadeherstel\/\" target=\"_blank\" >Schadensbehebung<\/a><\/h4>      <p>Schaden an Polyesterschiffen ist meistens auf eine Kollision oder Grundber\u00fchrung zur\u00fcckzuf\u00fchren. Die Instandsetzung von Sch\u00e4den mit Polyesterharz, Epoxy, Carbon oder Kevlar ist Arbeit f\u00fcr Spezialisten.<\/p>    <\/div>\n  <\/div>\n<\/div>[\/vc_column][\/vc_row][vc_row full_width=&#8220;stretch_row_content_no_spaces&#8220;][vc_column][vc_gmaps link=&#8220;#E-8_JTNDaWZyYW1lJTIwd2lkdGglM0QlMjI2MDAlMjIlMjBoZWlnaHQlM0QlMjI0NTclMjIlMjBpZCUzRCUyMmdtYXBfY2FudmFzJTIyJTIwc3JjJTNEJTIyaHR0cHMlM0ElMkYlMkZtYXBzLmdvb2dsZS5jb20lMkZtYXBzJTNGcSUzRFZ1dXJ0b3JlbndlZyUyNTIwMTklMkMlMjUyMDg1MzElMjUyMEhKJTI1MjBMZW1tZXIlMjZ0JTNEJTI2eiUzRDEzJTI2aWUlM0RVVEY4JTI2aXdsb2MlM0QlMjZvdXRwdXQlM0RlbWJlZCUyMiUyMGZyYW1lYm9yZGVyJTNEJTIyMCUyMiUyMHNjcm9sbGluZyUzRCUyMm5vJTIyJTIwbWFyZ2luaGVpZ2h0JTNEJTIyMCUyMiUyMG1hcmdpbndpZHRoJTNEJTIyMCUyMiUzRSUzQyUyRmlmcmFtZSUzRQ==&#8220;][\/vc_column][\/vc_row][vc_row][vc_column width=&#8220;1\/4&#8243;][vc_column_text]\n<h3>Kontaktdaten<\/h3>\n<p>Haben Sie Fragen oder erhalten Sie gerne ein individuelles Angebot? Kontaktieren Sie einen unserer Spezialisten.<\/p>\n<p>Sie erreichen uns unter der Telefonnummer +31 (0)88 \u2013 05 04 133. Montags bis freitags: 07.30 \u2013 16.00 Uhr (Pause: 09.30 \u2013 10.00\/12.30 \u2013 13.00)<\/p>\n<p>oder per E-Mail:<\/p>\n<p><a title=\"Mail ons\" href=\"mailto:info@friesehoek.nl\" target=\"true\" rel=\"noopener\" type=\"link\">Mail Yachtservice<\/a>[\/vc_column_text][\/vc_column][vc_column width=&#8220;3\/4&#8243;]\n<div class=\"wpcf7 no-js\" id=\"wpcf7-f1824-o1\" lang=\"de-DE\" dir=\"ltr\" data-wpcf7-id=\"1824\">\n<div class=\"screen-reader-response\"><p role=\"status\" aria-live=\"polite\" aria-atomic=\"true\"><\/p> <ul><\/ul><\/div>\n<form action=\"\/de\/wp-json\/wp\/v2\/pages\/1831#wpcf7-f1824-o1\" method=\"post\" class=\"wpcf7-form init\" aria-label=\"Kontaktformular\" novalidate=\"novalidate\" data-status=\"init\">\n<fieldset class=\"hidden-fields-container\"><input type=\"hidden\" name=\"_wpcf7\" value=\"1824\" \/><input type=\"hidden\" name=\"_wpcf7_version\" value=\"6.1.5\" \/><input type=\"hidden\" name=\"_wpcf7_locale\" value=\"de_DE\" \/><input type=\"hidden\" name=\"_wpcf7_unit_tag\" value=\"wpcf7-f1824-o1\" \/><input type=\"hidden\" name=\"_wpcf7_container_post\" value=\"0\" \/><input type=\"hidden\" name=\"_wpcf7_posted_data_hash\" value=\"\" \/>\n<\/fieldset>\n<div class=\"wpcf7-turnstile cf-turnstile\" data-sitekey=\"0x4AAAAAACEgP9oUfQGjegKK\" data-response-field-name=\"_wpcf7_turnstile_response\"><\/div>\n\n<div class=\"row\">\n\t<div class=\"col-lg-6 col-md-12\">\n\t\t<div class=\"row\">\n\t\t\t<div class=\"col-lg-12 col-md-6\">\n\t\t\t\t<p class=\"input-field\"><label for=\"contact-name\"><span class=\"fa fa-user\"><\/span> Name <abbr title=\"required\" class=\"required\">*<\/abbr><\/label><span class=\"wpcf7-form-control-wrap\" data-name=\"your-name\"><input size=\"40\" maxlength=\"400\" class=\"wpcf7-form-control wpcf7-text wpcf7-validates-as-required\" id=\"contact-name\" aria-required=\"true\" aria-invalid=\"false\" placeholder=\"Name\" value=\"\" type=\"text\" name=\"your-name\" \/><\/span>\n\t\t\t\t<\/p>\n\t\t\t\t<p class=\"input-field\"><label for=\"contact-email\"><span class=\"fa fa-envelope\"><\/span> E-Mail<abbr title=\"required\" class=\"required\">*<\/abbr><\/label><span class=\"wpcf7-form-control-wrap\" data-name=\"your-email\"><input size=\"40\" maxlength=\"400\" class=\"wpcf7-form-control wpcf7-email wpcf7-validates-as-required wpcf7-text wpcf7-validates-as-email\" id=\"contact-email\" aria-required=\"true\" aria-invalid=\"false\" placeholder=\"E-Mail\" value=\"\" type=\"email\" name=\"your-email\" \/><\/span>\n\t\t\t\t<\/p>\n\t\t\t\t<p class=\"input-field\"><label for=\"contact-subject\"><span class=\"fa fa-file\"><\/span> Betreff<\/label><span class=\"wpcf7-form-control-wrap\" data-name=\"your-subject\"><input size=\"40\" maxlength=\"400\" class=\"wpcf7-form-control wpcf7-text\" id=\"contact-subject\" aria-invalid=\"false\" placeholder=\"Betreff\" value=\"\" type=\"text\" name=\"your-subject\" \/><\/span>\n\t\t\t\t<\/p>\n\t\t\t<\/div>\n\t\t\t<div class=\"col-lg-12 col-md-6\">\n\t\t\t<\/div>\n\t\t<\/div>\n\t<\/div>\n\t<div class=\"col-lg-6 col-md-12\">\n\t\t<p class=\"textarea-field\"><label for=\"contact-message\"><span class=\"fa fa-edit\"><\/span> Ihre Nachricht<\/label><span class=\"wpcf7-form-control-wrap\" data-name=\"your-message\"><textarea cols=\"40\" rows=\"10\" maxlength=\"2000\" class=\"wpcf7-form-control wpcf7-textarea\" id=\"contact-message\" aria-invalid=\"false\" placeholder=\"Ihre Nachricht\" name=\"your-message\"><\/textarea><\/span>\n\t\t<\/p>\n\t\t<div class=\"row\">\n\t\t\t<div class=\"col-sm-8\">\n\t\t\t<\/div>\n\t\t\t<div class=\"col-sm-4\">\n\t\t\t<\/div>\n\t\t<\/div>\n\t\t<p><input class=\"wpcf7-form-control wpcf7-submit has-spinner\" type=\"submit\" value=\"Best\u00e4tigen\" \/>\n\t\t<\/p>\n\t\t<p>Ihre E-Mail Adresse wird nicht zu Marketingzwecken verwendet.<br \/>\nPflichtfelder sind mit * gekennzeichnet\n\t\t<\/p>\n\t<\/div>\n<\/div><div class=\"wpcf7-response-output\" aria-hidden=\"true\"><\/div>\n<\/form>\n<\/div>\n[\/vc_column][\/vc_row]\n<\/div>","protected":false},"excerpt":{"rendered":"<p>[vc_row][vc_column width=&#8220;1\/2&#8243;][vc_column_text css=&#8220;.vc_custom_1671451467020{margin-top: 80px !important;}&#8220;] Yachtservice &amp; Refit Alles unter einem Dach! Die Abteilung Yachtservice &amp; Refit des Jachthafens Friese [&hellip;]<\/p>\n","protected":false},"author":1,"featured_media":0,"parent":0,"menu_order":0,"comment_status":"closed","ping_status":"closed","template":"","meta":{"footnotes":""},"class_list":["post-1831","page","type-page","status-publish","hentry"],"yoast_head":"<!-- This site is optimized with the Yoast SEO plugin v27.5 - https:\/\/yoast.com\/product\/yoast-seo-wordpress\/ -->\n<title>Yachtservice &amp; Refit Jachthaven Friese Hoek | Friesehoek.nl<\/title>\n<meta name=\"description\" content=\"Die Abteilung Yachtservice &amp; Refit des Jachthafens Friese Hoek verrichtet allerlei Reparaturen an und in Ihrem Boot, sowie den Neubau, die Renovierung und Instandhaltung von Booten.\" \/>\n<meta name=\"robots\" content=\"index, follow, max-snippet:-1, max-image-preview:large, max-video-preview:-1\" \/>\n<link rel=\"canonical\" href=\"https:\/\/www.friesehoek.nl\/de\/yachtservice-refit\/\" \/>\n<meta property=\"og:locale\" content=\"de_DE\" \/>\n<meta property=\"og:type\" content=\"article\" \/>\n<meta property=\"og:title\" content=\"Yachtservice &amp; Refit Jachthaven Friese Hoek | Friesehoek.nl\" \/>\n<meta property=\"og:description\" content=\"Die Abteilung Yachtservice &amp; Refit des Jachthafens Friese Hoek verrichtet allerlei Reparaturen an und in Ihrem Boot, sowie den Neubau, die Renovierung und Instandhaltung von Booten.\" \/>\n<meta property=\"og:url\" content=\"https:\/\/www.friesehoek.nl\/de\/yachtservice-refit\/\" \/>\n<meta property=\"og:site_name\" content=\"Jachthaven Friese Hoek\" \/>\n<meta property=\"article:modified_time\" content=\"2022-12-21T08:09:02+00:00\" \/>\n<meta name=\"twitter:card\" content=\"summary_large_image\" \/>\n<meta name=\"twitter:label1\" content=\"Gesch\u00e4tzte Lesezeit\" \/>\n\t<meta name=\"twitter:data1\" content=\"3\u00a0Minuten\" \/>\n<script type=\"application\/ld+json\" class=\"yoast-schema-graph\">{\"@context\":\"https:\\\/\\\/schema.org\",\"@graph\":[{\"@type\":\"WebPage\",\"@id\":\"https:\\\/\\\/www.friesehoek.nl\\\/de\\\/yachtservice-refit\\\/\",\"url\":\"https:\\\/\\\/www.friesehoek.nl\\\/de\\\/yachtservice-refit\\\/\",\"name\":\"Yachtservice & Refit Jachthaven Friese Hoek | Friesehoek.nl\",\"isPartOf\":{\"@id\":\"https:\\\/\\\/www.friesehoek.nl\\\/de\\\/#website\"},\"datePublished\":\"2022-12-19T12:03:40+00:00\",\"dateModified\":\"2022-12-21T08:09:02+00:00\",\"description\":\"Die Abteilung Yachtservice & Refit des Jachthafens Friese Hoek verrichtet allerlei Reparaturen an und in Ihrem Boot, sowie den Neubau, die Renovierung und Instandhaltung von Booten.\",\"breadcrumb\":{\"@id\":\"https:\\\/\\\/www.friesehoek.nl\\\/de\\\/yachtservice-refit\\\/#breadcrumb\"},\"inLanguage\":\"de\",\"potentialAction\":[{\"@type\":\"ReadAction\",\"target\":[\"https:\\\/\\\/www.friesehoek.nl\\\/de\\\/yachtservice-refit\\\/\"]}]},{\"@type\":\"BreadcrumbList\",\"@id\":\"https:\\\/\\\/www.friesehoek.nl\\\/de\\\/yachtservice-refit\\\/#breadcrumb\",\"itemListElement\":[{\"@type\":\"ListItem\",\"position\":1,\"name\":\"Home\",\"item\":\"https:\\\/\\\/www.friesehoek.nl\\\/de\\\/\"},{\"@type\":\"ListItem\",\"position\":2,\"name\":\"Yachtservice &#038; Refit\"}]},{\"@type\":\"WebSite\",\"@id\":\"https:\\\/\\\/www.friesehoek.nl\\\/de\\\/#website\",\"url\":\"https:\\\/\\\/www.friesehoek.nl\\\/de\\\/\",\"name\":\"Jachthaven Friese Hoek\",\"description\":\"Voel je thuis in Jachthaven Friese Hoek\",\"potentialAction\":[{\"@type\":\"SearchAction\",\"target\":{\"@type\":\"EntryPoint\",\"urlTemplate\":\"https:\\\/\\\/www.friesehoek.nl\\\/de\\\/?s={search_term_string}\"},\"query-input\":{\"@type\":\"PropertyValueSpecification\",\"valueRequired\":true,\"valueName\":\"search_term_string\"}}],\"inLanguage\":\"de\"}]}<\/script>\n<!-- \/ Yoast SEO plugin. -->","yoast_head_json":{"title":"Yachtservice & Refit Jachthaven Friese Hoek | Friesehoek.nl","description":"Die Abteilung Yachtservice & Refit des Jachthafens Friese Hoek verrichtet allerlei Reparaturen an und in Ihrem Boot, sowie den Neubau, die Renovierung und Instandhaltung von Booten.","robots":{"index":"index","follow":"follow","max-snippet":"max-snippet:-1","max-image-preview":"max-image-preview:large","max-video-preview":"max-video-preview:-1"},"canonical":"https:\/\/www.friesehoek.nl\/de\/yachtservice-refit\/","og_locale":"de_DE","og_type":"article","og_title":"Yachtservice & Refit Jachthaven Friese Hoek | Friesehoek.nl","og_description":"Die Abteilung Yachtservice & Refit des Jachthafens Friese Hoek verrichtet allerlei Reparaturen an und in Ihrem Boot, sowie den Neubau, die Renovierung und Instandhaltung von Booten.","og_url":"https:\/\/www.friesehoek.nl\/de\/yachtservice-refit\/","og_site_name":"Jachthaven Friese Hoek","article_modified_time":"2022-12-21T08:09:02+00:00","twitter_card":"summary_large_image","twitter_misc":{"Gesch\u00e4tzte Lesezeit":"3\u00a0Minuten"},"schema":{"@context":"https:\/\/schema.org","@graph":[{"@type":"WebPage","@id":"https:\/\/www.friesehoek.nl\/de\/yachtservice-refit\/","url":"https:\/\/www.friesehoek.nl\/de\/yachtservice-refit\/","name":"Yachtservice & Refit Jachthaven Friese Hoek | Friesehoek.nl","isPartOf":{"@id":"https:\/\/www.friesehoek.nl\/de\/#website"},"datePublished":"2022-12-19T12:03:40+00:00","dateModified":"2022-12-21T08:09:02+00:00","description":"Die Abteilung Yachtservice & Refit des Jachthafens Friese Hoek verrichtet allerlei Reparaturen an und in Ihrem Boot, sowie den Neubau, die Renovierung und Instandhaltung von Booten.","breadcrumb":{"@id":"https:\/\/www.friesehoek.nl\/de\/yachtservice-refit\/#breadcrumb"},"inLanguage":"de","potentialAction":[{"@type":"ReadAction","target":["https:\/\/www.friesehoek.nl\/de\/yachtservice-refit\/"]}]},{"@type":"BreadcrumbList","@id":"https:\/\/www.friesehoek.nl\/de\/yachtservice-refit\/#breadcrumb","itemListElement":[{"@type":"ListItem","position":1,"name":"Home","item":"https:\/\/www.friesehoek.nl\/de\/"},{"@type":"ListItem","position":2,"name":"Yachtservice &#038; Refit"}]},{"@type":"WebSite","@id":"https:\/\/www.friesehoek.nl\/de\/#website","url":"https:\/\/www.friesehoek.nl\/de\/","name":"Jachthaven Friese Hoek","description":"Voel je thuis in Jachthaven Friese Hoek","potentialAction":[{"@type":"SearchAction","target":{"@type":"EntryPoint","urlTemplate":"https:\/\/www.friesehoek.nl\/de\/?s={search_term_string}"},"query-input":{"@type":"PropertyValueSpecification","valueRequired":true,"valueName":"search_term_string"}}],"inLanguage":"de"}]}},"_links":{"self":[{"href":"https:\/\/www.friesehoek.nl\/de\/wp-json\/wp\/v2\/pages\/1831","targetHints":{"allow":["GET"]}}],"collection":[{"href":"https:\/\/www.friesehoek.nl\/de\/wp-json\/wp\/v2\/pages"}],"about":[{"href":"https:\/\/www.friesehoek.nl\/de\/wp-json\/wp\/v2\/types\/page"}],"author":[{"embeddable":true,"href":"https:\/\/www.friesehoek.nl\/de\/wp-json\/wp\/v2\/users\/1"}],"replies":[{"embeddable":true,"href":"https:\/\/www.friesehoek.nl\/de\/wp-json\/wp\/v2\/comments?post=1831"}],"version-history":[{"count":9,"href":"https:\/\/www.friesehoek.nl\/de\/wp-json\/wp\/v2\/pages\/1831\/revisions"}],"predecessor-version":[{"id":1999,"href":"https:\/\/www.friesehoek.nl\/de\/wp-json\/wp\/v2\/pages\/1831\/revisions\/1999"}],"wp:attachment":[{"href":"https:\/\/www.friesehoek.nl\/de\/wp-json\/wp\/v2\/media?parent=1831"}],"curies":[{"name":"wp","href":"https:\/\/api.w.org\/{rel}","templated":true}]}}