{"id":1902,"date":"2022-12-19T16:53:02","date_gmt":"2022-12-19T14:53:02","guid":{"rendered":"https:\/\/www.friesehoek.nl\/winterberging-bij-friese-hoek\/"},"modified":"2025-07-02T14:26:16","modified_gmt":"2025-07-02T12:26:16","slug":"winterlagerung-in-der-friese-hoek","status":"publish","type":"page","link":"https:\/\/www.friesehoek.nl\/de\/winterlagerung-in-der-friese-hoek\/","title":{"rendered":"Winterlagerung in der Friese Hoek"},"content":{"rendered":"<div class=\"wpb-content-wrapper\">[vc_row][vc_column width=&#8220;1\/2&#8243;][vc_single_image image=&#8220;1426&#8243; img_size=&#8220;full&#8220; style=&#8220;vc_box_rounded&#8220;][\/vc_column][vc_column width=&#8220;1\/2&#8243; css=&#8220;.vc_custom_1636023827754{padding-top: 20px !important;}&#8220;][vc_column_text css=&#8220;.vc_custom_1671519499228{padding-top: 0px !important;padding-right: 10px !important;padding-bottom: 10px !important;padding-left: 10px !important;}&#8220;]\n<h2>Winterlagerung in der Friese Hoek<\/h2>\n<p>Der Jachthafen Friese Hoek bietet Bootsbesitzern eine Winterlagerung am Kai und in der Halle. Auf dem Gel\u00e4nde haben wir in zwei Hallen Platz f\u00fcr 35 Boote mit je maximal 14 Tonnen (mit einer maximalen Durchfahrtsh\u00f6he von 4,80 m) und 7 Boote mit je maximal 5 Tonnen (mit einer maximalen Durchfahrtsh\u00f6he von 3,.80 m). An Wall steht daf\u00fcr der Parkplatz des Jachthafens zur Verf\u00fcgung. Ab unseren Betriebsgeb\u00e4uden hat man einen direkten Blick auf das Gel\u00e4nde.[\/vc_column_text][vc_column_text css=&#8220;.vc_custom_1751459134883{padding-top: 0px !important;padding-right: 10px !important;padding-bottom: 10px !important;padding-left: 10px !important;}&#8220;]<a class=\"btn btn-secundary\" href=\"\/wp-content\/uploads\/2025\/07\/A-Prijslijst-WB_FH-2025-2026-DU-DEF.pdf\" target=\"_blank\" rel=\"noopener\">Preisliste herunterladen<\/a>[\/vc_column_text][vc_column_text css=&#8220;.vc_custom_1751459156820{padding-top: 0px !important;padding-right: 10px !important;padding-bottom: 10px !important;padding-left: 10px !important;}&#8220;]<a class=\"btn btn-secundary\" href=\"https:\/\/www.friesehoek.nl\/wp-content\/uploads\/2025\/07\/C-Winterbergingsovereenkomst-FH-DU-2025-2026-DEF.pdf\" target=\"_blank\" rel=\"noopener\">Mietvertrag Winterlager herunterladen<\/a>[\/vc_column_text][\/vc_column][vc_column][vc_empty_space height=&#8220;84px&#8220;][vc_row_inner equal_height=&#8220;yes&#8220; content_placement=&#8220;middle&#8220;][vc_column_inner width=&#8220;1\/2&#8243;][vc_column_text css=&#8220;.vc_custom_1671520102880{padding-top: 10px !important;}&#8220;]\n<h2>Yachtservice &amp; Refit w\u00e4hrend der Winterlagerung<\/h2>\n<p>Eine Winterlagerung beim Jachthafen Friese Hoek bedeutet mehr, als ein Boot an Land zu lagern und im Fr\u00fchjahr wieder zu Wasser zu lassen. Im Winter nutzen wir gerne die Zeit f\u00fcr Wartungsarbeiten, damit Ihr Boot in der neuen Wassersportsaison wieder in einem einwandfreien Zustand ist. Qualit\u00e4t wird bei uns gro\u00dfgeschrieben.<\/p>\n<p>Beim Transport wird jedes Risiko vermieden Um unn\u00f6tig hohen Druck auf den Rumpf zu vermeiden, benutzen wir unter anderem sehr solide Spezialbl\u00f6cke. F\u00fcr gro\u00dfe Boote setzen wir Spezialbl\u00f6cke und einen hydraulischen Bootswagen mit einer Kapazit\u00e4t bis zu 70 Tonnen ein. Der Wagen korrigiert die Druckverteilung auf den Rumpf.[\/vc_column_text][\/vc_column_inner][vc_column_inner width=&#8220;1\/2&#8243;][vc_single_image image=&#8220;1414&#8243; img_size=&#8220;full&#8220; alignment=&#8220;right&#8220; style=&#8220;vc_box_rounded&#8220;][\/vc_column_inner][\/vc_row_inner][\/vc_column][\/vc_row][vc_row][vc_column][vc_empty_space height=&#8220;84px&#8220;][\/vc_column][vc_column width=&#8220;1\/2&#8243;][vc_single_image image=&#8220;1417&#8243; img_size=&#8220;full&#8220; style=&#8220;vc_box_rounded&#8220;][\/vc_column][vc_column width=&#8220;1\/2&#8243;][vc_column_text css=&#8220;.vc_custom_1671520117683{padding-top: 0px !important;padding-right: 10px !important;padding-bottom: 10px !important;padding-left: 10px !important;}&#8220;]\n<h2>Kontrollen<\/h2>\n<p>Es ist wichtig, dass Ihre Rettungswesten, Rettungsfl\u00f6\u00dfe und Feuerl\u00f6scher regelm\u00e4\u00dfig \u00fcberpr\u00fcft werden. Im Schnitt ist dies alle drei Jahre notwendig. Der Jachthafen Friese Hoek erledigt das gerne f\u00fcr Sie! Daf\u00fcr arbeiten wir mit zertifizierten Pr\u00fcfstellen zusammen. So wird Ihr Material garantiert fachgerecht gepr\u00fcft.<\/p>\n<p>Sie k\u00f6nnen die zu kontrollierenden Sicherheitsprodukte am Ende der Fahrsaison bei uns abgeben. Wir k\u00fcmmern uns darum, dass Ihre Sicherheitsprodukte rechtzeitig vor Beginn der neuen Saison gepr\u00fcft sind.<\/p>\n<p>Kurz zusammengefasst: Muss Ihr Flo\u00df, Ihre Weste oder Ihr Feuerl\u00f6scher gepr\u00fcft werden? Geben Sie die Sachen bei uns ab und wir erledigen den Rest.[\/vc_column_text][\/vc_column][\/vc_row][vc_row][vc_column][vc_empty_space height=&#8220;84px&#8220;][\/vc_column][vc_column width=&#8220;1\/2&#8243;][vc_single_image image=&#8220;1627&#8243; img_size=&#8220;full&#8220; style=&#8220;vc_box_rounded&#8220;][\/vc_column][vc_column width=&#8220;1\/2&#8243;][vc_column_text css=&#8220;.vc_custom_1721218642838{padding-top: 0px !important;padding-right: 10px !important;padding-bottom: 10px !important;padding-left: 10px !important;}&#8220;]\n<h2>\u00d6ffnungszeiten Hallen<\/h2>\n<ul>\n<li>Bis einschl. den 13. Oktober: t\u00e4glich von 8.00 Uhr bis 16.00 Uhr<\/li>\n<li>Ab den 14. Oktober und November: montags bis freitags von 8.00 Uhr bis 16.00 Uhr<\/li>\n<li>Dezember: bis zum 20. Dezember montags bis freitags von 8.00 Uhr bis 16.00 Uhr, geschlossen ab dem 21. Dezember 2024 bis einschl. 5. Januar 2025<\/li>\n<li>Januar (ab den 6.), Februar bis einschl. den 14. M\u00e4rz: montags bis freitags von 8.00 Uhr bis 16.00 Uhr<\/li>\n<li>Ab den 15. M\u00e4rz 2025: t\u00e4glich von 8.00 Uhr bis 16.00 Uhr<span style=\"font-size: 1.6rem;\">\u00a0<\/span><\/li>\n<\/ul>\n[\/vc_column_text][\/vc_column][\/vc_row][vc_row][vc_column width=&#8220;1\/2&#8243;][vc_cta h2=&#8220;&#8220; h4=&#8220;Preisliste Winterlagerung&#8220; txt_align=&#8220;center&#8220; add_button=&#8220;bottom&#8220; btn_title=&#8220;Herunterladen&#8220; btn_style=&#8220;outline-custom&#8220; btn_outline_custom_color=&#8220;#201f72&#8243; btn_outline_custom_hover_background=&#8220;#ff5500&#8243; btn_outline_custom_hover_text=&#8220;#ffffff&#8220; btn_align=&#8220;center&#8220; btn_i_icon_fontawesome=&#8220;fas fa-download&#8220; btn_add_icon=&#8220;true&#8220; btn_link=&#8220;url:%2Fwp-content%2Fuploads%2F2025%2F07%2FA-Prijslijst-WB_FH-2025-2026-DU-DEF.pdf|target:_blank&#8220;][\/vc_cta][\/vc_column][vc_column width=&#8220;1\/2&#8243;][vc_cta h2=&#8220;&#8220; h4=&#8220;Mietvertrag Winterlager&#8220; txt_align=&#8220;center&#8220; add_button=&#8220;bottom&#8220; btn_title=&#8220;Herunterladen&#8220; btn_style=&#8220;outline-custom&#8220; btn_outline_custom_color=&#8220;#201f72&#8243; btn_outline_custom_hover_background=&#8220;#ff5500&#8243; btn_outline_custom_hover_text=&#8220;#ffffff&#8220; btn_align=&#8220;center&#8220; btn_i_icon_fontawesome=&#8220;fas fa-download&#8220; css=&#8220;&#8220; btn_add_icon=&#8220;true&#8220; btn_link=&#8220;url:%2Fwp-content%2Fuploads%2F2025%2F07%2FC-Winterbergingsovereenkomst-FH-DU-2025-2026-DEF.pdf|target:_blank&#8220;][\/vc_cta][\/vc_column][\/vc_row][vc_row][vc_column][vc_column_text][vc_cta_button call_text=&#8220;Reservieren Sie sofort oder rufen Sie uns an&#8220; title=&#8220;Hinterlassen Sie Ihre Daten.&#8220; size=&#8220;btn-large&#8220; position=&#8220;cta_align_bottom&#8220; href=&#8220;\/de\/anmeldung-winterlagerung\/&#8220;][\/vc_column_text][\/vc_column][\/vc_row]\n<\/div>","protected":false},"excerpt":{"rendered":"<p>[vc_row][vc_column width=&#8220;1\/2&#8243;][vc_single_image image=&#8220;1426&#8243; img_size=&#8220;full&#8220; style=&#8220;vc_box_rounded&#8220;][\/vc_column][vc_column width=&#8220;1\/2&#8243; css=&#8220;.vc_custom_1636023827754{padding-top: 20px !important;}&#8220;][vc_column_text css=&#8220;.vc_custom_1671519499228{padding-top: 0px !important;padding-right: 10px !important;padding-bottom: 10px !important;padding-left: 10px !important;}&#8220;] Winterlagerung in [&hellip;]<\/p>\n","protected":false},"author":1,"featured_media":0,"parent":0,"menu_order":0,"comment_status":"closed","ping_status":"closed","template":"","meta":{"footnotes":""},"class_list":["post-1902","page","type-page","status-publish","hentry"],"yoast_head":"<!-- This site is optimized with the Yoast SEO plugin v27.4 - https:\/\/yoast.com\/product\/yoast-seo-wordpress\/ -->\n<title>Winterlagerung in der Jachthaven Friese Hoek | www.friesehoek.nl<\/title>\n<meta name=\"description\" content=\"Eine Winterlagerung beim Jachthafen Friese Hoek bedeutet mehr, als ein Boot an Land zu lagern und im Fr\u00fchjahr wieder zu Wasser zu lassen.\" \/>\n<meta name=\"robots\" content=\"index, follow, max-snippet:-1, max-image-preview:large, max-video-preview:-1\" \/>\n<link rel=\"canonical\" href=\"https:\/\/www.friesehoek.nl\/de\/winterlagerung-in-der-friese-hoek\/\" \/>\n<meta property=\"og:locale\" content=\"de_DE\" \/>\n<meta property=\"og:type\" content=\"article\" \/>\n<meta property=\"og:title\" content=\"Winterlagerung in der Jachthaven Friese Hoek | www.friesehoek.nl\" \/>\n<meta property=\"og:description\" content=\"Eine Winterlagerung beim Jachthafen Friese Hoek bedeutet mehr, als ein Boot an Land zu lagern und im Fr\u00fchjahr wieder zu Wasser zu lassen.\" \/>\n<meta property=\"og:url\" content=\"https:\/\/www.friesehoek.nl\/de\/winterlagerung-in-der-friese-hoek\/\" \/>\n<meta property=\"og:site_name\" content=\"Jachthaven Friese Hoek\" \/>\n<meta property=\"article:modified_time\" content=\"2025-07-02T12:26:16+00:00\" \/>\n<meta name=\"twitter:card\" content=\"summary_large_image\" \/>\n<meta name=\"twitter:label1\" content=\"Gesch\u00e4tzte Lesezeit\" \/>\n\t<meta name=\"twitter:data1\" content=\"4\u00a0Minuten\" \/>\n<script type=\"application\/ld+json\" class=\"yoast-schema-graph\">{\"@context\":\"https:\\\/\\\/schema.org\",\"@graph\":[{\"@type\":\"WebPage\",\"@id\":\"https:\\\/\\\/www.friesehoek.nl\\\/de\\\/winterlagerung-in-der-friese-hoek\\\/\",\"url\":\"https:\\\/\\\/www.friesehoek.nl\\\/de\\\/winterlagerung-in-der-friese-hoek\\\/\",\"name\":\"Winterlagerung in der Jachthaven Friese Hoek | www.friesehoek.nl\",\"isPartOf\":{\"@id\":\"https:\\\/\\\/www.friesehoek.nl\\\/de\\\/#website\"},\"datePublished\":\"2022-12-19T14:53:02+00:00\",\"dateModified\":\"2025-07-02T12:26:16+00:00\",\"description\":\"Eine Winterlagerung beim Jachthafen Friese Hoek bedeutet mehr, als ein Boot an Land zu lagern und im Fr\u00fchjahr wieder zu Wasser zu lassen.\",\"breadcrumb\":{\"@id\":\"https:\\\/\\\/www.friesehoek.nl\\\/de\\\/winterlagerung-in-der-friese-hoek\\\/#breadcrumb\"},\"inLanguage\":\"de\",\"potentialAction\":[{\"@type\":\"ReadAction\",\"target\":[\"https:\\\/\\\/www.friesehoek.nl\\\/de\\\/winterlagerung-in-der-friese-hoek\\\/\"]}]},{\"@type\":\"BreadcrumbList\",\"@id\":\"https:\\\/\\\/www.friesehoek.nl\\\/de\\\/winterlagerung-in-der-friese-hoek\\\/#breadcrumb\",\"itemListElement\":[{\"@type\":\"ListItem\",\"position\":1,\"name\":\"Home\",\"item\":\"https:\\\/\\\/www.friesehoek.nl\\\/de\\\/\"},{\"@type\":\"ListItem\",\"position\":2,\"name\":\"Winterlagerung in der Friese Hoek\"}]},{\"@type\":\"WebSite\",\"@id\":\"https:\\\/\\\/www.friesehoek.nl\\\/de\\\/#website\",\"url\":\"https:\\\/\\\/www.friesehoek.nl\\\/de\\\/\",\"name\":\"Jachthaven Friese Hoek\",\"description\":\"Voel je thuis in Jachthaven Friese Hoek\",\"potentialAction\":[{\"@type\":\"SearchAction\",\"target\":{\"@type\":\"EntryPoint\",\"urlTemplate\":\"https:\\\/\\\/www.friesehoek.nl\\\/de\\\/?s={search_term_string}\"},\"query-input\":{\"@type\":\"PropertyValueSpecification\",\"valueRequired\":true,\"valueName\":\"search_term_string\"}}],\"inLanguage\":\"de\"}]}<\/script>\n<!-- \/ Yoast SEO plugin. -->","yoast_head_json":{"title":"Winterlagerung in der Jachthaven Friese Hoek | www.friesehoek.nl","description":"Eine Winterlagerung beim Jachthafen Friese Hoek bedeutet mehr, als ein Boot an Land zu lagern und im Fr\u00fchjahr wieder zu Wasser zu lassen.","robots":{"index":"index","follow":"follow","max-snippet":"max-snippet:-1","max-image-preview":"max-image-preview:large","max-video-preview":"max-video-preview:-1"},"canonical":"https:\/\/www.friesehoek.nl\/de\/winterlagerung-in-der-friese-hoek\/","og_locale":"de_DE","og_type":"article","og_title":"Winterlagerung in der Jachthaven Friese Hoek | www.friesehoek.nl","og_description":"Eine Winterlagerung beim Jachthafen Friese Hoek bedeutet mehr, als ein Boot an Land zu lagern und im Fr\u00fchjahr wieder zu Wasser zu lassen.","og_url":"https:\/\/www.friesehoek.nl\/de\/winterlagerung-in-der-friese-hoek\/","og_site_name":"Jachthaven Friese Hoek","article_modified_time":"2025-07-02T12:26:16+00:00","twitter_card":"summary_large_image","twitter_misc":{"Gesch\u00e4tzte Lesezeit":"4\u00a0Minuten"},"schema":{"@context":"https:\/\/schema.org","@graph":[{"@type":"WebPage","@id":"https:\/\/www.friesehoek.nl\/de\/winterlagerung-in-der-friese-hoek\/","url":"https:\/\/www.friesehoek.nl\/de\/winterlagerung-in-der-friese-hoek\/","name":"Winterlagerung in der Jachthaven Friese Hoek | www.friesehoek.nl","isPartOf":{"@id":"https:\/\/www.friesehoek.nl\/de\/#website"},"datePublished":"2022-12-19T14:53:02+00:00","dateModified":"2025-07-02T12:26:16+00:00","description":"Eine Winterlagerung beim Jachthafen Friese Hoek bedeutet mehr, als ein Boot an Land zu lagern und im Fr\u00fchjahr wieder zu Wasser zu lassen.","breadcrumb":{"@id":"https:\/\/www.friesehoek.nl\/de\/winterlagerung-in-der-friese-hoek\/#breadcrumb"},"inLanguage":"de","potentialAction":[{"@type":"ReadAction","target":["https:\/\/www.friesehoek.nl\/de\/winterlagerung-in-der-friese-hoek\/"]}]},{"@type":"BreadcrumbList","@id":"https:\/\/www.friesehoek.nl\/de\/winterlagerung-in-der-friese-hoek\/#breadcrumb","itemListElement":[{"@type":"ListItem","position":1,"name":"Home","item":"https:\/\/www.friesehoek.nl\/de\/"},{"@type":"ListItem","position":2,"name":"Winterlagerung in der Friese Hoek"}]},{"@type":"WebSite","@id":"https:\/\/www.friesehoek.nl\/de\/#website","url":"https:\/\/www.friesehoek.nl\/de\/","name":"Jachthaven Friese Hoek","description":"Voel je thuis in Jachthaven Friese Hoek","potentialAction":[{"@type":"SearchAction","target":{"@type":"EntryPoint","urlTemplate":"https:\/\/www.friesehoek.nl\/de\/?s={search_term_string}"},"query-input":{"@type":"PropertyValueSpecification","valueRequired":true,"valueName":"search_term_string"}}],"inLanguage":"de"}]}},"_links":{"self":[{"href":"https:\/\/www.friesehoek.nl\/de\/wp-json\/wp\/v2\/pages\/1902","targetHints":{"allow":["GET"]}}],"collection":[{"href":"https:\/\/www.friesehoek.nl\/de\/wp-json\/wp\/v2\/pages"}],"about":[{"href":"https:\/\/www.friesehoek.nl\/de\/wp-json\/wp\/v2\/types\/page"}],"author":[{"embeddable":true,"href":"https:\/\/www.friesehoek.nl\/de\/wp-json\/wp\/v2\/users\/1"}],"replies":[{"embeddable":true,"href":"https:\/\/www.friesehoek.nl\/de\/wp-json\/wp\/v2\/comments?post=1902"}],"version-history":[{"count":10,"href":"https:\/\/www.friesehoek.nl\/de\/wp-json\/wp\/v2\/pages\/1902\/revisions"}],"predecessor-version":[{"id":4864,"href":"https:\/\/www.friesehoek.nl\/de\/wp-json\/wp\/v2\/pages\/1902\/revisions\/4864"}],"wp:attachment":[{"href":"https:\/\/www.friesehoek.nl\/de\/wp-json\/wp\/v2\/media?parent=1902"}],"curies":[{"name":"wp","href":"https:\/\/api.w.org\/{rel}","templated":true}]}}