{"id":470,"date":"2019-03-19T16:52:54","date_gmt":"2019-03-19T16:52:54","guid":{"rendered":"http:\/\/friesehoek.watersportoutdoorshop.nl\/home\/"},"modified":"2022-12-21T10:02:09","modified_gmt":"2022-12-21T08:02:09","slug":"jachthafen-friese-hoek","status":"publish","type":"page","link":"https:\/\/www.friesehoek.nl\/de\/","title":{"rendered":"Home"},"content":{"rendered":"<div class=\"wpb-content-wrapper\">[vc_row css=&#8220;.vc_custom_1644922605673{margin-bottom: -60px !important;}&#8220;][vc_column][vc_row_inner][vc_column_inner][vc_column_text]\n<h1 style=\"text-align: center;\">Willkommen im Jachthafen Friese Hoek<\/h1>\n[\/vc_column_text][\/vc_column_inner][\/vc_row_inner][\/vc_column][\/vc_row][vc_row][vc_column width=&#8220;1\/2&#8243; css=&#8220;.vc_custom_1534755300437{padding-top: 40px !important;}&#8220;][vc_column_text]\n<p style=\"text-align: left;\">Der Jachthafen Friese Hoek in Lemmer liegt direkt am IJsselmeer. Von hier aus sind die friesischen Binnengew\u00e4sser durch die historische \u201eLemster-Schleuse\u201c gut mit dem Boot zu erreichen. Ein wunderbarer Ort f\u00fcr einen unvergesslichen Aufenthalt. Genie\u00dfen Sie hier die Ruhe und Weite der friesischen Landschaft, aber auch lebendige D\u00f6rfer und St\u00e4dtchen wie Heeg und Sneek. Lemmer ist auch der ideale Ausgangspunkt f\u00fcr einen Abstecher zu den Inseln im Wattenmeer oder f\u00fcr einen Tagesausflug nach Enkhuizen oder Medemblik.<\/p>\n<p style=\"text-align: left;\">Mit einem gem\u00fctlichen Caf\u00e9-Restaurant, einem Wassersportgesch\u00e4ft, ausreichend Parkpl\u00e4tzen, hervorragenden M\u00f6glichkeiten zur Winterlagerung und einer gut ausgestatteten Yachtservice &amp; Refit-Abteilung ist der Jachthafen Friese Hoek ein Hafen, in dem sich jeder Wassersportler heimisch f\u00fchlt.<\/p>\n[\/vc_column_text][\/vc_column][vc_column width=&#8220;1\/2&#8243;][vc_images_carousel images=&#8220;1354,45,42,39,36&#8243; onclick=&#8220;link_no&#8220; wrap=&#8220;yes&#8220; css_animation=&#8220;fadeInUp&#8220; css=&#8220;.vc_custom_1670312440275{border-radius: 10px !important;}&#8220;][\/vc_column][\/vc_row][vc_row full_width=&#8220;stretch_row&#8220; parallax=&#8220;content-moving&#8220; parallax_image=&#8220;1365&#8243; parallax_layers=&#8220;yes&#8220; style_images=&#8220;yes&#8220; css=&#8220;.vc_custom_1670312925849{background-position: center;background-repeat: no-repeat !important;background-size: cover !important;}&#8220; parallax_offset=&#8220;150&#8243; layer_1=&#8220;117&#8243; layer_2=&#8220;1358&#8243; layer_3=&#8220;1361&#8243; layer_1_ratio=&#8220;1.25123&#8243; layer_2_ratio=&#8220;0.94456456&#8243; layer_3_ratio=&#8220;1.111111&#8243; layer_1_vertical=&#8220;top: 0%&#8220; layer_1_horizontal=&#8220;left: 12%&#8220; layer_2_vertical=&#8220;top: 30%&#8220; layer_2_horizontal=&#8220;left: 14%&#8220; layer_3_vertical=&#8220;top: 60%&#8220; layer_3_horizontal=&#8220;left: 19%&#8220; layer_1_z=&#8220;0&#8243; layer_2_z=&#8220;0&#8243; layer_3_z=&#8220;2&#8243; el_class=&#8220;content-padding-xxl&#8220;][vc_column width=&#8220;1\/2&#8243; offset=&#8220;vc_col-sm-offset-6&#8243;][vc_column_text]\n<h2>Sorglos \u00fcber den Winter<\/h2>\n<p>Lassen Sie Ihr Schiff sicher in einer unserer Hallen oder Land \u00fcberwintern.<br \/>\nBuchen Sie hier das Winterlager 2022\/2023<\/p>\n<p><a class=\"btn btn-secundary\" href=\"\/de\/winterlagerung-in-der-friese-hoek\/\">Lesen Sie weiter<\/a>[\/vc_column_text][vc_column_text]\n<h2>Ihr Liegeplatz in einem der besten H\u00e4fen<\/h2>\n<p>Sind Sie auf der Suche nach einem Liegeplatz f\u00fcr Ihr Schiff in einem Yachthafen direkt oder in der N\u00e4he des IJsselmeer und der Friesischen Seen?<\/p>\n<p><a class=\"btn btn-secundary\" href=\"\/de\/liegeplatz-jachthafen-friese-hoek\/\">Lesen Sie weiter<\/a>[\/vc_column_text][\/vc_column][\/vc_row][vc_row][vc_column][vc_row_inner][vc_column_inner css=&#8220;.vc_custom_1609921096977{margin-bottom: 60px !important;}&#8220;][vc_column_text]\n<h1 style=\"text-align: center;\"><small>Was k\u00f6nnen Sie bei uns erwarten?<\/small>Einrichtungen &amp; Unterk\u00fcnfte im Hafen<\/h1>\n[\/vc_column_text][\/vc_column_inner][\/vc_row_inner][vc_row_inner][vc_column_inner width=&#8220;1\/5&#8243;][\/vc_column_inner][vc_column_inner width=&#8220;3\/5&#8243;][vc_column_text]\n<p style=\"text-align: center;\">Der Jachthafen Friese Hoek bietet s\u00e4mtlichen notwendigen Komfort \u00fcbersichtlich an einem Ort. Zentral im Hafen finden Sie das Hafenb\u00fcro, das Wassersportgesch\u00e4ft, das Caf\u00e9-Restaurant \u201eSkipperslounge\u201c, den Waschsalon und den Sanit\u00e4rbereich. Im Wassersportgesch\u00e4ft sind Sie f\u00fcr Bootszubeh\u00f6r und Segelkleidung an der richtigen Adresse. In der Skipperslounge bieten wir unseren G\u00e4sten einen Fr\u00fchst\u00fccksservice mit frischen Br\u00f6tchen, einen Mittagstisch oder ein Abendessen. M\u00f6chten Sie den Ort Lemmer und Umgebung erkunden? Im Hafenb\u00fcro k\u00f6nnen Sie Fahrr\u00e4der mieten Unser Hafenmeister informiert Sie gerne \u00fcber alle M\u00f6glichkeiten im Hafen und in der Umgebung<\/p>\n[\/vc_column_text][\/vc_column_inner][vc_column_inner width=&#8220;1\/5&#8243;][\/vc_column_inner][\/vc_row_inner][\/vc_column][\/vc_row][vc_row css=&#8220;.vc_custom_1594639896541{margin-top: 60px !important;margin-bottom: 60px !important;}&#8220;][vc_column]<h2 class=\"text-center\">Was finden Sie so alles bei uns?<\/h2><div class='services-carousel  owl-with-navigation' data-owl='{&quot;items&quot;:4,&quot;nav&quot;:true,&quot;navText&quot;:[&quot;Zur\\u00fcck&quot;,&quot;Weiter&quot;],&quot;loop&quot;:true,&quot;autoplay&quot;:true,&quot;autoplayTimeout&quot;:2000,&quot;autoplayHoverPause&quot;:true,&quot;responsive&quot;:{&quot;0&quot;:{&quot;items&quot;:1,&quot;dots&quot;:true,&quot;nav&quot;:true},&quot;767&quot;:{&quot;items&quot;:4,&quot;dots&quot;:true},&quot;992&quot;:{&quot;items&quot;:4,&quot;dots&quot;:true}}}'><div class=\"item\">\n  <a href=\"\/de\/winterlagerung-in-der-friese-hoek\/\" target=\"_self\" class=\"link-image\" title=\"Winterlagerung\"><img loading=\"lazy\" decoding=\"async\" width=\"450\" height=\"300\" src=\"https:\/\/www.friesehoek.nl\/wp-content\/uploads\/2022\/12\/winterberging-friese-hoek.jpg\" class=\"attachment-large size-large\" alt=\"Winterberging Friese Hoek\" srcset=\"https:\/\/www.friesehoek.nl\/wp-content\/uploads\/2022\/12\/winterberging-friese-hoek.jpg 450w, https:\/\/www.friesehoek.nl\/wp-content\/uploads\/2022\/12\/winterberging-friese-hoek-300x200.jpg 300w\" sizes=\"auto, (max-width: 450px) 100vw, 450px\" \/><\/a>      <div class=\"item-content\">\n      <h4><a href=\"\/de\/winterlagerung-in-der-friese-hoek\/\" target=\"_self\" >Winterlagerung<\/a><\/h4>      <p>Der ideale Moment f\u00fcr die j\u00e4hrlichen Checks.<\/p>    <\/div>\n  <\/div>\n<div class=\"item\">\n  <a href=\"\/de\/liegeplatz-jachthafen-friese-hoek\/\" target=\"_self\" class=\"link-image\" title=\"Liegepl\u00e4tze\"><img loading=\"lazy\" decoding=\"async\" width=\"450\" height=\"300\" src=\"https:\/\/www.friesehoek.nl\/wp-content\/uploads\/2022\/12\/friese-hoek-ligplaatsen.jpg\" class=\"attachment-large size-large\" alt=\"Friese Hoek ligplaats\" srcset=\"https:\/\/www.friesehoek.nl\/wp-content\/uploads\/2022\/12\/friese-hoek-ligplaatsen.jpg 450w, https:\/\/www.friesehoek.nl\/wp-content\/uploads\/2022\/12\/friese-hoek-ligplaatsen-300x200.jpg 300w\" sizes=\"auto, (max-width: 450px) 100vw, 450px\" \/><\/a>      <div class=\"item-content\">\n      <h4><a href=\"\/de\/liegeplatz-jachthafen-friese-hoek\/\" target=\"_self\" >Liegepl\u00e4tze<\/a><\/h4>      <p>Der Hafen liegt direkt am IJsselmeer ganz in der N\u00e4he des Ortes Lemmer.<\/p>    <\/div>\n  <\/div>\n<div class=\"item\">\n  <a href=\"\/de\/yachtservice-refit\/\" target=\"_self\" class=\"link-image\" title=\"Yachtservice &amp; Refit\"><img loading=\"lazy\" decoding=\"async\" width=\"450\" height=\"300\" src=\"https:\/\/www.friesehoek.nl\/wp-content\/uploads\/2022\/12\/yachtservice-friese-hoek.jpg\" class=\"attachment-large size-large\" alt=\"Yachtservice &amp; Refit bij Friese Hoek\" srcset=\"https:\/\/www.friesehoek.nl\/wp-content\/uploads\/2022\/12\/yachtservice-friese-hoek.jpg 450w, https:\/\/www.friesehoek.nl\/wp-content\/uploads\/2022\/12\/yachtservice-friese-hoek-300x200.jpg 300w\" sizes=\"auto, (max-width: 450px) 100vw, 450px\" \/><\/a>      <div class=\"item-content\">\n      <h4><a href=\"\/de\/yachtservice-refit\/\" target=\"_self\" >Yachtservice &amp; Refit<\/a><\/h4>      <p>Die Abteilung Yachtservice &amp; Refit der Friese Hoek verrichtet allerlei Reparaturen an und in Ihrem Boot, ebenso wie Renovierungen und Instandhaltungsarbeiten.<\/p>    <\/div>\n  <\/div>\n<div class=\"item\">\n  <a href=\"\/de\/wassersportgeschaeft\/\" target=\"_self\" class=\"link-image\" title=\"Wassersportgesch\u00e4ft\"><img loading=\"lazy\" decoding=\"async\" width=\"450\" height=\"300\" src=\"https:\/\/www.friesehoek.nl\/wp-content\/uploads\/2022\/12\/friese-hoek-watersportwinkel.jpg\" class=\"attachment-large size-large\" alt=\"Friese Hoek watersportwinkel\" srcset=\"https:\/\/www.friesehoek.nl\/wp-content\/uploads\/2022\/12\/friese-hoek-watersportwinkel.jpg 450w, https:\/\/www.friesehoek.nl\/wp-content\/uploads\/2022\/12\/friese-hoek-watersportwinkel-300x200.jpg 300w\" sizes=\"auto, (max-width: 450px) 100vw, 450px\" \/><\/a>      <div class=\"item-content\">\n      <h4><a href=\"\/de\/wassersportgeschaeft\/\" target=\"_self\" >Wassersportgesch\u00e4ft<\/a><\/h4>      <p>Sind Sie auf der Suche nach neuem Bootszubeh\u00f6r, hochwertiger Segelkleidung oder nach modischer und sportlicher Freizeitkleidung?<\/p>    <\/div>\n  <\/div>\n<\/div>[\/vc_column][\/vc_row]\n<\/div>","protected":false},"excerpt":{"rendered":"<p>[vc_row css=&#8220;.vc_custom_1644922605673{margin-bottom: -60px !important;}&#8220;][vc_column][vc_row_inner][vc_column_inner][vc_column_text] Willkommen im Jachthafen Friese Hoek [\/vc_column_text][\/vc_column_inner][\/vc_row_inner][\/vc_column][\/vc_row][vc_row][vc_column width=&#8220;1\/2&#8243; css=&#8220;.vc_custom_1534755300437{padding-top: 40px !important;}&#8220;][vc_column_text] Der Jachthafen Friese Hoek in Lemmer [&hellip;]<\/p>\n","protected":false},"author":1,"featured_media":0,"parent":0,"menu_order":0,"comment_status":"closed","ping_status":"closed","template":"","meta":{"footnotes":""},"class_list":["post-470","page","type-page","status-publish","hentry"],"yoast_head":"<!-- This site is optimized with the Yoast SEO plugin v27.6 - https:\/\/yoast.com\/product\/yoast-seo-wordpress\/ -->\n<title>Home - Jachthaven Friese Hoek<\/title>\n<meta name=\"description\" content=\"Jachthaven Friese Hoek in Lemmer ligt direct aan het IJsselmeer. Met een gezellig caf\u00e9-restaurant, een watersportwinkel en ruime ligplaatsen\" \/>\n<meta name=\"robots\" content=\"index, follow, max-snippet:-1, max-image-preview:large, max-video-preview:-1\" \/>\n<link rel=\"canonical\" href=\"https:\/\/www.friesehoek.nl\/de\/\" \/>\n<meta property=\"og:locale\" content=\"de_DE\" \/>\n<meta property=\"og:type\" content=\"article\" \/>\n<meta property=\"og:title\" content=\"Home - Jachthaven Friese Hoek\" \/>\n<meta property=\"og:description\" content=\"Jachthaven Friese Hoek in Lemmer ligt direct aan het IJsselmeer. Met een gezellig caf\u00e9-restaurant, een watersportwinkel en ruime ligplaatsen\" \/>\n<meta property=\"og:url\" content=\"https:\/\/www.friesehoek.nl\/de\/\" \/>\n<meta property=\"og:site_name\" content=\"Jachthaven Friese Hoek\" \/>\n<meta property=\"article:modified_time\" content=\"2022-12-21T08:02:09+00:00\" \/>\n<meta name=\"twitter:card\" content=\"summary_large_image\" \/>\n<meta name=\"twitter:label1\" content=\"Gesch\u00e4tzte Lesezeit\" \/>\n\t<meta name=\"twitter:data1\" content=\"3\u00a0Minuten\" \/>\n<script type=\"application\/ld+json\" class=\"yoast-schema-graph\">{\"@context\":\"https:\\\/\\\/schema.org\",\"@graph\":[{\"@type\":\"WebPage\",\"@id\":\"https:\\\/\\\/www.friesehoek.nl\\\/de\\\/\",\"url\":\"https:\\\/\\\/www.friesehoek.nl\\\/de\\\/\",\"name\":\"Home - Jachthaven Friese Hoek\",\"isPartOf\":{\"@id\":\"https:\\\/\\\/www.friesehoek.nl\\\/de\\\/#website\"},\"datePublished\":\"2019-03-19T16:52:54+00:00\",\"dateModified\":\"2022-12-21T08:02:09+00:00\",\"description\":\"Jachthaven Friese Hoek in Lemmer ligt direct aan het IJsselmeer. Met een gezellig caf\u00e9-restaurant, een watersportwinkel en ruime ligplaatsen\",\"breadcrumb\":{\"@id\":\"https:\\\/\\\/www.friesehoek.nl\\\/de\\\/#breadcrumb\"},\"inLanguage\":\"de\",\"potentialAction\":[{\"@type\":\"ReadAction\",\"target\":[\"https:\\\/\\\/www.friesehoek.nl\\\/de\\\/\"]}]},{\"@type\":\"BreadcrumbList\",\"@id\":\"https:\\\/\\\/www.friesehoek.nl\\\/de\\\/#breadcrumb\",\"itemListElement\":[{\"@type\":\"ListItem\",\"position\":1,\"name\":\"Home\",\"item\":\"https:\\\/\\\/www.friesehoek.nl\\\/de\\\/\"},{\"@type\":\"ListItem\",\"position\":2,\"name\":\"Home\"}]},{\"@type\":\"WebSite\",\"@id\":\"https:\\\/\\\/www.friesehoek.nl\\\/de\\\/#website\",\"url\":\"https:\\\/\\\/www.friesehoek.nl\\\/de\\\/\",\"name\":\"Jachthaven Friese Hoek\",\"description\":\"Voel je thuis in Jachthaven Friese Hoek\",\"potentialAction\":[{\"@type\":\"SearchAction\",\"target\":{\"@type\":\"EntryPoint\",\"urlTemplate\":\"https:\\\/\\\/www.friesehoek.nl\\\/de\\\/?s={search_term_string}\"},\"query-input\":{\"@type\":\"PropertyValueSpecification\",\"valueRequired\":true,\"valueName\":\"search_term_string\"}}],\"inLanguage\":\"de\"}]}<\/script>\n<!-- \/ Yoast SEO plugin. -->","yoast_head_json":{"title":"Home - Jachthaven Friese Hoek","description":"Jachthaven Friese Hoek in Lemmer ligt direct aan het IJsselmeer. Met een gezellig caf\u00e9-restaurant, een watersportwinkel en ruime ligplaatsen","robots":{"index":"index","follow":"follow","max-snippet":"max-snippet:-1","max-image-preview":"max-image-preview:large","max-video-preview":"max-video-preview:-1"},"canonical":"https:\/\/www.friesehoek.nl\/de\/","og_locale":"de_DE","og_type":"article","og_title":"Home - Jachthaven Friese Hoek","og_description":"Jachthaven Friese Hoek in Lemmer ligt direct aan het IJsselmeer. Met een gezellig caf\u00e9-restaurant, een watersportwinkel en ruime ligplaatsen","og_url":"https:\/\/www.friesehoek.nl\/de\/","og_site_name":"Jachthaven Friese Hoek","article_modified_time":"2022-12-21T08:02:09+00:00","twitter_card":"summary_large_image","twitter_misc":{"Gesch\u00e4tzte Lesezeit":"3\u00a0Minuten"},"schema":{"@context":"https:\/\/schema.org","@graph":[{"@type":"WebPage","@id":"https:\/\/www.friesehoek.nl\/de\/","url":"https:\/\/www.friesehoek.nl\/de\/","name":"Home - Jachthaven Friese Hoek","isPartOf":{"@id":"https:\/\/www.friesehoek.nl\/de\/#website"},"datePublished":"2019-03-19T16:52:54+00:00","dateModified":"2022-12-21T08:02:09+00:00","description":"Jachthaven Friese Hoek in Lemmer ligt direct aan het IJsselmeer. Met een gezellig caf\u00e9-restaurant, een watersportwinkel en ruime ligplaatsen","breadcrumb":{"@id":"https:\/\/www.friesehoek.nl\/de\/#breadcrumb"},"inLanguage":"de","potentialAction":[{"@type":"ReadAction","target":["https:\/\/www.friesehoek.nl\/de\/"]}]},{"@type":"BreadcrumbList","@id":"https:\/\/www.friesehoek.nl\/de\/#breadcrumb","itemListElement":[{"@type":"ListItem","position":1,"name":"Home","item":"https:\/\/www.friesehoek.nl\/de\/"},{"@type":"ListItem","position":2,"name":"Home"}]},{"@type":"WebSite","@id":"https:\/\/www.friesehoek.nl\/de\/#website","url":"https:\/\/www.friesehoek.nl\/de\/","name":"Jachthaven Friese Hoek","description":"Voel je thuis in Jachthaven Friese Hoek","potentialAction":[{"@type":"SearchAction","target":{"@type":"EntryPoint","urlTemplate":"https:\/\/www.friesehoek.nl\/de\/?s={search_term_string}"},"query-input":{"@type":"PropertyValueSpecification","valueRequired":true,"valueName":"search_term_string"}}],"inLanguage":"de"}]}},"_links":{"self":[{"href":"https:\/\/www.friesehoek.nl\/de\/wp-json\/wp\/v2\/pages\/470","targetHints":{"allow":["GET"]}}],"collection":[{"href":"https:\/\/www.friesehoek.nl\/de\/wp-json\/wp\/v2\/pages"}],"about":[{"href":"https:\/\/www.friesehoek.nl\/de\/wp-json\/wp\/v2\/types\/page"}],"author":[{"embeddable":true,"href":"https:\/\/www.friesehoek.nl\/de\/wp-json\/wp\/v2\/users\/1"}],"replies":[{"embeddable":true,"href":"https:\/\/www.friesehoek.nl\/de\/wp-json\/wp\/v2\/comments?post=470"}],"version-history":[{"count":27,"href":"https:\/\/www.friesehoek.nl\/de\/wp-json\/wp\/v2\/pages\/470\/revisions"}],"predecessor-version":[{"id":1991,"href":"https:\/\/www.friesehoek.nl\/de\/wp-json\/wp\/v2\/pages\/470\/revisions\/1991"}],"wp:attachment":[{"href":"https:\/\/www.friesehoek.nl\/de\/wp-json\/wp\/v2\/media?parent=470"}],"curies":[{"name":"wp","href":"https:\/\/api.w.org\/{rel}","templated":true}]}}