{"id":484,"date":"2019-03-20T07:57:27","date_gmt":"2019-03-20T07:57:27","guid":{"rendered":"http:\/\/friesehoek.watersportoutdoorshop.nl\/jachthafen\/"},"modified":"2022-12-20T09:39:27","modified_gmt":"2022-12-20T07:39:27","slug":"jachthafen","status":"publish","type":"page","link":"https:\/\/www.friesehoek.nl\/de\/jachthafen\/","title":{"rendered":"Jachthafen"},"content":{"rendered":"<div class=\"wpb-content-wrapper\">[vc_row][vc_column][vc_column_text]\n<h1>Willkommen im Jachthafen Friese Hoek<\/h1>\n<p>Der Jachthafen Friese Hoek liegt direkt am IJsselmeer und am Rand des geschichtstr\u00e4chtigen und gem\u00fctlichen Fischerdorfes Lemmer.\u00a0Das Fahrwasser durch Lemmer ist die Verbindung zwischen den friesischen Seen und dem IJsselmeer. Lemmer bietet dank der zentralen Lage einzigartige Wassersportm\u00f6glichkeiten.[\/vc_column_text][\/vc_column][\/vc_row][vc_row css=&#8220;.vc_custom_1609925549736{padding-top: 10px !important;padding-right: 10px !important;padding-bottom: 10px !important;padding-left: 10px !important;background-color: #ebeef3 !important;border-radius: 10px !important;}&#8220;][vc_column width=&#8220;2\/3&#8243;][vc_column_text css=&#8220;.vc_custom_1671090432724{padding-bottom: 10px !important;}&#8220;]\n<h3>Segelgebiet<\/h3>\n<p>Genie\u00dfen Sie die Ruhe und die Natur vom Tjeukemeer, Slotermeer oder Fluessen oder die Weite, die das IJsselmeer, das Wattenmeer oder sogar die Nordsee bieten. Ab dem Jachthafen Friese Hoek erstreckt sich vor Ihnen innerhalb einer Reichweite weniger Minuten bis zu drei Stunden das Fahrgebiet der friesischen Gew\u00e4sser.[\/vc_column_text][\/vc_column][vc_column width=&#8220;1\/3&#8243;][vc_single_image image=&#8220;1583&#8243; img_size=&#8220;full&#8220; css=&#8220;.vc_custom_1670838718758{padding-top: 15px !important;}&#8220;][\/vc_column][\/vc_row][vc_row css=&#8220;.vc_custom_1609925947700{margin-top: 40px !important;}&#8220;][vc_column width=&#8220;1\/3&#8243;][vc_single_image image=&#8220;1590&#8243; img_size=&#8220;full&#8220;][\/vc_column][vc_column width=&#8220;2\/3&#8243;][vc_column_text]\n<h3>Einrichtungen<\/h3>\n<p>Die insgesamt 250 Liegepl\u00e4tzen sind ger\u00e4umig und mit allem wichtigen Komfort f\u00fcr Wassersportler ausgestattet. Auch auf dem Landweg ist der Jachthafen Friese Hoek sehr gut zu erreichen. Unser Hafen ist lediglich f\u00fcnf Minuten von der Autobahn A6 entfernt.<\/p>\n<p><a class=\"btn btn-secundary\" href=\"\/de\/jachthafen\/einrichtungen\/\">Zu Einrichtungen<\/a>[\/vc_column_text][\/vc_column][\/vc_row][vc_row css=&#8220;.vc_custom_1609925976643{margin-top: 40px !important;padding-top: 10px !important;padding-right: 10px !important;padding-bottom: 10px !important;padding-left: 10px !important;background-color: #ebeef3 !important;border-radius: 10px !important;}&#8220;][vc_column width=&#8220;1\/2&#8243; css=&#8220;.vc_custom_1609925993115{padding-top: 30px !important;padding-bottom: 30px !important;}&#8220;][vc_cta h2=&#8220;&#8220; h4=&#8220;Lageplan Hafen&#8220; txt_align=&#8220;center&#8220; add_button=&#8220;bottom&#8220; btn_title=&#8220;Laden Hafenplan&#8220; btn_style=&#8220;outline-custom&#8220; btn_outline_custom_color=&#8220;#201f72&#8243; btn_outline_custom_hover_background=&#8220;#ff5500&#8243; btn_outline_custom_hover_text=&#8220;#ffffff&#8220; btn_align=&#8220;center&#8220; btn_i_icon_fontawesome=&#8220;fas fa-cloud-download-alt&#8220; btn_add_icon=&#8220;true&#8220; btn_link=&#8220;url:%2Fwp-content%2Fuploads%2F2022%2F12%2FHavenplattegronden_FrieseHoek-DEF.pdf|title:Plattegrond|target:_blank&#8220;]Laden Sie sich hier den Hafenplan herunter[\/vc_cta][\/vc_column][vc_column width=&#8220;1\/2&#8243; css=&#8220;.vc_custom_1594643594245{padding-top: 60px !important;}&#8220;][vc_column_text]Wir begr\u00fc\u00dfen Sie gerne im Jachthafen Friese Hoek. Sie sind bei uns herzlich willkommen, ob als Gastlieger, Dauerlieger oder Besucher.<\/p>\n<p>Eric Ringma &amp; Sipke Hettinga<br \/>\nDie Hafenmeister des Jachthafens Friese Hoek[\/vc_column_text][\/vc_column][\/vc_row][vc_row][vc_column][vc_column_text][vc_cta_button call_text=&#8220;Reservieren Sie sofort oder rufen Sie uns an&#8220; title=&#8220;Hinterlassen Sie Ihre Daten.&#8220; size=&#8220;btn-large&#8220; position=&#8220;cta_align_bottom&#8220; href=&#8220;\/de\/anmeldung-schiffsliegeplatz\/&#8220;][\/vc_column_text][\/vc_column][\/vc_row]\n<\/div>","protected":false},"excerpt":{"rendered":"<p>[vc_row][vc_column][vc_column_text] Willkommen im Jachthafen Friese Hoek Der Jachthafen Friese Hoek liegt direkt am IJsselmeer und am Rand des geschichtstr\u00e4chtigen und [&hellip;]<\/p>\n","protected":false},"author":1,"featured_media":0,"parent":0,"menu_order":0,"comment_status":"closed","ping_status":"closed","template":"page-templates\/page-left.php","meta":{"footnotes":""},"class_list":["post-484","page","type-page","status-publish","hentry"],"yoast_head":"<!-- This site is optimized with the Yoast SEO plugin v27.4 - https:\/\/yoast.com\/product\/yoast-seo-wordpress\/ -->\n<title>Jachthafen - Jachthaven Friese Hoek<\/title>\n<meta name=\"description\" content=\"Der Jachthafen Friese Hoek liegt direkt am IJsselmeer und am Rand des geschichtstr\u00e4chtigen und gem\u00fctlichen Fischerdorfes Lemmer.\" \/>\n<meta name=\"robots\" content=\"index, follow, max-snippet:-1, max-image-preview:large, max-video-preview:-1\" \/>\n<link rel=\"canonical\" href=\"https:\/\/www.friesehoek.nl\/de\/jachthafen\/\" \/>\n<meta property=\"og:locale\" content=\"de_DE\" \/>\n<meta property=\"og:type\" content=\"article\" \/>\n<meta property=\"og:title\" content=\"Jachthafen - Jachthaven Friese Hoek\" \/>\n<meta property=\"og:description\" content=\"Der Jachthafen Friese Hoek liegt direkt am IJsselmeer und am Rand des geschichtstr\u00e4chtigen und gem\u00fctlichen Fischerdorfes Lemmer.\" \/>\n<meta property=\"og:url\" content=\"https:\/\/www.friesehoek.nl\/de\/jachthafen\/\" \/>\n<meta property=\"og:site_name\" content=\"Jachthaven Friese Hoek\" \/>\n<meta property=\"article:modified_time\" content=\"2022-12-20T07:39:27+00:00\" \/>\n<meta name=\"twitter:card\" content=\"summary_large_image\" \/>\n<meta name=\"twitter:label1\" content=\"Gesch\u00e4tzte Lesezeit\" \/>\n\t<meta name=\"twitter:data1\" content=\"2\u00a0Minuten\" \/>\n<script type=\"application\/ld+json\" class=\"yoast-schema-graph\">{\"@context\":\"https:\\\/\\\/schema.org\",\"@graph\":[{\"@type\":\"WebPage\",\"@id\":\"https:\\\/\\\/www.friesehoek.nl\\\/de\\\/jachthafen\\\/\",\"url\":\"https:\\\/\\\/www.friesehoek.nl\\\/de\\\/jachthafen\\\/\",\"name\":\"Jachthafen - Jachthaven Friese Hoek\",\"isPartOf\":{\"@id\":\"https:\\\/\\\/www.friesehoek.nl\\\/de\\\/#website\"},\"datePublished\":\"2019-03-20T07:57:27+00:00\",\"dateModified\":\"2022-12-20T07:39:27+00:00\",\"description\":\"Der Jachthafen Friese Hoek liegt direkt am IJsselmeer und am Rand des geschichtstr\u00e4chtigen und gem\u00fctlichen Fischerdorfes Lemmer.\",\"breadcrumb\":{\"@id\":\"https:\\\/\\\/www.friesehoek.nl\\\/de\\\/jachthafen\\\/#breadcrumb\"},\"inLanguage\":\"de\",\"potentialAction\":[{\"@type\":\"ReadAction\",\"target\":[\"https:\\\/\\\/www.friesehoek.nl\\\/de\\\/jachthafen\\\/\"]}]},{\"@type\":\"BreadcrumbList\",\"@id\":\"https:\\\/\\\/www.friesehoek.nl\\\/de\\\/jachthafen\\\/#breadcrumb\",\"itemListElement\":[{\"@type\":\"ListItem\",\"position\":1,\"name\":\"Home\",\"item\":\"https:\\\/\\\/www.friesehoek.nl\\\/de\\\/\"},{\"@type\":\"ListItem\",\"position\":2,\"name\":\"Jachthafen\"}]},{\"@type\":\"WebSite\",\"@id\":\"https:\\\/\\\/www.friesehoek.nl\\\/de\\\/#website\",\"url\":\"https:\\\/\\\/www.friesehoek.nl\\\/de\\\/\",\"name\":\"Jachthaven Friese Hoek\",\"description\":\"Voel je thuis in Jachthaven Friese Hoek\",\"potentialAction\":[{\"@type\":\"SearchAction\",\"target\":{\"@type\":\"EntryPoint\",\"urlTemplate\":\"https:\\\/\\\/www.friesehoek.nl\\\/de\\\/?s={search_term_string}\"},\"query-input\":{\"@type\":\"PropertyValueSpecification\",\"valueRequired\":true,\"valueName\":\"search_term_string\"}}],\"inLanguage\":\"de\"}]}<\/script>\n<!-- \/ Yoast SEO plugin. -->","yoast_head_json":{"title":"Jachthafen - Jachthaven Friese Hoek","description":"Der Jachthafen Friese Hoek liegt direkt am IJsselmeer und am Rand des geschichtstr\u00e4chtigen und gem\u00fctlichen Fischerdorfes Lemmer.","robots":{"index":"index","follow":"follow","max-snippet":"max-snippet:-1","max-image-preview":"max-image-preview:large","max-video-preview":"max-video-preview:-1"},"canonical":"https:\/\/www.friesehoek.nl\/de\/jachthafen\/","og_locale":"de_DE","og_type":"article","og_title":"Jachthafen - Jachthaven Friese Hoek","og_description":"Der Jachthafen Friese Hoek liegt direkt am IJsselmeer und am Rand des geschichtstr\u00e4chtigen und gem\u00fctlichen Fischerdorfes Lemmer.","og_url":"https:\/\/www.friesehoek.nl\/de\/jachthafen\/","og_site_name":"Jachthaven Friese Hoek","article_modified_time":"2022-12-20T07:39:27+00:00","twitter_card":"summary_large_image","twitter_misc":{"Gesch\u00e4tzte Lesezeit":"2\u00a0Minuten"},"schema":{"@context":"https:\/\/schema.org","@graph":[{"@type":"WebPage","@id":"https:\/\/www.friesehoek.nl\/de\/jachthafen\/","url":"https:\/\/www.friesehoek.nl\/de\/jachthafen\/","name":"Jachthafen - Jachthaven Friese Hoek","isPartOf":{"@id":"https:\/\/www.friesehoek.nl\/de\/#website"},"datePublished":"2019-03-20T07:57:27+00:00","dateModified":"2022-12-20T07:39:27+00:00","description":"Der Jachthafen Friese Hoek liegt direkt am IJsselmeer und am Rand des geschichtstr\u00e4chtigen und gem\u00fctlichen Fischerdorfes Lemmer.","breadcrumb":{"@id":"https:\/\/www.friesehoek.nl\/de\/jachthafen\/#breadcrumb"},"inLanguage":"de","potentialAction":[{"@type":"ReadAction","target":["https:\/\/www.friesehoek.nl\/de\/jachthafen\/"]}]},{"@type":"BreadcrumbList","@id":"https:\/\/www.friesehoek.nl\/de\/jachthafen\/#breadcrumb","itemListElement":[{"@type":"ListItem","position":1,"name":"Home","item":"https:\/\/www.friesehoek.nl\/de\/"},{"@type":"ListItem","position":2,"name":"Jachthafen"}]},{"@type":"WebSite","@id":"https:\/\/www.friesehoek.nl\/de\/#website","url":"https:\/\/www.friesehoek.nl\/de\/","name":"Jachthaven Friese Hoek","description":"Voel je thuis in Jachthaven Friese Hoek","potentialAction":[{"@type":"SearchAction","target":{"@type":"EntryPoint","urlTemplate":"https:\/\/www.friesehoek.nl\/de\/?s={search_term_string}"},"query-input":{"@type":"PropertyValueSpecification","valueRequired":true,"valueName":"search_term_string"}}],"inLanguage":"de"}]}},"_links":{"self":[{"href":"https:\/\/www.friesehoek.nl\/de\/wp-json\/wp\/v2\/pages\/484","targetHints":{"allow":["GET"]}}],"collection":[{"href":"https:\/\/www.friesehoek.nl\/de\/wp-json\/wp\/v2\/pages"}],"about":[{"href":"https:\/\/www.friesehoek.nl\/de\/wp-json\/wp\/v2\/types\/page"}],"author":[{"embeddable":true,"href":"https:\/\/www.friesehoek.nl\/de\/wp-json\/wp\/v2\/users\/1"}],"replies":[{"embeddable":true,"href":"https:\/\/www.friesehoek.nl\/de\/wp-json\/wp\/v2\/comments?post=484"}],"version-history":[{"count":9,"href":"https:\/\/www.friesehoek.nl\/de\/wp-json\/wp\/v2\/pages\/484\/revisions"}],"predecessor-version":[{"id":1953,"href":"https:\/\/www.friesehoek.nl\/de\/wp-json\/wp\/v2\/pages\/484\/revisions\/1953"}],"wp:attachment":[{"href":"https:\/\/www.friesehoek.nl\/de\/wp-json\/wp\/v2\/media?parent=484"}],"curies":[{"name":"wp","href":"https:\/\/api.w.org\/{rel}","templated":true}]}}