{"id":488,"date":"2019-03-20T08:09:05","date_gmt":"2019-03-20T08:09:05","guid":{"rendered":"http:\/\/friesehoek.watersportoutdoorshop.nl\/jachthafen\/einrichtungen\/"},"modified":"2024-08-26T14:56:12","modified_gmt":"2024-08-26T12:56:12","slug":"einrichtungen","status":"publish","type":"page","link":"https:\/\/www.friesehoek.nl\/de\/jachthafen\/einrichtungen\/","title":{"rendered":"Einrichtungen"},"content":{"rendered":"<div class=\"wpb-content-wrapper\">[vc_row][vc_column][vc_column_text]\n<h1>Umfangreiche Einrichtungen<\/h1>\n<p>Die Liegepl\u00e4tze des Jachthafens Friese Hoek sind ger\u00e4umig und bieten s\u00e4mtlichen notwendigen Komfort. Jeder Liegeplatz ist mit einem Stromanschluss ausgestattet und vor Ort befinden sich ausreichend Wasseranschl\u00fcsse. Auch gibt es Gep\u00e4ckwagen zum Erledigen der Eink\u00e4ufe und einen gro\u00dfen Parkplatz.[\/vc_column_text][\/vc_column][\/vc_row][vc_row css=&#8220;.vc_custom_1610009021480{padding-top: 10px !important;padding-right: 10px !important;padding-bottom: 10px !important;padding-left: 10px !important;background-color: #ebeef3 !important;border-radius: 10px !important;}&#8220;][vc_column width=&#8220;2\/3&#8243;][vc_column_text css=&#8220;.vc_custom_1671097520246{padding-top: 20px !important;padding-bottom: 30px !important;}&#8220;]\n<h3>Einrichtungen im Jachthafen<\/h3>\n<p>Der Jachthafen Friese Hoek bietet Ihnen eine umfangreiche Palette an Einrichtungen:<\/p>\n<ul>\n<li>Sanit\u00e4rr\u00e4ume, jeweils f\u00fcr Damen und Herren getrennt, ausgestattet mit Toiletten, Duschen, Waschbecken und Waschkabinen. Das Geb\u00e4ude ist mithilfe eines Codes nur f\u00fcr G\u00e4ste des Jachthafens zug\u00e4nglich. In der Hochsaison werden alle Bereiche mehrmals t\u00e4glich gereinigt;<\/li>\n<li>Wasserh\u00e4hne im Freien, zum Beispiel zum Waschen von Obst und Gem\u00fcse;<\/li>\n<li>einen Waschsalon mit Waschmaschinen und Trocknern;<br \/>\neine Entsorgungsstation f\u00fcr Schmutzwasser;<\/li>\n<li>separate Abfallcontainer f\u00fcr Hausm\u00fcll, Glas und Alt\u00f6l;<\/li>\n<li>einen Raum zur Entleerung der Chemietoiletten.<\/li>\n<\/ul>\n[\/vc_column_text][\/vc_column][vc_column width=&#8220;1\/3&#8243;][vc_single_image image=&#8220;1609&#8243; img_size=&#8220;full&#8220; css=&#8220;.vc_custom_1670841776816{padding-top: 30px !important;padding-bottom: 10px !important;}&#8220;][\/vc_column][\/vc_row][vc_row css=&#8220;.vc_custom_1519028994492{margin-top: 80px !important;padding-right: 10px !important;padding-bottom: 10px !important;padding-left: 10px !important;}&#8220;][vc_column width=&#8220;1\/2&#8243;][vc_single_image image=&#8220;119&#8243; img_size=&#8220;full&#8220; css=&#8220;.vc_custom_1537430048287{padding-top: 20px !important;}&#8220;][\/vc_column][vc_column width=&#8220;1\/2&#8243;][vc_column_text css=&#8220;.vc_custom_1724677144785{padding-bottom: 10px !important;}&#8220;]\n<h3>Alle Einrichtungen \u00fcbersichtlich an einem Ort<\/h3>\n<p>Der Jachthafen Friese Hoek bietet s\u00e4mtlichen notwendigen Komfort \u00fcbersichtlich an einem Ort. Zentral im Hafen finden Sie das Hafenb\u00fcro, das Wassersportgesch\u00e4ft, das Caf\u00e9-Restaurant \u201eSkipperslounge\u201c, den Waschsalon und den Sanit\u00e4rbereich. Im Wassersportgesch\u00e4ft sind Sie f\u00fcr Bootszubeh\u00f6r und Segelkleidung an der richtigen Adresse. In der Skipperslounge bieten wir unseren G\u00e4sten einen Mittagstisch oder ein Abendessen. M\u00f6chten Sie den Ort Lemmer und Umgebung erkunden? Unser Hafenmeister informiert Sie gerne \u00fcber alle M\u00f6glichkeiten im Hafen und in der Umgebung.[\/vc_column_text][\/vc_column][\/vc_row][vc_row css=&#8220;.vc_custom_1594639896541{margin-top: 60px !important;margin-bottom: 60px !important;}&#8220;][vc_column]<h2 class=\"text-center\">Was finden Sie so alles bei uns?<\/h2><div class='services-carousel  owl-with-navigation' data-owl='{&quot;items&quot;:2,&quot;nav&quot;:true,&quot;navText&quot;:[&quot;Zur\\u00fcck&quot;,&quot;Weiter&quot;],&quot;loop&quot;:true,&quot;autoplay&quot;:true,&quot;autoplayTimeout&quot;:2000,&quot;autoplayHoverPause&quot;:true,&quot;responsive&quot;:{&quot;0&quot;:{&quot;items&quot;:1,&quot;dots&quot;:true,&quot;nav&quot;:true},&quot;767&quot;:{&quot;items&quot;:4,&quot;dots&quot;:true},&quot;992&quot;:{&quot;items&quot;:2,&quot;dots&quot;:true}}}'><div class=\"item\">\n  <a href=\"\/de\/winterlagerung-in-der-friese-hoek\/\" target=\"_self\" class=\"link-image\" title=\"Winterlagerung\"><img loading=\"lazy\" decoding=\"async\" width=\"450\" height=\"300\" src=\"https:\/\/www.friesehoek.nl\/wp-content\/uploads\/2022\/12\/winterberging-friese-hoek.jpg\" class=\"attachment-large size-large\" alt=\"Winterberging Friese Hoek\" srcset=\"https:\/\/www.friesehoek.nl\/wp-content\/uploads\/2022\/12\/winterberging-friese-hoek.jpg 450w, https:\/\/www.friesehoek.nl\/wp-content\/uploads\/2022\/12\/winterberging-friese-hoek-300x200.jpg 300w\" sizes=\"auto, (max-width: 450px) 100vw, 450px\" \/><\/a>      <div class=\"item-content\">\n      <h4><a href=\"\/de\/winterlagerung-in-der-friese-hoek\/\" target=\"_self\" >Winterlagerung<\/a><\/h4>      <p>Der ideale Moment f\u00fcr die j\u00e4hrlichen Checks.<\/p>    <\/div>\n  <\/div>\n<div class=\"item\">\n  <a href=\"\/de\/liegeplatz-jachthafen-friese-hoek\/\" target=\"_self\" class=\"link-image\" title=\"Liegepl\u00e4tze\"><img loading=\"lazy\" decoding=\"async\" width=\"450\" height=\"300\" src=\"https:\/\/www.friesehoek.nl\/wp-content\/uploads\/2022\/12\/friese-hoek-ligplaatsen.jpg\" class=\"attachment-large size-large\" alt=\"Friese Hoek ligplaats\" srcset=\"https:\/\/www.friesehoek.nl\/wp-content\/uploads\/2022\/12\/friese-hoek-ligplaatsen.jpg 450w, https:\/\/www.friesehoek.nl\/wp-content\/uploads\/2022\/12\/friese-hoek-ligplaatsen-300x200.jpg 300w\" sizes=\"auto, (max-width: 450px) 100vw, 450px\" \/><\/a>      <div class=\"item-content\">\n      <h4><a href=\"\/de\/liegeplatz-jachthafen-friese-hoek\/\" target=\"_self\" >Liegepl\u00e4tze<\/a><\/h4>      <p>Der Hafen liegt direkt am IJsselmeer ganz in der N\u00e4he des Ortes Lemmer.<\/p>    <\/div>\n  <\/div>\n<div class=\"item\">\n  <a href=\"\/de\/yachtservice-refit\/\" target=\"_self\" class=\"link-image\" title=\"Yachtservice &amp; Refit\"><img loading=\"lazy\" decoding=\"async\" width=\"450\" height=\"300\" src=\"https:\/\/www.friesehoek.nl\/wp-content\/uploads\/2022\/12\/yachtservice-friese-hoek.jpg\" class=\"attachment-large size-large\" alt=\"Yachtservice &amp; Refit bij Friese Hoek\" srcset=\"https:\/\/www.friesehoek.nl\/wp-content\/uploads\/2022\/12\/yachtservice-friese-hoek.jpg 450w, https:\/\/www.friesehoek.nl\/wp-content\/uploads\/2022\/12\/yachtservice-friese-hoek-300x200.jpg 300w\" sizes=\"auto, (max-width: 450px) 100vw, 450px\" \/><\/a>      <div class=\"item-content\">\n      <h4><a href=\"\/de\/yachtservice-refit\/\" target=\"_self\" >Yachtservice &amp; Refit<\/a><\/h4>      <p>Die Abteilung Yachtservice &amp; Refit der Friese Hoek verrichtet allerlei Reparaturen an und in Ihrem Boot, ebenso wie Renovierungen und Instandhaltungsarbeiten.<\/p>    <\/div>\n  <\/div>\n<div class=\"item\">\n  <a href=\"\/de\/wassersportgeschaeft\/\" target=\"_self\" class=\"link-image\" title=\"Wassersportgesch\u00e4ft\"><img loading=\"lazy\" decoding=\"async\" width=\"450\" height=\"300\" src=\"https:\/\/www.friesehoek.nl\/wp-content\/uploads\/2022\/12\/friese-hoek-watersportwinkel.jpg\" class=\"attachment-large size-large\" alt=\"Friese Hoek watersportwinkel\" srcset=\"https:\/\/www.friesehoek.nl\/wp-content\/uploads\/2022\/12\/friese-hoek-watersportwinkel.jpg 450w, https:\/\/www.friesehoek.nl\/wp-content\/uploads\/2022\/12\/friese-hoek-watersportwinkel-300x200.jpg 300w\" sizes=\"auto, (max-width: 450px) 100vw, 450px\" \/><\/a>      <div class=\"item-content\">\n      <h4><a href=\"\/de\/wassersportgeschaeft\/\" target=\"_self\" >Wassersportgesch\u00e4ft<\/a><\/h4>      <p>Sind Sie auf der Suche nach neuem Bootszubeh\u00f6r, hochwertiger Segelkleidung oder nach modischer und sportlicher Freizeitkleidung?<\/p>    <\/div>\n  <\/div>\n<\/div>[\/vc_column][\/vc_row]\n<\/div>","protected":false},"excerpt":{"rendered":"<p>[vc_row][vc_column][vc_column_text] Umfangreiche Einrichtungen Die Liegepl\u00e4tze des Jachthafens Friese Hoek sind ger\u00e4umig und bieten s\u00e4mtlichen notwendigen Komfort. Jeder Liegeplatz ist mit [&hellip;]<\/p>\n","protected":false},"author":1,"featured_media":0,"parent":484,"menu_order":0,"comment_status":"closed","ping_status":"closed","template":"page-templates\/page-left.php","meta":{"footnotes":""},"class_list":["post-488","page","type-page","status-publish","hentry"],"yoast_head":"<!-- This site is optimized with the Yoast SEO plugin v27.4 - https:\/\/yoast.com\/product\/yoast-seo-wordpress\/ -->\n<title>Einrichtungen - Jachthaven Friese Hoek<\/title>\n<meta name=\"description\" content=\"Die Liegepl\u00e4tze des Jachthafens Friese Hoek sind ger\u00e4umig und bieten s\u00e4mtlichen notwendigen Komfort. Jeder Liegeplatz ist mit einem Stromanschluss ausgestattet und vor Ort befinden sich ausreichend Wasseranschl\u00fcsse.\" \/>\n<meta name=\"robots\" content=\"index, follow, max-snippet:-1, max-image-preview:large, max-video-preview:-1\" \/>\n<link rel=\"canonical\" href=\"https:\/\/www.friesehoek.nl\/de\/jachthafen\/einrichtungen\/\" \/>\n<meta property=\"og:locale\" content=\"de_DE\" \/>\n<meta property=\"og:type\" content=\"article\" \/>\n<meta property=\"og:title\" content=\"Einrichtungen - Jachthaven Friese Hoek\" \/>\n<meta property=\"og:description\" content=\"Die Liegepl\u00e4tze des Jachthafens Friese Hoek sind ger\u00e4umig und bieten s\u00e4mtlichen notwendigen Komfort. Jeder Liegeplatz ist mit einem Stromanschluss ausgestattet und vor Ort befinden sich ausreichend Wasseranschl\u00fcsse.\" \/>\n<meta property=\"og:url\" content=\"https:\/\/www.friesehoek.nl\/de\/jachthafen\/einrichtungen\/\" \/>\n<meta property=\"og:site_name\" content=\"Jachthaven Friese Hoek\" \/>\n<meta property=\"article:modified_time\" content=\"2024-08-26T12:56:12+00:00\" \/>\n<meta name=\"twitter:card\" content=\"summary_large_image\" \/>\n<meta name=\"twitter:label1\" content=\"Gesch\u00e4tzte Lesezeit\" \/>\n\t<meta name=\"twitter:data1\" content=\"3\u00a0Minuten\" \/>\n<script type=\"application\/ld+json\" class=\"yoast-schema-graph\">{\"@context\":\"https:\\\/\\\/schema.org\",\"@graph\":[{\"@type\":\"WebPage\",\"@id\":\"https:\\\/\\\/www.friesehoek.nl\\\/de\\\/jachthafen\\\/einrichtungen\\\/\",\"url\":\"https:\\\/\\\/www.friesehoek.nl\\\/de\\\/jachthafen\\\/einrichtungen\\\/\",\"name\":\"Einrichtungen - Jachthaven Friese Hoek\",\"isPartOf\":{\"@id\":\"https:\\\/\\\/www.friesehoek.nl\\\/de\\\/#website\"},\"datePublished\":\"2019-03-20T08:09:05+00:00\",\"dateModified\":\"2024-08-26T12:56:12+00:00\",\"description\":\"Die Liegepl\u00e4tze des Jachthafens Friese Hoek sind ger\u00e4umig und bieten s\u00e4mtlichen notwendigen Komfort. Jeder Liegeplatz ist mit einem Stromanschluss ausgestattet und vor Ort befinden sich ausreichend Wasseranschl\u00fcsse.\",\"breadcrumb\":{\"@id\":\"https:\\\/\\\/www.friesehoek.nl\\\/de\\\/jachthafen\\\/einrichtungen\\\/#breadcrumb\"},\"inLanguage\":\"de\",\"potentialAction\":[{\"@type\":\"ReadAction\",\"target\":[\"https:\\\/\\\/www.friesehoek.nl\\\/de\\\/jachthafen\\\/einrichtungen\\\/\"]}]},{\"@type\":\"BreadcrumbList\",\"@id\":\"https:\\\/\\\/www.friesehoek.nl\\\/de\\\/jachthafen\\\/einrichtungen\\\/#breadcrumb\",\"itemListElement\":[{\"@type\":\"ListItem\",\"position\":1,\"name\":\"Home\",\"item\":\"https:\\\/\\\/www.friesehoek.nl\\\/de\\\/\"},{\"@type\":\"ListItem\",\"position\":2,\"name\":\"Jachthafen\",\"item\":\"https:\\\/\\\/www.friesehoek.nl\\\/de\\\/jachthafen\\\/\"},{\"@type\":\"ListItem\",\"position\":3,\"name\":\"Einrichtungen\"}]},{\"@type\":\"WebSite\",\"@id\":\"https:\\\/\\\/www.friesehoek.nl\\\/de\\\/#website\",\"url\":\"https:\\\/\\\/www.friesehoek.nl\\\/de\\\/\",\"name\":\"Jachthaven Friese Hoek\",\"description\":\"Voel je thuis in Jachthaven Friese Hoek\",\"potentialAction\":[{\"@type\":\"SearchAction\",\"target\":{\"@type\":\"EntryPoint\",\"urlTemplate\":\"https:\\\/\\\/www.friesehoek.nl\\\/de\\\/?s={search_term_string}\"},\"query-input\":{\"@type\":\"PropertyValueSpecification\",\"valueRequired\":true,\"valueName\":\"search_term_string\"}}],\"inLanguage\":\"de\"}]}<\/script>\n<!-- \/ Yoast SEO plugin. -->","yoast_head_json":{"title":"Einrichtungen - Jachthaven Friese Hoek","description":"Die Liegepl\u00e4tze des Jachthafens Friese Hoek sind ger\u00e4umig und bieten s\u00e4mtlichen notwendigen Komfort. Jeder Liegeplatz ist mit einem Stromanschluss ausgestattet und vor Ort befinden sich ausreichend Wasseranschl\u00fcsse.","robots":{"index":"index","follow":"follow","max-snippet":"max-snippet:-1","max-image-preview":"max-image-preview:large","max-video-preview":"max-video-preview:-1"},"canonical":"https:\/\/www.friesehoek.nl\/de\/jachthafen\/einrichtungen\/","og_locale":"de_DE","og_type":"article","og_title":"Einrichtungen - Jachthaven Friese Hoek","og_description":"Die Liegepl\u00e4tze des Jachthafens Friese Hoek sind ger\u00e4umig und bieten s\u00e4mtlichen notwendigen Komfort. Jeder Liegeplatz ist mit einem Stromanschluss ausgestattet und vor Ort befinden sich ausreichend Wasseranschl\u00fcsse.","og_url":"https:\/\/www.friesehoek.nl\/de\/jachthafen\/einrichtungen\/","og_site_name":"Jachthaven Friese Hoek","article_modified_time":"2024-08-26T12:56:12+00:00","twitter_card":"summary_large_image","twitter_misc":{"Gesch\u00e4tzte Lesezeit":"3\u00a0Minuten"},"schema":{"@context":"https:\/\/schema.org","@graph":[{"@type":"WebPage","@id":"https:\/\/www.friesehoek.nl\/de\/jachthafen\/einrichtungen\/","url":"https:\/\/www.friesehoek.nl\/de\/jachthafen\/einrichtungen\/","name":"Einrichtungen - Jachthaven Friese Hoek","isPartOf":{"@id":"https:\/\/www.friesehoek.nl\/de\/#website"},"datePublished":"2019-03-20T08:09:05+00:00","dateModified":"2024-08-26T12:56:12+00:00","description":"Die Liegepl\u00e4tze des Jachthafens Friese Hoek sind ger\u00e4umig und bieten s\u00e4mtlichen notwendigen Komfort. Jeder Liegeplatz ist mit einem Stromanschluss ausgestattet und vor Ort befinden sich ausreichend Wasseranschl\u00fcsse.","breadcrumb":{"@id":"https:\/\/www.friesehoek.nl\/de\/jachthafen\/einrichtungen\/#breadcrumb"},"inLanguage":"de","potentialAction":[{"@type":"ReadAction","target":["https:\/\/www.friesehoek.nl\/de\/jachthafen\/einrichtungen\/"]}]},{"@type":"BreadcrumbList","@id":"https:\/\/www.friesehoek.nl\/de\/jachthafen\/einrichtungen\/#breadcrumb","itemListElement":[{"@type":"ListItem","position":1,"name":"Home","item":"https:\/\/www.friesehoek.nl\/de\/"},{"@type":"ListItem","position":2,"name":"Jachthafen","item":"https:\/\/www.friesehoek.nl\/de\/jachthafen\/"},{"@type":"ListItem","position":3,"name":"Einrichtungen"}]},{"@type":"WebSite","@id":"https:\/\/www.friesehoek.nl\/de\/#website","url":"https:\/\/www.friesehoek.nl\/de\/","name":"Jachthaven Friese Hoek","description":"Voel je thuis in Jachthaven Friese Hoek","potentialAction":[{"@type":"SearchAction","target":{"@type":"EntryPoint","urlTemplate":"https:\/\/www.friesehoek.nl\/de\/?s={search_term_string}"},"query-input":{"@type":"PropertyValueSpecification","valueRequired":true,"valueName":"search_term_string"}}],"inLanguage":"de"}]}},"_links":{"self":[{"href":"https:\/\/www.friesehoek.nl\/de\/wp-json\/wp\/v2\/pages\/488","targetHints":{"allow":["GET"]}}],"collection":[{"href":"https:\/\/www.friesehoek.nl\/de\/wp-json\/wp\/v2\/pages"}],"about":[{"href":"https:\/\/www.friesehoek.nl\/de\/wp-json\/wp\/v2\/types\/page"}],"author":[{"embeddable":true,"href":"https:\/\/www.friesehoek.nl\/de\/wp-json\/wp\/v2\/users\/1"}],"replies":[{"embeddable":true,"href":"https:\/\/www.friesehoek.nl\/de\/wp-json\/wp\/v2\/comments?post=488"}],"version-history":[{"count":11,"href":"https:\/\/www.friesehoek.nl\/de\/wp-json\/wp\/v2\/pages\/488\/revisions"}],"predecessor-version":[{"id":2827,"href":"https:\/\/www.friesehoek.nl\/de\/wp-json\/wp\/v2\/pages\/488\/revisions\/2827"}],"up":[{"embeddable":true,"href":"https:\/\/www.friesehoek.nl\/de\/wp-json\/wp\/v2\/pages\/484"}],"wp:attachment":[{"href":"https:\/\/www.friesehoek.nl\/de\/wp-json\/wp\/v2\/media?parent=488"}],"curies":[{"name":"wp","href":"https:\/\/api.w.org\/{rel}","templated":true}]}}