{"id":490,"date":"2019-03-20T08:11:15","date_gmt":"2019-03-20T08:11:15","guid":{"rendered":"http:\/\/friesehoek.watersportoutdoorshop.nl\/jachthafen\/liegeplatze\/"},"modified":"2024-01-17T14:57:22","modified_gmt":"2024-01-17T12:57:22","slug":"liegeplatze","status":"publish","type":"page","link":"https:\/\/www.friesehoek.nl\/de\/jachthafen\/liegeplatze\/","title":{"rendered":"Liegepl\u00e4tze"},"content":{"rendered":"<div class=\"wpb-content-wrapper\">[vc_row][vc_column][vc_column_text]\n<h2>Ein Liegeplatz f\u00fcr jeden Wassersportler<\/h2>\n<p>Der Jachthafen Friese Hoek ist ein Yachthafen mit ger\u00e4umigen Liegepl\u00e4tzen. Der Hafen liegt direkt am IJsselmeer ganz in der N\u00e4he des Ortes Lemmer. Die Liegepl\u00e4tze f\u00fcr Dauerlieger sind zwischen 7 bis 18 Metern lang. Ein Viertel unserer Liegepl\u00e4tze hat einen Seitensteg.<\/p>\n<p>Jeder Liegeplatz ist mit einem Stromanschluss ausgestattet. Zudem gibt es im Hafen ausreichend Trinkwasseranschl\u00fcsse.[\/vc_column_text][\/vc_column][\/vc_row][vc_row css=&#8220;.vc_custom_1519913668189{background-color: #ebeef3 !important;}&#8220;][vc_column][vc_custom_heading text=&#8220;In unserem Jachthafen bieten wir verschiedene M\u00f6glichkeiten f\u00fcr einen Liegeplatz:&#8220; font_container=&#8220;tag:h3|text_align:left&#8220; google_fonts=&#8220;font_family:Oswald%3A300%2Cregular%2C700|font_style:400%20regular%3A400%3Anormal&#8220;][vc_row_inner][vc_column_inner width=&#8220;1\/2&#8243;][vc_column_text]\n<table class=\"table table-hover\">\n<thead>\n<tr>\n<th>Liegeplatz<\/th>\n<th>Zeitraum<\/th>\n<\/tr>\n<\/thead>\n<tbody>\n<tr>\n<td>Dauerliegeplatz<\/td>\n<td>vom 1. April bis 1. April<\/td>\n<\/tr>\n<tr>\n<td>Winterliegeplatz<\/td>\n<td>vom 1. November bis 1. April<\/td>\n<\/tr>\n<tr>\n<td>Monatsliegeplatz<\/td>\n<td>1 oder mehrere Monate<\/td>\n<\/tr>\n<tr>\n<td>Touristenliegeplatz<\/td>\n<td>1 oder mehrere Tage<\/td>\n<\/tr>\n<\/tbody>\n<\/table>\n[\/vc_column_text][\/vc_column_inner][vc_column_inner width=&#8220;1\/2&#8243;][vc_single_image image=&#8220;1600&#8243; img_size=&#8220;full&#8220; alignment=&#8220;center&#8220; css=&#8220;.vc_custom_1670841111410{padding-top: 30px !important;padding-bottom: 15px !important;}&#8220;][\/vc_column_inner][\/vc_row_inner][\/vc_column][\/vc_row][vc_row css=&#8220;.vc_custom_1595231477791{margin-top: 80px !important;margin-bottom: 80px !important;padding-top: 10px !important;padding-right: 10px !important;padding-bottom: 10px !important;padding-left: 10px !important;}&#8220;][vc_column width=&#8220;1\/2&#8243;][vc_cta h2=&#8220;&#8220; h4=&#8220;Preisliste Jachthafen Friese Hoek&#8220; txt_align=&#8220;center&#8220; add_button=&#8220;bottom&#8220; btn_title=&#8220;Herunterladen&#8220; btn_style=&#8220;outline-custom&#8220; btn_outline_custom_color=&#8220;#201f72&#8243; btn_outline_custom_hover_background=&#8220;#ff5500&#8243; btn_outline_custom_hover_text=&#8220;#ffffff&#8220; btn_align=&#8220;center&#8220; btn_i_align=&#8220;right&#8220; btn_i_icon_fontawesome=&#8220;fas fa-download&#8220; btn_button_block=&#8220;true&#8220; btn_add_icon=&#8220;true&#8220; btn_link=&#8220;url:https%3A%2F%2Fwww.friesehoek.nl%2Fwp-content%2Fuploads%2F2025%2F07%2FPrijslijst-ligplaatsen-FrieseHoek-2026_definitief.pdf|title:Prijslijst%20Jachthaven%20Hindeloopen|target:_blank|&#8220;]Laden Sie hier die Preisliste f\u00fcr Liegepl\u00e4tze herunter<br \/>\nHerunterladen[\/vc_cta][\/vc_column][vc_column width=&#8220;1\/2&#8243;][vc_cta h2=&#8220;&#8220; h4=&#8220;Liegeplatz Jachthafen Friese Hoek&#8220; txt_align=&#8220;center&#8220; add_button=&#8220;bottom&#8220; btn_title=&#8220;Reservieren&#8220; btn_style=&#8220;outline-custom&#8220; btn_outline_custom_color=&#8220;#201f72&#8243; btn_outline_custom_hover_background=&#8220;#ff5500&#8243; btn_outline_custom_hover_text=&#8220;#ffffff&#8220; btn_align=&#8220;center&#8220; btn_i_align=&#8220;right&#8220; btn_i_icon_fontawesome=&#8220;fas fa-angle-double-right&#8220; btn_button_block=&#8220;true&#8220; btn_add_icon=&#8220;true&#8220; btn_link=&#8220;url:https%3A%2F%2Fwww.friesehoek.nl%2Fde%2Fanmeldung-schiffsliegeplatz%2F|target:%20_blank|&#8220;]Reservieren Sie hier Ihren Liegeplatz\u00a0Reservieren[\/vc_cta][\/vc_column][\/vc_row][vc_row full_width=&#8220;stretch_row&#8220; parallax=&#8220;content-moving&#8220; parallax_image=&#8220;1399&#8243; parallax_layers=&#8220;yes&#8220; video_cover=&#8220;3486&#8243; el_class=&#8220;content-padding-mobile-none&#8220; css=&#8220;.vc_custom_1670841227386{background-image: url(https:\/\/www.marinastavoren.nl\/wp-content\/uploads\/2021\/11\/sunny.jpg?id=295) !important;}&#8220;][vc_column el_class=&#8220;text-center white-box content-padding&#8220;]<h2 class=\"text-center\"><small>Exklusiv f\u00fcr Liegeplatz-Inhaber mit einem (Mehr-) Jahresvertrag:<\/small>SkipsMaritiem Membership Card<\/h2><div class='testimonials-carousel  owl-with-navigation' data-owl='{&quot;items&quot;:3,&quot;nav&quot;:true,&quot;navText&quot;:[&quot;Zur\\u00fcck&quot;,&quot;N\\u00e4chste&quot;],&quot;loop&quot;:true,&quot;autoplay&quot;:true,&quot;autoplayTimeout&quot;:&quot;3000&quot;,&quot;autoplayHoverPause&quot;:true,&quot;responsive&quot;:{&quot;0&quot;:{&quot;items&quot;:1,&quot;dots&quot;:true,&quot;nav&quot;:true},&quot;767&quot;:{&quot;items&quot;:2,&quot;dots&quot;:true},&quot;992&quot;:{&quot;items&quot;:3,&quot;dots&quot;:true}}}'><div class='testimonial'>\n      <h4 class='testimonial-title'>\n      10 % Erm\u00e4\u00dfigung          <\/h4>\n        <p>10% Erm\u00e4\u00dfigung auf nahezu das gesamte Sortiment in den Wassersportgesch\u00e4ften von SkipsMaritiem. (ausgenommen: Treibstoff, Gas, Supermarktartikel, Zeitungen, WLAN-Karten und Briefmarken, Sonderangebote und Aktionsartikel)<\/p>\n    <a href='#' class='btn-inline btn' target=\"_self\"><\/a>\n<\/div>\n<div class='testimonial'>\n      <h4 class='testimonial-title'>\n      10 kostenlose \u00dcbernachtungen          <\/h4>\n        <p>10 kostenlose \u00dcbernachtungen in einem anderen Hafen von SkipsMaritiem.<\/p>\n    <a href='#' class='btn-inline btn' target=\"_self\"><\/a>\n<\/div>\n<div class='testimonial'>\n      <h4 class='testimonial-title'>\n      50% Erm\u00e4\u00dfigung          <\/h4>\n        <p>50% Erm\u00e4\u00dfigung auf \u00dcbernachtungen in einem anderen Hafen von SkipsMaritiem, wenn die 10 kostenlosen \u00dcbernachtungen aufgebraucht sind.<\/p>\n    <a href='#' class='btn-inline btn' target=\"_self\"><\/a>\n<\/div>\n<div class='testimonial'>\n      <h4 class='testimonial-title'>\n      Kostenlose schwimmen          <\/h4>\n        <p>Kostenlose Benutzung des Schwimmbads.<\/p>\n    <a href='#' class='btn-inline btn' target=\"_self\"><\/a>\n<\/div>\n<div class='testimonial'>\n      <h4 class='testimonial-title'>\n      Winterlager          <\/h4>\n        <p>Sonderpreis f\u00fcr das Winterlager.<\/p>\n    <a href='#' class='btn-inline btn' target=\"_self\"><\/a>\n<\/div>\n<\/div>[\/vc_column][\/vc_row][vc_row][vc_column][vc_column_text][vc_cta_button call_text=&#8220;Reservieren Sie direkt oder rufen Sie uns an, wenn Sie mehr Information w\u00fcnschen. &#8220; title=&#8220;Hinterlassen Sie hier Ihre Kontaktdaten&#8220; icon=&#8220;wpb_arrow&#8220; size=&#8220;btn-large&#8220; position=&#8220;cta_align_bottom&#8220; href=&#8220;\/de\/anmeldung-schiffsliegeplatz\/&#8220;][\/vc_column_text][\/vc_column][\/vc_row]\n<\/div>","protected":false},"excerpt":{"rendered":"<p>[vc_row][vc_column][vc_column_text] Ein Liegeplatz f\u00fcr jeden Wassersportler Der Jachthafen Friese Hoek ist ein Yachthafen mit ger\u00e4umigen Liegepl\u00e4tzen. Der Hafen liegt direkt [&hellip;]<\/p>\n","protected":false},"author":1,"featured_media":0,"parent":484,"menu_order":0,"comment_status":"closed","ping_status":"closed","template":"page-templates\/page-left.php","meta":{"footnotes":""},"class_list":["post-490","page","type-page","status-publish","hentry"],"yoast_head":"<!-- This site is optimized with the Yoast SEO plugin v27.4 - https:\/\/yoast.com\/product\/yoast-seo-wordpress\/ -->\n<title>Liegepl\u00e4tze - Jachthaven Friese Hoek<\/title>\n<meta name=\"description\" content=\"Der Jachthafen Friese Hoek ist ein Yachthafen mit ger\u00e4umigen Liegepl\u00e4tzen. Der Hafen liegt direkt am IJsselmeer ganz in der N\u00e4he des Ortes Lemmer.\" \/>\n<meta name=\"robots\" content=\"index, follow, max-snippet:-1, max-image-preview:large, max-video-preview:-1\" \/>\n<link rel=\"canonical\" href=\"https:\/\/www.friesehoek.nl\/de\/jachthafen\/liegeplatze\/\" \/>\n<meta property=\"og:locale\" content=\"de_DE\" \/>\n<meta property=\"og:type\" content=\"article\" \/>\n<meta property=\"og:title\" content=\"Liegepl\u00e4tze - Jachthaven Friese Hoek\" \/>\n<meta property=\"og:description\" content=\"Der Jachthafen Friese Hoek ist ein Yachthafen mit ger\u00e4umigen Liegepl\u00e4tzen. Der Hafen liegt direkt am IJsselmeer ganz in der N\u00e4he des Ortes Lemmer.\" \/>\n<meta property=\"og:url\" content=\"https:\/\/www.friesehoek.nl\/de\/jachthafen\/liegeplatze\/\" \/>\n<meta property=\"og:site_name\" content=\"Jachthaven Friese Hoek\" \/>\n<meta property=\"article:modified_time\" content=\"2024-01-17T12:57:22+00:00\" \/>\n<meta name=\"twitter:card\" content=\"summary_large_image\" \/>\n<meta name=\"twitter:label1\" content=\"Gesch\u00e4tzte Lesezeit\" \/>\n\t<meta name=\"twitter:data1\" content=\"2\u00a0Minuten\" \/>\n<script type=\"application\/ld+json\" class=\"yoast-schema-graph\">{\"@context\":\"https:\\\/\\\/schema.org\",\"@graph\":[{\"@type\":\"WebPage\",\"@id\":\"https:\\\/\\\/www.friesehoek.nl\\\/de\\\/jachthafen\\\/liegeplatze\\\/\",\"url\":\"https:\\\/\\\/www.friesehoek.nl\\\/de\\\/jachthafen\\\/liegeplatze\\\/\",\"name\":\"Liegepl\u00e4tze - Jachthaven Friese Hoek\",\"isPartOf\":{\"@id\":\"https:\\\/\\\/www.friesehoek.nl\\\/de\\\/#website\"},\"datePublished\":\"2019-03-20T08:11:15+00:00\",\"dateModified\":\"2024-01-17T12:57:22+00:00\",\"description\":\"Der Jachthafen Friese Hoek ist ein Yachthafen mit ger\u00e4umigen Liegepl\u00e4tzen. Der Hafen liegt direkt am IJsselmeer ganz in der N\u00e4he des Ortes Lemmer.\",\"breadcrumb\":{\"@id\":\"https:\\\/\\\/www.friesehoek.nl\\\/de\\\/jachthafen\\\/liegeplatze\\\/#breadcrumb\"},\"inLanguage\":\"de\",\"potentialAction\":[{\"@type\":\"ReadAction\",\"target\":[\"https:\\\/\\\/www.friesehoek.nl\\\/de\\\/jachthafen\\\/liegeplatze\\\/\"]}]},{\"@type\":\"BreadcrumbList\",\"@id\":\"https:\\\/\\\/www.friesehoek.nl\\\/de\\\/jachthafen\\\/liegeplatze\\\/#breadcrumb\",\"itemListElement\":[{\"@type\":\"ListItem\",\"position\":1,\"name\":\"Home\",\"item\":\"https:\\\/\\\/www.friesehoek.nl\\\/de\\\/\"},{\"@type\":\"ListItem\",\"position\":2,\"name\":\"Jachthafen\",\"item\":\"https:\\\/\\\/www.friesehoek.nl\\\/de\\\/jachthafen\\\/\"},{\"@type\":\"ListItem\",\"position\":3,\"name\":\"Liegepl\u00e4tze\"}]},{\"@type\":\"WebSite\",\"@id\":\"https:\\\/\\\/www.friesehoek.nl\\\/de\\\/#website\",\"url\":\"https:\\\/\\\/www.friesehoek.nl\\\/de\\\/\",\"name\":\"Jachthaven Friese Hoek\",\"description\":\"Voel je thuis in Jachthaven Friese Hoek\",\"potentialAction\":[{\"@type\":\"SearchAction\",\"target\":{\"@type\":\"EntryPoint\",\"urlTemplate\":\"https:\\\/\\\/www.friesehoek.nl\\\/de\\\/?s={search_term_string}\"},\"query-input\":{\"@type\":\"PropertyValueSpecification\",\"valueRequired\":true,\"valueName\":\"search_term_string\"}}],\"inLanguage\":\"de\"}]}<\/script>\n<!-- \/ Yoast SEO plugin. -->","yoast_head_json":{"title":"Liegepl\u00e4tze - Jachthaven Friese Hoek","description":"Der Jachthafen Friese Hoek ist ein Yachthafen mit ger\u00e4umigen Liegepl\u00e4tzen. Der Hafen liegt direkt am IJsselmeer ganz in der N\u00e4he des Ortes Lemmer.","robots":{"index":"index","follow":"follow","max-snippet":"max-snippet:-1","max-image-preview":"max-image-preview:large","max-video-preview":"max-video-preview:-1"},"canonical":"https:\/\/www.friesehoek.nl\/de\/jachthafen\/liegeplatze\/","og_locale":"de_DE","og_type":"article","og_title":"Liegepl\u00e4tze - Jachthaven Friese Hoek","og_description":"Der Jachthafen Friese Hoek ist ein Yachthafen mit ger\u00e4umigen Liegepl\u00e4tzen. Der Hafen liegt direkt am IJsselmeer ganz in der N\u00e4he des Ortes Lemmer.","og_url":"https:\/\/www.friesehoek.nl\/de\/jachthafen\/liegeplatze\/","og_site_name":"Jachthaven Friese Hoek","article_modified_time":"2024-01-17T12:57:22+00:00","twitter_card":"summary_large_image","twitter_misc":{"Gesch\u00e4tzte Lesezeit":"2\u00a0Minuten"},"schema":{"@context":"https:\/\/schema.org","@graph":[{"@type":"WebPage","@id":"https:\/\/www.friesehoek.nl\/de\/jachthafen\/liegeplatze\/","url":"https:\/\/www.friesehoek.nl\/de\/jachthafen\/liegeplatze\/","name":"Liegepl\u00e4tze - Jachthaven Friese Hoek","isPartOf":{"@id":"https:\/\/www.friesehoek.nl\/de\/#website"},"datePublished":"2019-03-20T08:11:15+00:00","dateModified":"2024-01-17T12:57:22+00:00","description":"Der Jachthafen Friese Hoek ist ein Yachthafen mit ger\u00e4umigen Liegepl\u00e4tzen. Der Hafen liegt direkt am IJsselmeer ganz in der N\u00e4he des Ortes Lemmer.","breadcrumb":{"@id":"https:\/\/www.friesehoek.nl\/de\/jachthafen\/liegeplatze\/#breadcrumb"},"inLanguage":"de","potentialAction":[{"@type":"ReadAction","target":["https:\/\/www.friesehoek.nl\/de\/jachthafen\/liegeplatze\/"]}]},{"@type":"BreadcrumbList","@id":"https:\/\/www.friesehoek.nl\/de\/jachthafen\/liegeplatze\/#breadcrumb","itemListElement":[{"@type":"ListItem","position":1,"name":"Home","item":"https:\/\/www.friesehoek.nl\/de\/"},{"@type":"ListItem","position":2,"name":"Jachthafen","item":"https:\/\/www.friesehoek.nl\/de\/jachthafen\/"},{"@type":"ListItem","position":3,"name":"Liegepl\u00e4tze"}]},{"@type":"WebSite","@id":"https:\/\/www.friesehoek.nl\/de\/#website","url":"https:\/\/www.friesehoek.nl\/de\/","name":"Jachthaven Friese Hoek","description":"Voel je thuis in Jachthaven Friese Hoek","potentialAction":[{"@type":"SearchAction","target":{"@type":"EntryPoint","urlTemplate":"https:\/\/www.friesehoek.nl\/de\/?s={search_term_string}"},"query-input":{"@type":"PropertyValueSpecification","valueRequired":true,"valueName":"search_term_string"}}],"inLanguage":"de"}]}},"_links":{"self":[{"href":"https:\/\/www.friesehoek.nl\/de\/wp-json\/wp\/v2\/pages\/490","targetHints":{"allow":["GET"]}}],"collection":[{"href":"https:\/\/www.friesehoek.nl\/de\/wp-json\/wp\/v2\/pages"}],"about":[{"href":"https:\/\/www.friesehoek.nl\/de\/wp-json\/wp\/v2\/types\/page"}],"author":[{"embeddable":true,"href":"https:\/\/www.friesehoek.nl\/de\/wp-json\/wp\/v2\/users\/1"}],"replies":[{"embeddable":true,"href":"https:\/\/www.friesehoek.nl\/de\/wp-json\/wp\/v2\/comments?post=490"}],"version-history":[{"count":11,"href":"https:\/\/www.friesehoek.nl\/de\/wp-json\/wp\/v2\/pages\/490\/revisions"}],"predecessor-version":[{"id":2086,"href":"https:\/\/www.friesehoek.nl\/de\/wp-json\/wp\/v2\/pages\/490\/revisions\/2086"}],"up":[{"embeddable":true,"href":"https:\/\/www.friesehoek.nl\/de\/wp-json\/wp\/v2\/pages\/484"}],"wp:attachment":[{"href":"https:\/\/www.friesehoek.nl\/de\/wp-json\/wp\/v2\/media?parent=490"}],"curies":[{"name":"wp","href":"https:\/\/api.w.org\/{rel}","templated":true}]}}