{"id":492,"date":"2019-03-20T08:17:30","date_gmt":"2019-03-20T08:17:30","guid":{"rendered":"http:\/\/friesehoek.watersportoutdoorshop.nl\/jachthafen\/skipsmaritiem\/"},"modified":"2024-11-19T17:06:29","modified_gmt":"2024-11-19T15:06:29","slug":"skipsmaritiem","status":"publish","type":"page","link":"https:\/\/www.friesehoek.nl\/de\/jachthafen\/skipsmaritiem\/","title":{"rendered":"SkipsMaritiem"},"content":{"rendered":"<div class=\"wpb-content-wrapper\">[vc_row][vc_column][vc_column_text css=&#8220;&#8220;]\n<h1>SkipsMaritiem<\/h1>\n<p>Wir wollen, dass unsere G\u00e4ste Wassersport optimal und unbeschwert genie\u00dfen k\u00f6nnen. Das ist das Ziel der Jachth\u00e4fen von SkipsMaritiem. Mit 1.500 Liegepl\u00e4tzen sind wir der gr\u00f6\u00dfte Anbieter von Liegepl\u00e4tzen an der friesischen IJsselmeerk\u00fcste. Alle unsere Jachth\u00e4fen liegen an besonders sch\u00f6nen und beliebten Fahrrouten.<\/p>\n<p>Und nat\u00fcrlich haben alle unsere H\u00e4fen zahlreiche Einrichtungen f\u00fcr eine aktive Freizeitgestaltung und zur Erholung, zur Winterlagerung, sowie einen Yachtservice &amp; Refit f\u00fcr Ihr Boot. So bieten die Marinas von SkipsMaritiem ihren G\u00e4sten komplett ausgestattete Heimath\u00e4fen. Da wir insgesamt f\u00fcnf Jachth\u00e4fen betreiben, profitieren unsere Dauerlieger von vielen Vorteilen.[\/vc_column_text][\/vc_column][\/vc_row][vc_row full_width=&#8220;stretch_row&#8220; parallax=&#8220;content-moving&#8220; parallax_image=&#8220;3486&#8243; parallax_layers=&#8220;yes&#8220; video_cover=&#8220;3486&#8243; el_class=&#8220;content-padding-mobile-none&#8220; css=&#8220;.vc_custom_1671098708855{background-image: url(https:\/\/www.friesehoek.nl\/wp-content\/uploads\/2022\/12\/sunny-1.jpg?id=1401) !important;background-position: center;background-repeat: no-repeat !important;background-size: cover !important;}&#8220;][vc_column el_class=&#8220;text-center white-box content-padding&#8220;]<h2 class=\"text-center\"><small>Exklusiv f\u00fcr Liegeplatz-Inhaber mit einem (Mehr-) Jahresvertrag:<\/small>SkipsMaritiem Membership Card<\/h2><div class='testimonials-carousel  owl-with-navigation' data-owl='{&quot;items&quot;:3,&quot;nav&quot;:true,&quot;navText&quot;:[&quot;Zur\\u00fcck&quot;,&quot;Weiter&quot;],&quot;loop&quot;:true,&quot;autoplay&quot;:true,&quot;autoplayTimeout&quot;:&quot;3000&quot;,&quot;autoplayHoverPause&quot;:true,&quot;responsive&quot;:{&quot;0&quot;:{&quot;items&quot;:1,&quot;dots&quot;:true,&quot;nav&quot;:true},&quot;767&quot;:{&quot;items&quot;:2,&quot;dots&quot;:true},&quot;992&quot;:{&quot;items&quot;:3,&quot;dots&quot;:true}}}'><div class='testimonial'>\n      <h4 class='testimonial-title'>\n      10 % Erm\u00e4\u00dfigung          <\/h4>\n        <p>10 % Erm\u00e4\u00dfigung auf nahezu das gesamte Sortiment in den Wassersportgesch\u00e4ften von SkipsMaritiem. (ausgenommen: Treibstoff, Gas, Supermarktartikel, Zeitungen, WLAN-Karten und Briefmarken, Sonderangebote und Aktionsartikel)<\/p>\n    <a href='#' class='btn-inline btn' target=\"_self\"><\/a>\n<\/div>\n<div class='testimonial'>\n      <h4 class='testimonial-title'>\n      10 kostenlose \u00dcbernachtungen          <\/h4>\n        <p>10 kostenlose \u00dcbernachtungen in einem anderen Hafen von SkipsMaritiem.<\/p>\n    <a href='#' class='btn-inline btn' target=\"_self\"><\/a>\n<\/div>\n<div class='testimonial'>\n      <h4 class='testimonial-title'>\n      50 % Erm\u00e4\u00dfigung          <\/h4>\n        <p>50 % Erm\u00e4\u00dfigung auf \u00dcbernachtungen in einem anderen Hafen von SkipsMaritiem, wenn die 10 kostenlosen \u00dcbernachtungen aufgebraucht sind.<\/p>\n    <a href='#' class='btn-inline btn' target=\"_self\"><\/a>\n<\/div>\n<div class='testimonial'>\n      <h4 class='testimonial-title'>\n      Kostenloses schwimmen          <\/h4>\n        <p>Kostenlose Benutzung des Schwimmbads<\/p>\n    <a href='#' class='btn-inline btn' target=\"_self\"><\/a>\n<\/div>\n<div class='testimonial'>\n      <h4 class='testimonial-title'>\n      Winterlager          <\/h4>\n        <p>Sonderpreis f\u00fcr das Winterlager.<\/p>\n    <a href='#' class='btn-inline btn' target=\"_self\"><\/a>\n<\/div>\n<\/div>[\/vc_column][\/vc_row][vc_row full_width=&#8220;stretch_row&#8220; parallax_layers=&#8220;yes&#8220; css=&#8220;.vc_custom_1641383987397{background-image: url(https:\/\/marinastavoren.xdialogue-demo.nl\/wp-content\/uploads\/2021\/11\/bg.jpg?id=302) !important;background-position: center !important;background-repeat: no-repeat !important;background-size: cover !important;}&#8220; parallax_offset=&#8220;0&#8243; layer_1_vertical=&#8220;bottom: -30px&#8220; layer_1_horizontal=&#8220;right: -30px&#8220; layer_1_ratio=&#8220;1.85123&#8243; layer_1_z=&#8220;0&#8243; layer_2_vertical=&#8220;top: 40%&#8220; layer_2_horizontal=&#8220;left: 50px&#8220; layer_2_ratio=&#8220;0.69343&#8243; layer_2_width=&#8220;170px&#8220; layer_2_z=&#8220;1&#8243; layer_1_width=&#8220;250px&#8220; layer_1=&#8220;303&#8243; layer_2=&#8220;303&#8243; layer_3=&#8220;3504&#8243;][vc_column width=&#8220;1\/2&#8243;][vc_single_image image=&#8220;1636&#8243; img_size=&#8220;large&#8220;][\/vc_column][vc_column width=&#8220;1\/2&#8243;][vc_column_text css=&#8220;&#8220;]\n<h2><small>Extra Vorteil<\/small>Einen Liegeplatz mieten, vier Heimath\u00e4fen!!<\/h2>\n<p>Auf Wunsch k\u00f6nnen Sie einmal in der Saison den Heimathafen wechseln. Sie zahlen in dem Fall nur die Differenz zwischen den Liegeplatztarifen.<\/p>\n<p>Auch f\u00fcr Passanten haben wir interessante Preisnachl\u00e4sse in petto. Kennen Sie schon unsere Vorteilkarte? Mit dieser Karte haben Sie Recht auf sieben \u00dcbernachtungen in den H\u00e4fen von SkipsMaritiem. Der Preisvorteil kann bis zu 25 % betragen.<\/p>\n<p>Die Vorteilkarte ist eine Saison g\u00fcltig und ist im Hafenb\u00fcro erh\u00e4ltlich.<\/p>\n<p><a class=\"btn btn-inline\" href=\"\/de\/kontaktdaten\/\">Zum Kontaktformular<\/a>[\/vc_column_text][\/vc_column][vc_column css=&#8220;.vc_custom_1671098764143{margin-top: 5.6rem !important;}&#8220;][vc_column_text]\n<h2 class=\"text-uppercase text-center\" style=\"text-align: center;\">MEHRJ\u00c4HRIGE VERTR\u00c4GE<\/h2>\n<p style=\"text-align: center;\">Ihr Vorteil betr\u00e4gt schnell hunderte Euros.<\/p>\n<table class=\"table table-responsive\">\n<tbody>\n<tr>\n<td class=\"text-left\"><strong>3-j\u00e4hriger Vertrag bei j\u00e4hrlicher Bezahlung. Sie bekommen j\u00e4hrlich 5% Erm\u00e4\u00dfigung auf den g\u00fcltigen Liegeplatzpreis.<\/strong><\/td>\n<\/tr>\n<tr>\n<td class=\"text-left\"><strong>5-j\u00e4hriger Vertrag bei j\u00e4hrlicher Bezahlung. Sie bekommen j\u00e4hrlich 10% Erm\u00e4\u00dfigung auf den g\u00fcltigen Liegeplatzpreis.<\/strong><\/td>\n<\/tr>\n<\/tbody>\n<\/table>\n[\/vc_column_text][\/vc_column][\/vc_row]\n<\/div>","protected":false},"excerpt":{"rendered":"<p>[vc_row][vc_column][vc_column_text css=&#8220;&#8220;] SkipsMaritiem Wir wollen, dass unsere G\u00e4ste Wassersport optimal und unbeschwert genie\u00dfen k\u00f6nnen. Das ist das Ziel der Jachth\u00e4fen [&hellip;]<\/p>\n","protected":false},"author":1,"featured_media":0,"parent":484,"menu_order":0,"comment_status":"closed","ping_status":"closed","template":"page-templates\/page-left.php","meta":{"footnotes":""},"class_list":["post-492","page","type-page","status-publish","hentry"],"yoast_head":"<!-- This site is optimized with the Yoast SEO plugin v27.6 - https:\/\/yoast.com\/product\/yoast-seo-wordpress\/ -->\n<title>SkipsMaritiem - Jachthaven Friese Hoek<\/title>\n<meta name=\"description\" content=\"Wir wollen, dass unsere G\u00e4ste Wassersport optimal und unbeschwert genie\u00dfen k\u00f6nnen. Das ist das Ziel der Jachth\u00e4fen von SkipsMaritiem.\" \/>\n<meta name=\"robots\" content=\"index, follow, max-snippet:-1, max-image-preview:large, max-video-preview:-1\" \/>\n<link rel=\"canonical\" href=\"https:\/\/www.friesehoek.nl\/de\/jachthafen\/skipsmaritiem\/\" \/>\n<meta property=\"og:locale\" content=\"de_DE\" \/>\n<meta property=\"og:type\" content=\"article\" \/>\n<meta property=\"og:title\" content=\"SkipsMaritiem - Jachthaven Friese Hoek\" \/>\n<meta property=\"og:description\" content=\"Wir wollen, dass unsere G\u00e4ste Wassersport optimal und unbeschwert genie\u00dfen k\u00f6nnen. Das ist das Ziel der Jachth\u00e4fen von SkipsMaritiem.\" \/>\n<meta property=\"og:url\" content=\"https:\/\/www.friesehoek.nl\/de\/jachthafen\/skipsmaritiem\/\" \/>\n<meta property=\"og:site_name\" content=\"Jachthaven Friese Hoek\" \/>\n<meta property=\"article:modified_time\" content=\"2024-11-19T15:06:29+00:00\" \/>\n<meta name=\"twitter:card\" content=\"summary_large_image\" \/>\n<meta name=\"twitter:label1\" content=\"Gesch\u00e4tzte Lesezeit\" \/>\n\t<meta name=\"twitter:data1\" content=\"2\u00a0Minuten\" \/>\n<script type=\"application\/ld+json\" class=\"yoast-schema-graph\">{\"@context\":\"https:\\\/\\\/schema.org\",\"@graph\":[{\"@type\":\"WebPage\",\"@id\":\"https:\\\/\\\/www.friesehoek.nl\\\/de\\\/jachthafen\\\/skipsmaritiem\\\/\",\"url\":\"https:\\\/\\\/www.friesehoek.nl\\\/de\\\/jachthafen\\\/skipsmaritiem\\\/\",\"name\":\"SkipsMaritiem - Jachthaven Friese Hoek\",\"isPartOf\":{\"@id\":\"https:\\\/\\\/www.friesehoek.nl\\\/de\\\/#website\"},\"datePublished\":\"2019-03-20T08:17:30+00:00\",\"dateModified\":\"2024-11-19T15:06:29+00:00\",\"description\":\"Wir wollen, dass unsere G\u00e4ste Wassersport optimal und unbeschwert genie\u00dfen k\u00f6nnen. Das ist das Ziel der Jachth\u00e4fen von SkipsMaritiem.\",\"breadcrumb\":{\"@id\":\"https:\\\/\\\/www.friesehoek.nl\\\/de\\\/jachthafen\\\/skipsmaritiem\\\/#breadcrumb\"},\"inLanguage\":\"de\",\"potentialAction\":[{\"@type\":\"ReadAction\",\"target\":[\"https:\\\/\\\/www.friesehoek.nl\\\/de\\\/jachthafen\\\/skipsmaritiem\\\/\"]}]},{\"@type\":\"BreadcrumbList\",\"@id\":\"https:\\\/\\\/www.friesehoek.nl\\\/de\\\/jachthafen\\\/skipsmaritiem\\\/#breadcrumb\",\"itemListElement\":[{\"@type\":\"ListItem\",\"position\":1,\"name\":\"Home\",\"item\":\"https:\\\/\\\/www.friesehoek.nl\\\/de\\\/\"},{\"@type\":\"ListItem\",\"position\":2,\"name\":\"Jachthafen\",\"item\":\"https:\\\/\\\/www.friesehoek.nl\\\/de\\\/jachthafen\\\/\"},{\"@type\":\"ListItem\",\"position\":3,\"name\":\"SkipsMaritiem\"}]},{\"@type\":\"WebSite\",\"@id\":\"https:\\\/\\\/www.friesehoek.nl\\\/de\\\/#website\",\"url\":\"https:\\\/\\\/www.friesehoek.nl\\\/de\\\/\",\"name\":\"Jachthaven Friese Hoek\",\"description\":\"Voel je thuis in Jachthaven Friese Hoek\",\"potentialAction\":[{\"@type\":\"SearchAction\",\"target\":{\"@type\":\"EntryPoint\",\"urlTemplate\":\"https:\\\/\\\/www.friesehoek.nl\\\/de\\\/?s={search_term_string}\"},\"query-input\":{\"@type\":\"PropertyValueSpecification\",\"valueRequired\":true,\"valueName\":\"search_term_string\"}}],\"inLanguage\":\"de\"}]}<\/script>\n<!-- \/ Yoast SEO plugin. -->","yoast_head_json":{"title":"SkipsMaritiem - Jachthaven Friese Hoek","description":"Wir wollen, dass unsere G\u00e4ste Wassersport optimal und unbeschwert genie\u00dfen k\u00f6nnen. Das ist das Ziel der Jachth\u00e4fen von SkipsMaritiem.","robots":{"index":"index","follow":"follow","max-snippet":"max-snippet:-1","max-image-preview":"max-image-preview:large","max-video-preview":"max-video-preview:-1"},"canonical":"https:\/\/www.friesehoek.nl\/de\/jachthafen\/skipsmaritiem\/","og_locale":"de_DE","og_type":"article","og_title":"SkipsMaritiem - Jachthaven Friese Hoek","og_description":"Wir wollen, dass unsere G\u00e4ste Wassersport optimal und unbeschwert genie\u00dfen k\u00f6nnen. Das ist das Ziel der Jachth\u00e4fen von SkipsMaritiem.","og_url":"https:\/\/www.friesehoek.nl\/de\/jachthafen\/skipsmaritiem\/","og_site_name":"Jachthaven Friese Hoek","article_modified_time":"2024-11-19T15:06:29+00:00","twitter_card":"summary_large_image","twitter_misc":{"Gesch\u00e4tzte Lesezeit":"2\u00a0Minuten"},"schema":{"@context":"https:\/\/schema.org","@graph":[{"@type":"WebPage","@id":"https:\/\/www.friesehoek.nl\/de\/jachthafen\/skipsmaritiem\/","url":"https:\/\/www.friesehoek.nl\/de\/jachthafen\/skipsmaritiem\/","name":"SkipsMaritiem - Jachthaven Friese Hoek","isPartOf":{"@id":"https:\/\/www.friesehoek.nl\/de\/#website"},"datePublished":"2019-03-20T08:17:30+00:00","dateModified":"2024-11-19T15:06:29+00:00","description":"Wir wollen, dass unsere G\u00e4ste Wassersport optimal und unbeschwert genie\u00dfen k\u00f6nnen. Das ist das Ziel der Jachth\u00e4fen von SkipsMaritiem.","breadcrumb":{"@id":"https:\/\/www.friesehoek.nl\/de\/jachthafen\/skipsmaritiem\/#breadcrumb"},"inLanguage":"de","potentialAction":[{"@type":"ReadAction","target":["https:\/\/www.friesehoek.nl\/de\/jachthafen\/skipsmaritiem\/"]}]},{"@type":"BreadcrumbList","@id":"https:\/\/www.friesehoek.nl\/de\/jachthafen\/skipsmaritiem\/#breadcrumb","itemListElement":[{"@type":"ListItem","position":1,"name":"Home","item":"https:\/\/www.friesehoek.nl\/de\/"},{"@type":"ListItem","position":2,"name":"Jachthafen","item":"https:\/\/www.friesehoek.nl\/de\/jachthafen\/"},{"@type":"ListItem","position":3,"name":"SkipsMaritiem"}]},{"@type":"WebSite","@id":"https:\/\/www.friesehoek.nl\/de\/#website","url":"https:\/\/www.friesehoek.nl\/de\/","name":"Jachthaven Friese Hoek","description":"Voel je thuis in Jachthaven Friese Hoek","potentialAction":[{"@type":"SearchAction","target":{"@type":"EntryPoint","urlTemplate":"https:\/\/www.friesehoek.nl\/de\/?s={search_term_string}"},"query-input":{"@type":"PropertyValueSpecification","valueRequired":true,"valueName":"search_term_string"}}],"inLanguage":"de"}]}},"_links":{"self":[{"href":"https:\/\/www.friesehoek.nl\/de\/wp-json\/wp\/v2\/pages\/492","targetHints":{"allow":["GET"]}}],"collection":[{"href":"https:\/\/www.friesehoek.nl\/de\/wp-json\/wp\/v2\/pages"}],"about":[{"href":"https:\/\/www.friesehoek.nl\/de\/wp-json\/wp\/v2\/types\/page"}],"author":[{"embeddable":true,"href":"https:\/\/www.friesehoek.nl\/de\/wp-json\/wp\/v2\/users\/1"}],"replies":[{"embeddable":true,"href":"https:\/\/www.friesehoek.nl\/de\/wp-json\/wp\/v2\/comments?post=492"}],"version-history":[{"count":15,"href":"https:\/\/www.friesehoek.nl\/de\/wp-json\/wp\/v2\/pages\/492\/revisions"}],"predecessor-version":[{"id":3145,"href":"https:\/\/www.friesehoek.nl\/de\/wp-json\/wp\/v2\/pages\/492\/revisions\/3145"}],"up":[{"embeddable":true,"href":"https:\/\/www.friesehoek.nl\/de\/wp-json\/wp\/v2\/pages\/484"}],"wp:attachment":[{"href":"https:\/\/www.friesehoek.nl\/de\/wp-json\/wp\/v2\/media?parent=492"}],"curies":[{"name":"wp","href":"https:\/\/api.w.org\/{rel}","templated":true}]}}