{"id":494,"date":"2019-03-20T08:21:58","date_gmt":"2019-03-20T08:21:58","guid":{"rendered":"http:\/\/friesehoek.watersportoutdoorshop.nl\/jachthafen\/preise\/"},"modified":"2025-07-02T14:25:08","modified_gmt":"2025-07-02T12:25:08","slug":"tarife","status":"publish","type":"page","link":"https:\/\/www.friesehoek.nl\/de\/jachthafen\/tarife\/","title":{"rendered":"Tarife"},"content":{"rendered":"<div class=\"wpb-content-wrapper\">[vc_row][vc_column][vc_column_text]\n<h2>Tarife Jachthaven Friese Hoek<\/h2>\n<p>Neben unseren aktuellen Preisen k\u00f6nnen Sie hier die Liegeplatzvereinbarung und die Winterlagervereinbarung herunterladen.[\/vc_column_text][\/vc_column][\/vc_row][vc_row css=&#8220;.vc_custom_1610022025844{padding-top: 10px !important;padding-right: 10px !important;padding-bottom: 10px !important;padding-left: 10px !important;background-color: #ebeef3 !important;border-radius: 10px !important;}&#8220;][vc_column][vc_column_text]\n<h3 style=\"text-align: left;\">Tarife Jahresliegeplatz<\/h3>\n<table class=\"table table-responsive\">\n<tbody>\n<tr>\n<td class=\"text-left\">Preisliste<\/td>\n<td class=\"text-left\"><a href=\"\/wp-content\/uploads\/2025\/07\/prijslijst_ligplaatsen_FrieseHoek_2026.pdf\" target=\"_blank\" rel=\"noopener\"><strong> PDF herunterladen <\/strong><\/a><\/td>\n<\/tr>\n<tr>\n<td class=\"text-left\">Preisliste aller SkipsMaritiem Jachth\u00e4fen<\/td>\n<td class=\"text-left\"><a href=\"\/wp-content\/uploads\/2025\/07\/Prijslijst-ligplaatsen-SkipsMaritiem-03-2026-1.pdf\" target=\"_blank\" rel=\"noopener\"><strong> PDF herunterladen <\/strong><\/a><\/td>\n<\/tr>\n<tr>\n<td class=\"text-left\">Vereinbarung<\/td>\n<td class=\"text-left\"><a href=\"\/wp-content\/uploads\/2022\/12\/ligplaatsovereenkomsten-duits.pdf\" target=\"_blank\" rel=\"noopener\"><strong> PDF herunterladen <\/strong><\/a><\/td>\n<\/tr>\n<\/tbody>\n<\/table>\n[\/vc_column_text][\/vc_column][\/vc_row][vc_row css=&#8220;.vc_custom_1610022160088{margin-top: 60px !important;padding-top: 10px !important;padding-right: 10px !important;padding-bottom: 10px !important;padding-left: 10px !important;background-color: #ebeef3 !important;border-radius: 10px !important;}&#8220;][vc_column][vc_column_text css=&#8220;&#8220;]\n<h3 style=\"text-align: left;\">Tarife Winterlagerung<\/h3>\n<table class=\"table table-responsive\">\n<tbody>\n<tr>\n<td class=\"text-left\">Preisliste<\/td>\n<td class=\"text-left\"><a href=\"\/wp-content\/uploads\/2025\/07\/A-Prijslijst-WB_FH-2025-2026-DU-DEF.pdf\" target=\"_blank\" rel=\"noopener\"><strong> PDF herunterladen <\/strong><\/a><\/td>\n<\/tr>\n<tr>\n<td class=\"text-left\">Mietvertrag Winterlager<\/td>\n<td class=\"text-left\"><a href=\"\/wp-content\/uploads\/2025\/07\/C-Winterbergingsovereenkomst-FH-DU-2025-2026-DEF.pdf\" target=\"_blank\" rel=\"noopener\"><strong> PDF herunterladen <\/strong><\/a><\/td>\n<\/tr>\n<\/tbody>\n<\/table>\n[\/vc_column_text][\/vc_column][\/vc_row][vc_row css=&#8220;.vc_custom_1446035548470{margin-top: 60px !important;padding-top: 0px !important;padding-right: 0px !important;padding-bottom: 0px !important;padding-left: 0px !important;}&#8220;][vc_column width=&#8220;2\/3&#8243; css=&#8220;.vc_custom_1446035501897{padding-top: 10px !important;padding-bottom: 30px !important;}&#8220;][vc_column_text]\n<h3>Kontakt<\/h3>\n<p>M\u00f6chten Sie wissen, welche Liegepl\u00e4tze verf\u00fcgbar sind oder erhalten Sie gerne weitere Informationen? Kontaktieren Sie uns. Wir helfen Ihnen gerne weiter. M\u00f6chten Sie nicht warten? Dann k\u00f6nnen Sie auch jederzeit das Antragsformular\u00a0ausf\u00fcllen oder eine E-Mail an <a href=\"mailto:info@friesehoek\">info@friesehoek<\/a> schicken.<\/p>\n<p>M\u00f6chten Sie einen Vertrag f\u00fcr einen Jahresliegeplatz oder f\u00fcr einen mehrj\u00e4hrigen Liegeplatz in unserem Jachthafen abschlie\u00dfen? Laden Sie dann hier\u00a0das Anmeldeformular herunter und senden Sie uns das ausgef\u00fcllte Formular per E-Mail oder Post zu.[\/vc_column_text][\/vc_column][vc_column width=&#8220;1\/3&#8243; css=&#8220;.vc_custom_1446035764451{margin-top: 40px !important;padding-top: 30px !important;padding-bottom: 30px !important;}&#8220;][vc_cta h2=&#8220;&#8220; h4=&#8220;Antragsformular&#8220; txt_align=&#8220;center&#8220; add_button=&#8220;bottom&#8220; btn_title=&#8220;Herunterladen&#8220; btn_style=&#8220;outline-custom&#8220; btn_outline_custom_color=&#8220;#201f72&#8243; btn_outline_custom_hover_background=&#8220;#ff5500&#8243; btn_outline_custom_hover_text=&#8220;#ffffff&#8220; btn_align=&#8220;center&#8220; btn_i_icon_fontawesome=&#8220;fas fa-angle-double-right&#8220; btn_add_icon=&#8220;true&#8220; btn_link=&#8220;url:https%3A%2F%2Fwww.friesehoek.nl%2Fde%2Fanmeldung-schiffsliegeplatz%2F|title:Winterbergingovereenkomst|target:%20_blank|&#8220;]Laden Sie hier das Antragsformular herunter[\/vc_cta][\/vc_column][\/vc_row]\n<\/div>","protected":false},"excerpt":{"rendered":"<p>[vc_row][vc_column][vc_column_text] Tarife Jachthaven Friese Hoek Neben unseren aktuellen Preisen k\u00f6nnen Sie hier die Liegeplatzvereinbarung und die Winterlagervereinbarung herunterladen.[\/vc_column_text][\/vc_column][\/vc_row][vc_row css=&#8220;.vc_custom_1610022025844{padding-top: 10px [&hellip;]<\/p>\n","protected":false},"author":1,"featured_media":0,"parent":484,"menu_order":0,"comment_status":"closed","ping_status":"closed","template":"page-templates\/page-left.php","meta":{"footnotes":""},"class_list":["post-494","page","type-page","status-publish","hentry"],"yoast_head":"<!-- This site is optimized with the Yoast SEO plugin v27.3 - https:\/\/yoast.com\/product\/yoast-seo-wordpress\/ -->\n<title>Tarife - Jachthaven Friese Hoek<\/title>\n<meta name=\"description\" content=\"Neben unseren aktuellen Preisen k\u00f6nnen Sie hier die Liegeplatzvereinbarung und die Winterlagervereinbarung herunterladen.\" \/>\n<meta name=\"robots\" content=\"index, follow, max-snippet:-1, max-image-preview:large, max-video-preview:-1\" \/>\n<link rel=\"canonical\" href=\"https:\/\/www.friesehoek.nl\/de\/jachthafen\/tarife\/\" \/>\n<meta property=\"og:locale\" content=\"de_DE\" \/>\n<meta property=\"og:type\" content=\"article\" \/>\n<meta property=\"og:title\" content=\"Tarife - Jachthaven Friese Hoek\" \/>\n<meta property=\"og:description\" content=\"Neben unseren aktuellen Preisen k\u00f6nnen Sie hier die Liegeplatzvereinbarung und die Winterlagervereinbarung herunterladen.\" \/>\n<meta property=\"og:url\" content=\"https:\/\/www.friesehoek.nl\/de\/jachthafen\/tarife\/\" \/>\n<meta property=\"og:site_name\" content=\"Jachthaven Friese Hoek\" \/>\n<meta property=\"article:modified_time\" content=\"2025-07-02T12:25:08+00:00\" \/>\n<meta name=\"twitter:card\" content=\"summary_large_image\" \/>\n<meta name=\"twitter:label1\" content=\"Gesch\u00e4tzte Lesezeit\" \/>\n\t<meta name=\"twitter:data1\" content=\"1\u00a0Minute\" \/>\n<script type=\"application\/ld+json\" class=\"yoast-schema-graph\">{\"@context\":\"https:\\\/\\\/schema.org\",\"@graph\":[{\"@type\":\"WebPage\",\"@id\":\"https:\\\/\\\/www.friesehoek.nl\\\/de\\\/jachthafen\\\/tarife\\\/\",\"url\":\"https:\\\/\\\/www.friesehoek.nl\\\/de\\\/jachthafen\\\/tarife\\\/\",\"name\":\"Tarife - Jachthaven Friese Hoek\",\"isPartOf\":{\"@id\":\"https:\\\/\\\/www.friesehoek.nl\\\/de\\\/#website\"},\"datePublished\":\"2019-03-20T08:21:58+00:00\",\"dateModified\":\"2025-07-02T12:25:08+00:00\",\"description\":\"Neben unseren aktuellen Preisen k\u00f6nnen Sie hier die Liegeplatzvereinbarung und die Winterlagervereinbarung herunterladen.\",\"breadcrumb\":{\"@id\":\"https:\\\/\\\/www.friesehoek.nl\\\/de\\\/jachthafen\\\/tarife\\\/#breadcrumb\"},\"inLanguage\":\"de\",\"potentialAction\":[{\"@type\":\"ReadAction\",\"target\":[\"https:\\\/\\\/www.friesehoek.nl\\\/de\\\/jachthafen\\\/tarife\\\/\"]}]},{\"@type\":\"BreadcrumbList\",\"@id\":\"https:\\\/\\\/www.friesehoek.nl\\\/de\\\/jachthafen\\\/tarife\\\/#breadcrumb\",\"itemListElement\":[{\"@type\":\"ListItem\",\"position\":1,\"name\":\"Home\",\"item\":\"https:\\\/\\\/www.friesehoek.nl\\\/de\\\/\"},{\"@type\":\"ListItem\",\"position\":2,\"name\":\"Jachthafen\",\"item\":\"https:\\\/\\\/www.friesehoek.nl\\\/de\\\/jachthafen\\\/\"},{\"@type\":\"ListItem\",\"position\":3,\"name\":\"Tarife\"}]},{\"@type\":\"WebSite\",\"@id\":\"https:\\\/\\\/www.friesehoek.nl\\\/de\\\/#website\",\"url\":\"https:\\\/\\\/www.friesehoek.nl\\\/de\\\/\",\"name\":\"Jachthaven Friese Hoek\",\"description\":\"Voel je thuis in Jachthaven Friese Hoek\",\"potentialAction\":[{\"@type\":\"SearchAction\",\"target\":{\"@type\":\"EntryPoint\",\"urlTemplate\":\"https:\\\/\\\/www.friesehoek.nl\\\/de\\\/?s={search_term_string}\"},\"query-input\":{\"@type\":\"PropertyValueSpecification\",\"valueRequired\":true,\"valueName\":\"search_term_string\"}}],\"inLanguage\":\"de\"}]}<\/script>\n<!-- \/ Yoast SEO plugin. -->","yoast_head_json":{"title":"Tarife - Jachthaven Friese Hoek","description":"Neben unseren aktuellen Preisen k\u00f6nnen Sie hier die Liegeplatzvereinbarung und die Winterlagervereinbarung herunterladen.","robots":{"index":"index","follow":"follow","max-snippet":"max-snippet:-1","max-image-preview":"max-image-preview:large","max-video-preview":"max-video-preview:-1"},"canonical":"https:\/\/www.friesehoek.nl\/de\/jachthafen\/tarife\/","og_locale":"de_DE","og_type":"article","og_title":"Tarife - Jachthaven Friese Hoek","og_description":"Neben unseren aktuellen Preisen k\u00f6nnen Sie hier die Liegeplatzvereinbarung und die Winterlagervereinbarung herunterladen.","og_url":"https:\/\/www.friesehoek.nl\/de\/jachthafen\/tarife\/","og_site_name":"Jachthaven Friese Hoek","article_modified_time":"2025-07-02T12:25:08+00:00","twitter_card":"summary_large_image","twitter_misc":{"Gesch\u00e4tzte Lesezeit":"1\u00a0Minute"},"schema":{"@context":"https:\/\/schema.org","@graph":[{"@type":"WebPage","@id":"https:\/\/www.friesehoek.nl\/de\/jachthafen\/tarife\/","url":"https:\/\/www.friesehoek.nl\/de\/jachthafen\/tarife\/","name":"Tarife - Jachthaven Friese Hoek","isPartOf":{"@id":"https:\/\/www.friesehoek.nl\/de\/#website"},"datePublished":"2019-03-20T08:21:58+00:00","dateModified":"2025-07-02T12:25:08+00:00","description":"Neben unseren aktuellen Preisen k\u00f6nnen Sie hier die Liegeplatzvereinbarung und die Winterlagervereinbarung herunterladen.","breadcrumb":{"@id":"https:\/\/www.friesehoek.nl\/de\/jachthafen\/tarife\/#breadcrumb"},"inLanguage":"de","potentialAction":[{"@type":"ReadAction","target":["https:\/\/www.friesehoek.nl\/de\/jachthafen\/tarife\/"]}]},{"@type":"BreadcrumbList","@id":"https:\/\/www.friesehoek.nl\/de\/jachthafen\/tarife\/#breadcrumb","itemListElement":[{"@type":"ListItem","position":1,"name":"Home","item":"https:\/\/www.friesehoek.nl\/de\/"},{"@type":"ListItem","position":2,"name":"Jachthafen","item":"https:\/\/www.friesehoek.nl\/de\/jachthafen\/"},{"@type":"ListItem","position":3,"name":"Tarife"}]},{"@type":"WebSite","@id":"https:\/\/www.friesehoek.nl\/de\/#website","url":"https:\/\/www.friesehoek.nl\/de\/","name":"Jachthaven Friese Hoek","description":"Voel je thuis in Jachthaven Friese Hoek","potentialAction":[{"@type":"SearchAction","target":{"@type":"EntryPoint","urlTemplate":"https:\/\/www.friesehoek.nl\/de\/?s={search_term_string}"},"query-input":{"@type":"PropertyValueSpecification","valueRequired":true,"valueName":"search_term_string"}}],"inLanguage":"de"}]}},"_links":{"self":[{"href":"https:\/\/www.friesehoek.nl\/de\/wp-json\/wp\/v2\/pages\/494","targetHints":{"allow":["GET"]}}],"collection":[{"href":"https:\/\/www.friesehoek.nl\/de\/wp-json\/wp\/v2\/pages"}],"about":[{"href":"https:\/\/www.friesehoek.nl\/de\/wp-json\/wp\/v2\/types\/page"}],"author":[{"embeddable":true,"href":"https:\/\/www.friesehoek.nl\/de\/wp-json\/wp\/v2\/users\/1"}],"replies":[{"embeddable":true,"href":"https:\/\/www.friesehoek.nl\/de\/wp-json\/wp\/v2\/comments?post=494"}],"version-history":[{"count":14,"href":"https:\/\/www.friesehoek.nl\/de\/wp-json\/wp\/v2\/pages\/494\/revisions"}],"predecessor-version":[{"id":4862,"href":"https:\/\/www.friesehoek.nl\/de\/wp-json\/wp\/v2\/pages\/494\/revisions\/4862"}],"up":[{"embeddable":true,"href":"https:\/\/www.friesehoek.nl\/de\/wp-json\/wp\/v2\/pages\/484"}],"wp:attachment":[{"href":"https:\/\/www.friesehoek.nl\/de\/wp-json\/wp\/v2\/media?parent=494"}],"curies":[{"name":"wp","href":"https:\/\/api.w.org\/{rel}","templated":true}]}}