{"id":496,"date":"2019-03-20T08:29:50","date_gmt":"2019-03-20T08:29:50","guid":{"rendered":"http:\/\/friesehoek.watersportoutdoorshop.nl\/jachthafen\/winterlagerung\/"},"modified":"2025-07-02T14:25:25","modified_gmt":"2025-07-02T12:25:25","slug":"winterlagerung","status":"publish","type":"page","link":"https:\/\/www.friesehoek.nl\/de\/jachthafen\/winterlagerung\/","title":{"rendered":"Winterlagerung"},"content":{"rendered":"<div class=\"wpb-content-wrapper\">[vc_row][vc_column][vc_column_text]\n<h1>Der ideale Moment f\u00fcr die j\u00e4hrlichen Checks<\/h1>\n<p>Der Jachthafen Friese Hoek bietet Bootsbesitzern eine Winterlagerung am Kai und in der Halle. Auf dem Gel\u00e4nde haben wir in zwei Hallen Platz f\u00fcr 35 Boote mit je maximal 14 Tonnen (mit einer maximalen Durchfahrtsh\u00f6he von 4,80 m) und 7 Boote mit je maximal 5 Tonnen (mit einer maximalen Durchfahrtsh\u00f6he von 3,.80 m). An Wall steht daf\u00fcr der Parkplatz des Jachthafens zur Verf\u00fcgung. Ab unseren Betriebsgeb\u00e4uden hat man einen direkten Blick auf das Gel\u00e4nde.<\/p>\n<p>SkipsMaritiem verf\u00fcgt insgesamt \u00fcber 40.000 m2 an Winterliegepl\u00e4tzen am Kai und etwa 15.000 m2 an \u00fcberdachten und isolierten Pl\u00e4tzen. Auch gibt es ein spezielles Mastenlager und eine Halle mit einer Durchfahrtsh\u00f6he von 8 Metern f\u00fcr gro\u00dfe Boote. Somit bietet SkipsMaritiem f\u00fcr alle Sorten und Abmessungen von Booten die passende L\u00f6sung. Mit unseren Kr\u00e4nen mit unterschiedlichem Hebeverm\u00f6gen (30 Tonnen, 50 Tonnen und 64 Tonnen) und Transportm\u00f6glichkeiten bis zu 70 Tonnen k\u00f6nnen wir auch schwere Arbeiten erledigen. Aufgrund der speziellen Krankonstruktion k\u00f6nnen auch jederzeit Boote mit stehendem Mast gekrant werden.[\/vc_column_text][\/vc_column][\/vc_row][vc_row css=&#8220;.vc_custom_1610024181078{padding-top: 10px !important;padding-right: 10px !important;padding-bottom: 10px !important;padding-left: 10px !important;background-color: #ebeef3 !important;border-radius: 10px !important;}&#8220;][vc_column width=&#8220;2\/3&#8243;][vc_column_text css=&#8220;.vc_custom_1671099620270{padding-bottom: 10px !important;}&#8220;]\n<h3>Yachtservice &amp; Refit w\u00e4hrend der Winterlagerung<\/h3>\n<p>Eine Winterlagerung beim Jachthafen Friese Hoek bedeutet mehr, als ein Boot an Land zu lagern und im Fr\u00fchjahr wieder zu Wasser zu lassen. Im Winter nutzen wir gerne die Zeit f\u00fcr Wartungsarbeiten, damit Ihr Boot in der neuen Wassersportsaison wieder in einem einwandfreien Zustand ist. Qualit\u00e4t wird bei uns gro\u00dfgeschrieben.<\/p>\n<p>Beim Transport wird jedes Risiko vermieden Um unn\u00f6tig hohen Druck auf den Rumpf zu vermeiden, benutzen wir unter anderem sehr solide Spezialbl\u00f6cke. F\u00fcr gro\u00dfe Boote setzen wir Spezialbl\u00f6cke und einen hydraulischen Bootswagen mit einer Kapazit\u00e4t bis zu 70 Tonnen ein. Der Wagen korrigiert die Druckverteilung auf den Rumpf.[\/vc_column_text][\/vc_column][vc_column width=&#8220;1\/3&#8243;][vc_single_image image=&#8220;1627&#8243; img_size=&#8220;full&#8220; css=&#8220;.vc_custom_1670842300864{padding-top: 15px !important;}&#8220;][\/vc_column][\/vc_row][vc_row css=&#8220;.vc_custom_1610024495464{margin-top: 60px !important;padding-top: 10px !important;padding-right: 10px !important;padding-left: 10px !important;}&#8220;][vc_column width=&#8220;1\/3&#8243;][vc_single_image image=&#8220;1417&#8243; img_size=&#8220;full&#8220; css=&#8220;.vc_custom_1670842326810{padding-top: 15px !important;}&#8220;][\/vc_column][vc_column width=&#8220;2\/3&#8243;][vc_column_text css=&#8220;.vc_custom_1671099634984{padding-bottom: 10px !important;}&#8220;]\n<h3>Kontrollen<\/h3>\n<p>Es ist wichtig, dass Ihre Rettungswesten, Rettungsfl\u00f6\u00dfe und Feuerl\u00f6scher regelm\u00e4\u00dfig \u00fcberpr\u00fcft werden. Im Schnitt ist dies alle drei Jahre notwendig. Der Jachthafen Friese Hoek erledigt das gerne f\u00fcr Sie! Daf\u00fcr arbeiten wir mit zertifizierten Pr\u00fcfstellen zusammen. So wird Ihr Material garantiert fachgerecht gepr\u00fcft.<\/p>\n<p>Sie k\u00f6nnen die zu kontrollierenden Sicherheitsprodukte am Ende der Fahrsaison bei uns abgeben. Wir k\u00fcmmern uns darum, dass Ihre Sicherheitsprodukte rechtzeitig vor Beginn der neuen Saison gepr\u00fcft sind.<\/p>\n<p>Kurz zusammengefasst: Muss Ihr Flo\u00df, Ihre Weste oder Ihr Feuerl\u00f6scher gepr\u00fcft werden? Geben Sie die Sachen bei uns ab und wir erledigen den Rest.[\/vc_column_text][\/vc_column][\/vc_row][vc_row css=&#8220;.vc_custom_1671099692688{padding-top: 10px !important;padding-right: 10px !important;padding-bottom: 10px !important;padding-left: 10px !important;}&#8220;][vc_column width=&#8220;1\/2&#8243; css=&#8220;.vc_custom_1446027030326{padding-top: 30px !important;padding-bottom: 30px !important;}&#8220;][vc_cta h2=&#8220;&#8220; h4=&#8220;Preisliste Winterlagerung&#8220; txt_align=&#8220;center&#8220; add_button=&#8220;bottom&#8220; btn_title=&#8220;Preisliste herunterladen&#8220; btn_style=&#8220;outline-custom&#8220; btn_outline_custom_color=&#8220;#201f72&#8243; btn_outline_custom_hover_background=&#8220;#ff5500&#8243; btn_outline_custom_hover_text=&#8220;#ffffff&#8220; btn_align=&#8220;center&#8220; btn_i_icon_fontawesome=&#8220;fas fa-download&#8220; btn_add_icon=&#8220;true&#8220; btn_link=&#8220;url:%2Fwp-content%2Fuploads%2F2025%2F07%2FA-Prijslijst-WB_FH-2025-2026-DU-DEF.pdf|title:Preisliste%20Winterlagerung|target:_blank&#8220;]Laden Sie hier die Preisliste f\u00fcr die Winterlagerung herunter[\/vc_cta][\/vc_column][vc_column width=&#8220;1\/2&#8243; css=&#8220;.vc_custom_1446026964018{padding-top: 30px !important;padding-bottom: 30px !important;}&#8220;][vc_cta h2=&#8220;&#8220; h4=&#8220;Mietvertrag Winterlager&#8220; txt_align=&#8220;center&#8220; add_button=&#8220;bottom&#8220; btn_title=&#8220;Winterlagervereinbarung herunterladen&#8220; btn_style=&#8220;outline-custom&#8220; btn_outline_custom_color=&#8220;#201f72&#8243; btn_outline_custom_hover_background=&#8220;#ff5500&#8243; btn_outline_custom_hover_text=&#8220;#ffffff&#8220; btn_align=&#8220;center&#8220; btn_i_icon_fontawesome=&#8220;fas fa-download&#8220; css=&#8220;&#8220; btn_add_icon=&#8220;true&#8220; btn_link=&#8220;url:%2Fwp-content%2Fuploads%2F2025%2F07%2FC-Winterbergingsovereenkomst-FH-DU-2025-2026-DEF.pdf|title:Winterlagervereinbarung|target:_blank&#8220;]Mietvertrag Winterlager herunterladen[\/vc_cta][\/vc_column][\/vc_row]\n<\/div>","protected":false},"excerpt":{"rendered":"<p>[vc_row][vc_column][vc_column_text] Der ideale Moment f\u00fcr die j\u00e4hrlichen Checks Der Jachthafen Friese Hoek bietet Bootsbesitzern eine Winterlagerung am Kai und in [&hellip;]<\/p>\n","protected":false},"author":1,"featured_media":0,"parent":484,"menu_order":0,"comment_status":"closed","ping_status":"closed","template":"page-templates\/page-left.php","meta":{"footnotes":""},"class_list":["post-496","page","type-page","status-publish","hentry"],"yoast_head":"<!-- This site is optimized with the Yoast SEO plugin v27.4 - https:\/\/yoast.com\/product\/yoast-seo-wordpress\/ -->\n<title>Winterlagerung - Jachthaven Friese Hoek<\/title>\n<meta name=\"description\" content=\"Der Jachthafen Friese Hoek bietet Bootsbesitzern eine Winterlagerung am Kai und in der Halle. Auf dem Gel\u00e4nde haben wir in zwei Hallen Platz f\u00fcr 35 Boote mit je maximal 14 Tonnen.\" \/>\n<meta name=\"robots\" content=\"index, follow, max-snippet:-1, max-image-preview:large, max-video-preview:-1\" \/>\n<link rel=\"canonical\" href=\"https:\/\/www.friesehoek.nl\/de\/jachthafen\/winterlagerung\/\" \/>\n<meta property=\"og:locale\" content=\"de_DE\" \/>\n<meta property=\"og:type\" content=\"article\" \/>\n<meta property=\"og:title\" content=\"Winterlagerung - Jachthaven Friese Hoek\" \/>\n<meta property=\"og:description\" content=\"Der Jachthafen Friese Hoek bietet Bootsbesitzern eine Winterlagerung am Kai und in der Halle. Auf dem Gel\u00e4nde haben wir in zwei Hallen Platz f\u00fcr 35 Boote mit je maximal 14 Tonnen.\" \/>\n<meta property=\"og:url\" content=\"https:\/\/www.friesehoek.nl\/de\/jachthafen\/winterlagerung\/\" \/>\n<meta property=\"og:site_name\" content=\"Jachthaven Friese Hoek\" \/>\n<meta property=\"article:modified_time\" content=\"2025-07-02T12:25:25+00:00\" \/>\n<meta name=\"twitter:card\" content=\"summary_large_image\" \/>\n<meta name=\"twitter:label1\" content=\"Gesch\u00e4tzte Lesezeit\" \/>\n\t<meta name=\"twitter:data1\" content=\"3\u00a0Minuten\" \/>\n<script type=\"application\/ld+json\" class=\"yoast-schema-graph\">{\"@context\":\"https:\\\/\\\/schema.org\",\"@graph\":[{\"@type\":\"WebPage\",\"@id\":\"https:\\\/\\\/www.friesehoek.nl\\\/de\\\/jachthafen\\\/winterlagerung\\\/\",\"url\":\"https:\\\/\\\/www.friesehoek.nl\\\/de\\\/jachthafen\\\/winterlagerung\\\/\",\"name\":\"Winterlagerung - Jachthaven Friese Hoek\",\"isPartOf\":{\"@id\":\"https:\\\/\\\/www.friesehoek.nl\\\/de\\\/#website\"},\"datePublished\":\"2019-03-20T08:29:50+00:00\",\"dateModified\":\"2025-07-02T12:25:25+00:00\",\"description\":\"Der Jachthafen Friese Hoek bietet Bootsbesitzern eine Winterlagerung am Kai und in der Halle. Auf dem Gel\u00e4nde haben wir in zwei Hallen Platz f\u00fcr 35 Boote mit je maximal 14 Tonnen.\",\"breadcrumb\":{\"@id\":\"https:\\\/\\\/www.friesehoek.nl\\\/de\\\/jachthafen\\\/winterlagerung\\\/#breadcrumb\"},\"inLanguage\":\"de\",\"potentialAction\":[{\"@type\":\"ReadAction\",\"target\":[\"https:\\\/\\\/www.friesehoek.nl\\\/de\\\/jachthafen\\\/winterlagerung\\\/\"]}]},{\"@type\":\"BreadcrumbList\",\"@id\":\"https:\\\/\\\/www.friesehoek.nl\\\/de\\\/jachthafen\\\/winterlagerung\\\/#breadcrumb\",\"itemListElement\":[{\"@type\":\"ListItem\",\"position\":1,\"name\":\"Home\",\"item\":\"https:\\\/\\\/www.friesehoek.nl\\\/de\\\/\"},{\"@type\":\"ListItem\",\"position\":2,\"name\":\"Jachthafen\",\"item\":\"https:\\\/\\\/www.friesehoek.nl\\\/de\\\/jachthafen\\\/\"},{\"@type\":\"ListItem\",\"position\":3,\"name\":\"Winterlagerung\"}]},{\"@type\":\"WebSite\",\"@id\":\"https:\\\/\\\/www.friesehoek.nl\\\/de\\\/#website\",\"url\":\"https:\\\/\\\/www.friesehoek.nl\\\/de\\\/\",\"name\":\"Jachthaven Friese Hoek\",\"description\":\"Voel je thuis in Jachthaven Friese Hoek\",\"potentialAction\":[{\"@type\":\"SearchAction\",\"target\":{\"@type\":\"EntryPoint\",\"urlTemplate\":\"https:\\\/\\\/www.friesehoek.nl\\\/de\\\/?s={search_term_string}\"},\"query-input\":{\"@type\":\"PropertyValueSpecification\",\"valueRequired\":true,\"valueName\":\"search_term_string\"}}],\"inLanguage\":\"de\"}]}<\/script>\n<!-- \/ Yoast SEO plugin. -->","yoast_head_json":{"title":"Winterlagerung - Jachthaven Friese Hoek","description":"Der Jachthafen Friese Hoek bietet Bootsbesitzern eine Winterlagerung am Kai und in der Halle. Auf dem Gel\u00e4nde haben wir in zwei Hallen Platz f\u00fcr 35 Boote mit je maximal 14 Tonnen.","robots":{"index":"index","follow":"follow","max-snippet":"max-snippet:-1","max-image-preview":"max-image-preview:large","max-video-preview":"max-video-preview:-1"},"canonical":"https:\/\/www.friesehoek.nl\/de\/jachthafen\/winterlagerung\/","og_locale":"de_DE","og_type":"article","og_title":"Winterlagerung - Jachthaven Friese Hoek","og_description":"Der Jachthafen Friese Hoek bietet Bootsbesitzern eine Winterlagerung am Kai und in der Halle. Auf dem Gel\u00e4nde haben wir in zwei Hallen Platz f\u00fcr 35 Boote mit je maximal 14 Tonnen.","og_url":"https:\/\/www.friesehoek.nl\/de\/jachthafen\/winterlagerung\/","og_site_name":"Jachthaven Friese Hoek","article_modified_time":"2025-07-02T12:25:25+00:00","twitter_card":"summary_large_image","twitter_misc":{"Gesch\u00e4tzte Lesezeit":"3\u00a0Minuten"},"schema":{"@context":"https:\/\/schema.org","@graph":[{"@type":"WebPage","@id":"https:\/\/www.friesehoek.nl\/de\/jachthafen\/winterlagerung\/","url":"https:\/\/www.friesehoek.nl\/de\/jachthafen\/winterlagerung\/","name":"Winterlagerung - Jachthaven Friese Hoek","isPartOf":{"@id":"https:\/\/www.friesehoek.nl\/de\/#website"},"datePublished":"2019-03-20T08:29:50+00:00","dateModified":"2025-07-02T12:25:25+00:00","description":"Der Jachthafen Friese Hoek bietet Bootsbesitzern eine Winterlagerung am Kai und in der Halle. Auf dem Gel\u00e4nde haben wir in zwei Hallen Platz f\u00fcr 35 Boote mit je maximal 14 Tonnen.","breadcrumb":{"@id":"https:\/\/www.friesehoek.nl\/de\/jachthafen\/winterlagerung\/#breadcrumb"},"inLanguage":"de","potentialAction":[{"@type":"ReadAction","target":["https:\/\/www.friesehoek.nl\/de\/jachthafen\/winterlagerung\/"]}]},{"@type":"BreadcrumbList","@id":"https:\/\/www.friesehoek.nl\/de\/jachthafen\/winterlagerung\/#breadcrumb","itemListElement":[{"@type":"ListItem","position":1,"name":"Home","item":"https:\/\/www.friesehoek.nl\/de\/"},{"@type":"ListItem","position":2,"name":"Jachthafen","item":"https:\/\/www.friesehoek.nl\/de\/jachthafen\/"},{"@type":"ListItem","position":3,"name":"Winterlagerung"}]},{"@type":"WebSite","@id":"https:\/\/www.friesehoek.nl\/de\/#website","url":"https:\/\/www.friesehoek.nl\/de\/","name":"Jachthaven Friese Hoek","description":"Voel je thuis in Jachthaven Friese Hoek","potentialAction":[{"@type":"SearchAction","target":{"@type":"EntryPoint","urlTemplate":"https:\/\/www.friesehoek.nl\/de\/?s={search_term_string}"},"query-input":{"@type":"PropertyValueSpecification","valueRequired":true,"valueName":"search_term_string"}}],"inLanguage":"de"}]}},"_links":{"self":[{"href":"https:\/\/www.friesehoek.nl\/de\/wp-json\/wp\/v2\/pages\/496","targetHints":{"allow":["GET"]}}],"collection":[{"href":"https:\/\/www.friesehoek.nl\/de\/wp-json\/wp\/v2\/pages"}],"about":[{"href":"https:\/\/www.friesehoek.nl\/de\/wp-json\/wp\/v2\/types\/page"}],"author":[{"embeddable":true,"href":"https:\/\/www.friesehoek.nl\/de\/wp-json\/wp\/v2\/users\/1"}],"replies":[{"embeddable":true,"href":"https:\/\/www.friesehoek.nl\/de\/wp-json\/wp\/v2\/comments?post=496"}],"version-history":[{"count":10,"href":"https:\/\/www.friesehoek.nl\/de\/wp-json\/wp\/v2\/pages\/496\/revisions"}],"predecessor-version":[{"id":4863,"href":"https:\/\/www.friesehoek.nl\/de\/wp-json\/wp\/v2\/pages\/496\/revisions\/4863"}],"up":[{"embeddable":true,"href":"https:\/\/www.friesehoek.nl\/de\/wp-json\/wp\/v2\/pages\/484"}],"wp:attachment":[{"href":"https:\/\/www.friesehoek.nl\/de\/wp-json\/wp\/v2\/media?parent=496"}],"curies":[{"name":"wp","href":"https:\/\/api.w.org\/{rel}","templated":true}]}}