{"id":498,"date":"2019-03-20T09:40:06","date_gmt":"2019-03-20T09:40:06","guid":{"rendered":"http:\/\/friesehoek.watersportoutdoorshop.nl\/region\/"},"modified":"2022-12-19T10:21:20","modified_gmt":"2022-12-19T08:21:20","slug":"region","status":"publish","type":"page","link":"https:\/\/www.friesehoek.nl\/de\/region\/","title":{"rendered":"Region"},"content":{"rendered":"<div class=\"wpb-content-wrapper\">[vc_row][vc_column width=&#8220;1\/2&#8243;][vc_column_text css=&#8220;.vc_custom_1572962520678{padding-top: 0px !important;padding-right: 10px !important;padding-bottom: 10px !important;padding-left: 0px !important;}&#8220;]\n<h3>Lemmer, ein geschichtstr\u00e4chtiger Ort<\/h3>\n<p>Charakteristisch f\u00fcr Lemmer ist die sehr reiche, jahrhundertelange Schifffahrtsgeschichte. Im Mittelalter bildete Lemmer von Holland und Utrecht aus das strategische Zugangstor zu den n\u00f6rdlichen niederl\u00e4ndischen Provinzen. Lemmer war h\u00e4ufig Schauplatz von Schlachten und K\u00e4mpfen. Sp\u00e4ter, im 17. und 18. Jahrhundert, war der Ort die Heimat der niederl\u00e4ndischen Handelsflotte, die die Ostsee befuhr. Noch sp\u00e4ter bev\u00f6lkerten vor allem Fischersboote den Hafen von Lemmer. Die reiche Geschichte hat die Stadt gepr\u00e4gt, was u.a. die vielen sch\u00f6nen alten Geb\u00e4ude im Ort bezeugen. Gegenw\u00e4rtig ist Lemmer ein erlebnisreicher Heimathafen f\u00fcr Wassersportler. Ein gastfreundlicher Ort mit zahlreichen Gesch\u00e4ften und Caf\u00e9s entlang dem Kai, mit Ausblick auf den vorbeifahrenden Schiffsverkehr. Das Fahrwasser durch Lemmer ist eine viel befahrene Verbindung zwischen den friesischen Seen und dem IJsselmeer. Und bei gutem Wetter haben Sie am Strand von Lemmer einen atemberaubenden Blick auf alle Wassersportaktivit\u00e4ten auf dem IJsselmeer.[\/vc_column_text][\/vc_column][vc_column width=&#8220;1\/2&#8243;][vc_empty_space height=&#8220;64px&#8220;][vc_gallery images=&#8220;1780,1783,1789,1786,1792&#8243; columns=&#8220;2&#8243; type=&#8220;image_grid&#8220;][\/vc_column][\/vc_row]\n<\/div>","protected":false},"excerpt":{"rendered":"<p>[vc_row][vc_column width=&#8220;1\/2&#8243;][vc_column_text css=&#8220;.vc_custom_1572962520678{padding-top: 0px !important;padding-right: 10px !important;padding-bottom: 10px !important;padding-left: 0px !important;}&#8220;] Lemmer, ein geschichtstr\u00e4chtiger Ort Charakteristisch f\u00fcr Lemmer ist die [&hellip;]<\/p>\n","protected":false},"author":1,"featured_media":0,"parent":0,"menu_order":0,"comment_status":"closed","ping_status":"closed","template":"page-templates\/page-left.php","meta":{"footnotes":""},"class_list":["post-498","page","type-page","status-publish","hentry"],"yoast_head":"<!-- This site is optimized with the Yoast SEO plugin v27.3 - https:\/\/yoast.com\/product\/yoast-seo-wordpress\/ -->\n<title>Region - Jachthaven Friese Hoek<\/title>\n<meta name=\"description\" content=\"Charakteristisch f\u00fcr Lemmer ist die sehr reiche, jahrhundertelange Schifffahrtsgeschichte. Im Mittelalter bildete Lemmer von Holland und Utrecht aus das strategische Zugangstor zu den n\u00f6rdlichen niederl\u00e4ndischen Provinzen.\" \/>\n<meta name=\"robots\" content=\"index, follow, max-snippet:-1, max-image-preview:large, max-video-preview:-1\" \/>\n<link rel=\"canonical\" href=\"https:\/\/www.friesehoek.nl\/de\/region\/\" \/>\n<meta property=\"og:locale\" content=\"de_DE\" \/>\n<meta property=\"og:type\" content=\"article\" \/>\n<meta property=\"og:title\" content=\"Region - Jachthaven Friese Hoek\" \/>\n<meta property=\"og:description\" content=\"Charakteristisch f\u00fcr Lemmer ist die sehr reiche, jahrhundertelange Schifffahrtsgeschichte. Im Mittelalter bildete Lemmer von Holland und Utrecht aus das strategische Zugangstor zu den n\u00f6rdlichen niederl\u00e4ndischen Provinzen.\" \/>\n<meta property=\"og:url\" content=\"https:\/\/www.friesehoek.nl\/de\/region\/\" \/>\n<meta property=\"og:site_name\" content=\"Jachthaven Friese Hoek\" \/>\n<meta property=\"article:modified_time\" content=\"2022-12-19T08:21:20+00:00\" \/>\n<meta name=\"twitter:card\" content=\"summary_large_image\" \/>\n<meta name=\"twitter:label1\" content=\"Gesch\u00e4tzte Lesezeit\" \/>\n\t<meta name=\"twitter:data1\" content=\"1\u00a0Minute\" \/>\n<script type=\"application\/ld+json\" class=\"yoast-schema-graph\">{\"@context\":\"https:\\\/\\\/schema.org\",\"@graph\":[{\"@type\":\"WebPage\",\"@id\":\"https:\\\/\\\/www.friesehoek.nl\\\/de\\\/region\\\/\",\"url\":\"https:\\\/\\\/www.friesehoek.nl\\\/de\\\/region\\\/\",\"name\":\"Region - Jachthaven Friese Hoek\",\"isPartOf\":{\"@id\":\"https:\\\/\\\/www.friesehoek.nl\\\/de\\\/#website\"},\"datePublished\":\"2019-03-20T09:40:06+00:00\",\"dateModified\":\"2022-12-19T08:21:20+00:00\",\"description\":\"Charakteristisch f\u00fcr Lemmer ist die sehr reiche, jahrhundertelange Schifffahrtsgeschichte. Im Mittelalter bildete Lemmer von Holland und Utrecht aus das strategische Zugangstor zu den n\u00f6rdlichen niederl\u00e4ndischen Provinzen.\",\"breadcrumb\":{\"@id\":\"https:\\\/\\\/www.friesehoek.nl\\\/de\\\/region\\\/#breadcrumb\"},\"inLanguage\":\"de\",\"potentialAction\":[{\"@type\":\"ReadAction\",\"target\":[\"https:\\\/\\\/www.friesehoek.nl\\\/de\\\/region\\\/\"]}]},{\"@type\":\"BreadcrumbList\",\"@id\":\"https:\\\/\\\/www.friesehoek.nl\\\/de\\\/region\\\/#breadcrumb\",\"itemListElement\":[{\"@type\":\"ListItem\",\"position\":1,\"name\":\"Home\",\"item\":\"https:\\\/\\\/www.friesehoek.nl\\\/de\\\/\"},{\"@type\":\"ListItem\",\"position\":2,\"name\":\"Region\"}]},{\"@type\":\"WebSite\",\"@id\":\"https:\\\/\\\/www.friesehoek.nl\\\/de\\\/#website\",\"url\":\"https:\\\/\\\/www.friesehoek.nl\\\/de\\\/\",\"name\":\"Jachthaven Friese Hoek\",\"description\":\"Voel je thuis in Jachthaven Friese Hoek\",\"potentialAction\":[{\"@type\":\"SearchAction\",\"target\":{\"@type\":\"EntryPoint\",\"urlTemplate\":\"https:\\\/\\\/www.friesehoek.nl\\\/de\\\/?s={search_term_string}\"},\"query-input\":{\"@type\":\"PropertyValueSpecification\",\"valueRequired\":true,\"valueName\":\"search_term_string\"}}],\"inLanguage\":\"de\"}]}<\/script>\n<!-- \/ Yoast SEO plugin. -->","yoast_head_json":{"title":"Region - Jachthaven Friese Hoek","description":"Charakteristisch f\u00fcr Lemmer ist die sehr reiche, jahrhundertelange Schifffahrtsgeschichte. Im Mittelalter bildete Lemmer von Holland und Utrecht aus das strategische Zugangstor zu den n\u00f6rdlichen niederl\u00e4ndischen Provinzen.","robots":{"index":"index","follow":"follow","max-snippet":"max-snippet:-1","max-image-preview":"max-image-preview:large","max-video-preview":"max-video-preview:-1"},"canonical":"https:\/\/www.friesehoek.nl\/de\/region\/","og_locale":"de_DE","og_type":"article","og_title":"Region - Jachthaven Friese Hoek","og_description":"Charakteristisch f\u00fcr Lemmer ist die sehr reiche, jahrhundertelange Schifffahrtsgeschichte. Im Mittelalter bildete Lemmer von Holland und Utrecht aus das strategische Zugangstor zu den n\u00f6rdlichen niederl\u00e4ndischen Provinzen.","og_url":"https:\/\/www.friesehoek.nl\/de\/region\/","og_site_name":"Jachthaven Friese Hoek","article_modified_time":"2022-12-19T08:21:20+00:00","twitter_card":"summary_large_image","twitter_misc":{"Gesch\u00e4tzte Lesezeit":"1\u00a0Minute"},"schema":{"@context":"https:\/\/schema.org","@graph":[{"@type":"WebPage","@id":"https:\/\/www.friesehoek.nl\/de\/region\/","url":"https:\/\/www.friesehoek.nl\/de\/region\/","name":"Region - Jachthaven Friese Hoek","isPartOf":{"@id":"https:\/\/www.friesehoek.nl\/de\/#website"},"datePublished":"2019-03-20T09:40:06+00:00","dateModified":"2022-12-19T08:21:20+00:00","description":"Charakteristisch f\u00fcr Lemmer ist die sehr reiche, jahrhundertelange Schifffahrtsgeschichte. Im Mittelalter bildete Lemmer von Holland und Utrecht aus das strategische Zugangstor zu den n\u00f6rdlichen niederl\u00e4ndischen Provinzen.","breadcrumb":{"@id":"https:\/\/www.friesehoek.nl\/de\/region\/#breadcrumb"},"inLanguage":"de","potentialAction":[{"@type":"ReadAction","target":["https:\/\/www.friesehoek.nl\/de\/region\/"]}]},{"@type":"BreadcrumbList","@id":"https:\/\/www.friesehoek.nl\/de\/region\/#breadcrumb","itemListElement":[{"@type":"ListItem","position":1,"name":"Home","item":"https:\/\/www.friesehoek.nl\/de\/"},{"@type":"ListItem","position":2,"name":"Region"}]},{"@type":"WebSite","@id":"https:\/\/www.friesehoek.nl\/de\/#website","url":"https:\/\/www.friesehoek.nl\/de\/","name":"Jachthaven Friese Hoek","description":"Voel je thuis in Jachthaven Friese Hoek","potentialAction":[{"@type":"SearchAction","target":{"@type":"EntryPoint","urlTemplate":"https:\/\/www.friesehoek.nl\/de\/?s={search_term_string}"},"query-input":{"@type":"PropertyValueSpecification","valueRequired":true,"valueName":"search_term_string"}}],"inLanguage":"de"}]}},"_links":{"self":[{"href":"https:\/\/www.friesehoek.nl\/de\/wp-json\/wp\/v2\/pages\/498","targetHints":{"allow":["GET"]}}],"collection":[{"href":"https:\/\/www.friesehoek.nl\/de\/wp-json\/wp\/v2\/pages"}],"about":[{"href":"https:\/\/www.friesehoek.nl\/de\/wp-json\/wp\/v2\/types\/page"}],"author":[{"embeddable":true,"href":"https:\/\/www.friesehoek.nl\/de\/wp-json\/wp\/v2\/users\/1"}],"replies":[{"embeddable":true,"href":"https:\/\/www.friesehoek.nl\/de\/wp-json\/wp\/v2\/comments?post=498"}],"version-history":[{"count":9,"href":"https:\/\/www.friesehoek.nl\/de\/wp-json\/wp\/v2\/pages\/498\/revisions"}],"predecessor-version":[{"id":1813,"href":"https:\/\/www.friesehoek.nl\/de\/wp-json\/wp\/v2\/pages\/498\/revisions\/1813"}],"wp:attachment":[{"href":"https:\/\/www.friesehoek.nl\/de\/wp-json\/wp\/v2\/media?parent=498"}],"curies":[{"name":"wp","href":"https:\/\/api.w.org\/{rel}","templated":true}]}}