{"id":500,"date":"2019-03-20T09:42:24","date_gmt":"2019-03-20T09:42:24","guid":{"rendered":"http:\/\/friesehoek.watersportoutdoorshop.nl\/skippers-lounge\/"},"modified":"2024-03-05T17:39:33","modified_gmt":"2024-03-05T15:39:33","slug":"skippers-lounge","status":"publish","type":"page","link":"https:\/\/www.friesehoek.nl\/de\/skippers-lounge\/","title":{"rendered":"Caf\u00e9-Restaurant \u201aSkippers Lounge\u2018"},"content":{"rendered":"<div class=\"wpb-content-wrapper\">[vc_row][vc_column width=&#8220;1\/2&#8243;][vc_gallery images=&#8220;1531,1537&#8243; img_size=&#8220;full&#8220; columns=&#8220;2&#8243;][\/vc_column][vc_column width=&#8220;1\/2&#8243;][vc_column_text css=&#8220;.vc_custom_1709653150534{padding-top: 0px !important;padding-right: 10px !important;padding-bottom: 10px !important;padding-left: 10px !important;}&#8220;]\n<h3>Willkommen im Caf\u00e9-Restaurant \u201aSkippers Lounge\u2018<\/h3>\n<p>Die &#8218;Skippers Lounge&#8216; ist der ideale Ort, um den Tag bei einem Getr\u00e4nk und einem Snack oder einem leckeren Teller entspannt ausklingen zu lassen.\u00a0Wim und Sippie sind auch dieses Jahr wieder am Ruder und freuen sich darauf, Sie dort zu sehen![\/vc_column_text][vc_gallery images=&#8220;1546,1540&#8243; img_size=&#8220;full&#8220; columns=&#8220;2&#8243;][\/vc_column][\/vc_row][vc_row css=&#8220;.vc_custom_1594639896541{margin-top: 60px !important;margin-bottom: 60px !important;}&#8220;][vc_column]<h2 class=\"text-center\">Was finden Sie so alles bei uns?<\/h2><div class='services-carousel  owl-with-navigation' data-owl='{&quot;items&quot;:4,&quot;nav&quot;:true,&quot;navText&quot;:[&quot;Zur\\u00fcck&quot;,&quot;Weiter&quot;],&quot;loop&quot;:true,&quot;autoplay&quot;:true,&quot;autoplayTimeout&quot;:2000,&quot;autoplayHoverPause&quot;:true,&quot;responsive&quot;:{&quot;0&quot;:{&quot;items&quot;:1,&quot;dots&quot;:true,&quot;nav&quot;:true},&quot;767&quot;:{&quot;items&quot;:4,&quot;dots&quot;:true},&quot;992&quot;:{&quot;items&quot;:4,&quot;dots&quot;:true}}}'><div class=\"item\">\n  <a href=\"\/de\/winterlagerung-in-der-friese-hoek\/\" target=\"_self\" class=\"link-image\" title=\"Winterlagerung\"><img loading=\"lazy\" decoding=\"async\" width=\"450\" height=\"300\" src=\"https:\/\/www.friesehoek.nl\/wp-content\/uploads\/2022\/12\/winterberging-friese-hoek.jpg\" class=\"attachment-large size-large\" alt=\"Winterberging Friese Hoek\" srcset=\"https:\/\/www.friesehoek.nl\/wp-content\/uploads\/2022\/12\/winterberging-friese-hoek.jpg 450w, https:\/\/www.friesehoek.nl\/wp-content\/uploads\/2022\/12\/winterberging-friese-hoek-300x200.jpg 300w\" sizes=\"auto, (max-width: 450px) 100vw, 450px\" \/><\/a>      <div class=\"item-content\">\n      <h4><a href=\"\/de\/winterlagerung-in-der-friese-hoek\/\" target=\"_self\" >Winterlagerung<\/a><\/h4>      <p>Der ideale Moment f\u00fcr die j\u00e4hrlichen Checks.<\/p>    <\/div>\n  <\/div>\n<div class=\"item\">\n  <a href=\"\/de\/liegeplatz-jachthafen-friese-hoek\/\" target=\"_self\" class=\"link-image\" title=\"Liegepl\u00e4tze\"><img loading=\"lazy\" decoding=\"async\" width=\"450\" height=\"300\" src=\"https:\/\/www.friesehoek.nl\/wp-content\/uploads\/2022\/12\/friese-hoek-ligplaatsen.jpg\" class=\"attachment-large size-large\" alt=\"Friese Hoek ligplaats\" srcset=\"https:\/\/www.friesehoek.nl\/wp-content\/uploads\/2022\/12\/friese-hoek-ligplaatsen.jpg 450w, https:\/\/www.friesehoek.nl\/wp-content\/uploads\/2022\/12\/friese-hoek-ligplaatsen-300x200.jpg 300w\" sizes=\"auto, (max-width: 450px) 100vw, 450px\" \/><\/a>      <div class=\"item-content\">\n      <h4><a href=\"\/de\/liegeplatz-jachthafen-friese-hoek\/\" target=\"_self\" >Liegepl\u00e4tze<\/a><\/h4>      <p>Der Hafen liegt direkt am IJsselmeer ganz in der N\u00e4he des Ortes Lemmer.<\/p>    <\/div>\n  <\/div>\n<div class=\"item\">\n  <a href=\"\/de\/yachtservice-refit\/\" target=\"_self\" class=\"link-image\" title=\"Yachtservice &amp; Refit\"><img loading=\"lazy\" decoding=\"async\" width=\"450\" height=\"300\" src=\"https:\/\/www.friesehoek.nl\/wp-content\/uploads\/2022\/12\/yachtservice-friese-hoek.jpg\" class=\"attachment-large size-large\" alt=\"Yachtservice &amp; Refit bij Friese Hoek\" srcset=\"https:\/\/www.friesehoek.nl\/wp-content\/uploads\/2022\/12\/yachtservice-friese-hoek.jpg 450w, https:\/\/www.friesehoek.nl\/wp-content\/uploads\/2022\/12\/yachtservice-friese-hoek-300x200.jpg 300w\" sizes=\"auto, (max-width: 450px) 100vw, 450px\" \/><\/a>      <div class=\"item-content\">\n      <h4><a href=\"\/de\/yachtservice-refit\/\" target=\"_self\" >Yachtservice &amp; Refit<\/a><\/h4>      <p>Die Abteilung Yachtservice &amp; Refit der Friese Hoek verrichtet allerlei Reparaturen an und in Ihrem Boot, ebenso wie Renovierungen und Instandhaltungsarbeiten.<\/p>    <\/div>\n  <\/div>\n<div class=\"item\">\n  <a href=\"\/de\/wassersportgeschaeft\/\" target=\"_self\" class=\"link-image\" title=\"Wassersportgesch\u00e4ft\"><img loading=\"lazy\" decoding=\"async\" width=\"450\" height=\"300\" src=\"https:\/\/www.friesehoek.nl\/wp-content\/uploads\/2022\/12\/friese-hoek-watersportwinkel.jpg\" class=\"attachment-large size-large\" alt=\"Friese Hoek watersportwinkel\" srcset=\"https:\/\/www.friesehoek.nl\/wp-content\/uploads\/2022\/12\/friese-hoek-watersportwinkel.jpg 450w, https:\/\/www.friesehoek.nl\/wp-content\/uploads\/2022\/12\/friese-hoek-watersportwinkel-300x200.jpg 300w\" sizes=\"auto, (max-width: 450px) 100vw, 450px\" \/><\/a>      <div class=\"item-content\">\n      <h4><a href=\"\/de\/wassersportgeschaeft\/\" target=\"_self\" >Wassersportgesch\u00e4ft<\/a><\/h4>      <p>Sind Sie auf der Suche nach neuem Bootszubeh\u00f6r, hochwertiger Segelkleidung oder nach modischer und sportlicher Freizeitkleidung?<\/p>    <\/div>\n  <\/div>\n<\/div>[\/vc_column][\/vc_row]\n<\/div>","protected":false},"excerpt":{"rendered":"<p>[vc_row][vc_column width=&#8220;1\/2&#8243;][vc_gallery images=&#8220;1531,1537&#8243; img_size=&#8220;full&#8220; columns=&#8220;2&#8243;][\/vc_column][vc_column width=&#8220;1\/2&#8243;][vc_column_text css=&#8220;.vc_custom_1709653150534{padding-top: 0px !important;padding-right: 10px !important;padding-bottom: 10px !important;padding-left: 10px !important;}&#8220;] Willkommen im Caf\u00e9-Restaurant \u201aSkippers Lounge\u2018 [&hellip;]<\/p>\n","protected":false},"author":1,"featured_media":0,"parent":0,"menu_order":0,"comment_status":"closed","ping_status":"closed","template":"","meta":{"footnotes":""},"class_list":["post-500","page","type-page","status-publish","hentry"],"yoast_head":"<!-- This site is optimized with the Yoast SEO plugin v27.5 - https:\/\/yoast.com\/product\/yoast-seo-wordpress\/ -->\n<title>Caf\u00e9-Restaurant \u201aSkippers Lounge\u2018 - Jachthaven Friese Hoek<\/title>\n<meta name=\"description\" content=\"Willkommen im Caf\u00e9-Restaurant \u201aSkippers Lounge\u2018 In der \u201eSkippers Lounge\u201c bieten wir Ihnen morgens einen Fr\u00fchst\u00fccksservice mit frisch gebackenen Br\u00f6tchen.\" \/>\n<meta name=\"robots\" content=\"index, follow, max-snippet:-1, max-image-preview:large, max-video-preview:-1\" \/>\n<link rel=\"canonical\" href=\"https:\/\/www.friesehoek.nl\/de\/skippers-lounge\/\" \/>\n<meta property=\"og:locale\" content=\"de_DE\" \/>\n<meta property=\"og:type\" content=\"article\" \/>\n<meta property=\"og:title\" content=\"Caf\u00e9-Restaurant \u201aSkippers Lounge\u2018 - Jachthaven Friese Hoek\" \/>\n<meta property=\"og:description\" content=\"Willkommen im Caf\u00e9-Restaurant \u201aSkippers Lounge\u2018 In der \u201eSkippers Lounge\u201c bieten wir Ihnen morgens einen Fr\u00fchst\u00fccksservice mit frisch gebackenen Br\u00f6tchen.\" \/>\n<meta property=\"og:url\" content=\"https:\/\/www.friesehoek.nl\/de\/skippers-lounge\/\" \/>\n<meta property=\"og:site_name\" content=\"Jachthaven Friese Hoek\" \/>\n<meta property=\"article:modified_time\" content=\"2024-03-05T15:39:33+00:00\" \/>\n<meta name=\"twitter:card\" content=\"summary_large_image\" \/>\n<meta name=\"twitter:label1\" content=\"Gesch\u00e4tzte Lesezeit\" \/>\n\t<meta name=\"twitter:data1\" content=\"3\u00a0Minuten\" \/>\n<script type=\"application\/ld+json\" class=\"yoast-schema-graph\">{\"@context\":\"https:\\\/\\\/schema.org\",\"@graph\":[{\"@type\":\"WebPage\",\"@id\":\"https:\\\/\\\/www.friesehoek.nl\\\/de\\\/skippers-lounge\\\/\",\"url\":\"https:\\\/\\\/www.friesehoek.nl\\\/de\\\/skippers-lounge\\\/\",\"name\":\"Caf\u00e9-Restaurant \u201aSkippers Lounge\u2018 - Jachthaven Friese Hoek\",\"isPartOf\":{\"@id\":\"https:\\\/\\\/www.friesehoek.nl\\\/de\\\/#website\"},\"datePublished\":\"2019-03-20T09:42:24+00:00\",\"dateModified\":\"2024-03-05T15:39:33+00:00\",\"description\":\"Willkommen im Caf\u00e9-Restaurant \u201aSkippers Lounge\u2018 In der \u201eSkippers Lounge\u201c bieten wir Ihnen morgens einen Fr\u00fchst\u00fccksservice mit frisch gebackenen Br\u00f6tchen.\",\"breadcrumb\":{\"@id\":\"https:\\\/\\\/www.friesehoek.nl\\\/de\\\/skippers-lounge\\\/#breadcrumb\"},\"inLanguage\":\"de\",\"potentialAction\":[{\"@type\":\"ReadAction\",\"target\":[\"https:\\\/\\\/www.friesehoek.nl\\\/de\\\/skippers-lounge\\\/\"]}]},{\"@type\":\"BreadcrumbList\",\"@id\":\"https:\\\/\\\/www.friesehoek.nl\\\/de\\\/skippers-lounge\\\/#breadcrumb\",\"itemListElement\":[{\"@type\":\"ListItem\",\"position\":1,\"name\":\"Home\",\"item\":\"https:\\\/\\\/www.friesehoek.nl\\\/de\\\/\"},{\"@type\":\"ListItem\",\"position\":2,\"name\":\"Caf\u00e9-Restaurant \u201aSkippers Lounge\u2018\"}]},{\"@type\":\"WebSite\",\"@id\":\"https:\\\/\\\/www.friesehoek.nl\\\/de\\\/#website\",\"url\":\"https:\\\/\\\/www.friesehoek.nl\\\/de\\\/\",\"name\":\"Jachthaven Friese Hoek\",\"description\":\"Voel je thuis in Jachthaven Friese Hoek\",\"potentialAction\":[{\"@type\":\"SearchAction\",\"target\":{\"@type\":\"EntryPoint\",\"urlTemplate\":\"https:\\\/\\\/www.friesehoek.nl\\\/de\\\/?s={search_term_string}\"},\"query-input\":{\"@type\":\"PropertyValueSpecification\",\"valueRequired\":true,\"valueName\":\"search_term_string\"}}],\"inLanguage\":\"de\"}]}<\/script>\n<!-- \/ Yoast SEO plugin. -->","yoast_head_json":{"title":"Caf\u00e9-Restaurant \u201aSkippers Lounge\u2018 - Jachthaven Friese Hoek","description":"Willkommen im Caf\u00e9-Restaurant \u201aSkippers Lounge\u2018 In der \u201eSkippers Lounge\u201c bieten wir Ihnen morgens einen Fr\u00fchst\u00fccksservice mit frisch gebackenen Br\u00f6tchen.","robots":{"index":"index","follow":"follow","max-snippet":"max-snippet:-1","max-image-preview":"max-image-preview:large","max-video-preview":"max-video-preview:-1"},"canonical":"https:\/\/www.friesehoek.nl\/de\/skippers-lounge\/","og_locale":"de_DE","og_type":"article","og_title":"Caf\u00e9-Restaurant \u201aSkippers Lounge\u2018 - Jachthaven Friese Hoek","og_description":"Willkommen im Caf\u00e9-Restaurant \u201aSkippers Lounge\u2018 In der \u201eSkippers Lounge\u201c bieten wir Ihnen morgens einen Fr\u00fchst\u00fccksservice mit frisch gebackenen Br\u00f6tchen.","og_url":"https:\/\/www.friesehoek.nl\/de\/skippers-lounge\/","og_site_name":"Jachthaven Friese Hoek","article_modified_time":"2024-03-05T15:39:33+00:00","twitter_card":"summary_large_image","twitter_misc":{"Gesch\u00e4tzte Lesezeit":"3\u00a0Minuten"},"schema":{"@context":"https:\/\/schema.org","@graph":[{"@type":"WebPage","@id":"https:\/\/www.friesehoek.nl\/de\/skippers-lounge\/","url":"https:\/\/www.friesehoek.nl\/de\/skippers-lounge\/","name":"Caf\u00e9-Restaurant \u201aSkippers Lounge\u2018 - Jachthaven Friese Hoek","isPartOf":{"@id":"https:\/\/www.friesehoek.nl\/de\/#website"},"datePublished":"2019-03-20T09:42:24+00:00","dateModified":"2024-03-05T15:39:33+00:00","description":"Willkommen im Caf\u00e9-Restaurant \u201aSkippers Lounge\u2018 In der \u201eSkippers Lounge\u201c bieten wir Ihnen morgens einen Fr\u00fchst\u00fccksservice mit frisch gebackenen Br\u00f6tchen.","breadcrumb":{"@id":"https:\/\/www.friesehoek.nl\/de\/skippers-lounge\/#breadcrumb"},"inLanguage":"de","potentialAction":[{"@type":"ReadAction","target":["https:\/\/www.friesehoek.nl\/de\/skippers-lounge\/"]}]},{"@type":"BreadcrumbList","@id":"https:\/\/www.friesehoek.nl\/de\/skippers-lounge\/#breadcrumb","itemListElement":[{"@type":"ListItem","position":1,"name":"Home","item":"https:\/\/www.friesehoek.nl\/de\/"},{"@type":"ListItem","position":2,"name":"Caf\u00e9-Restaurant \u201aSkippers Lounge\u2018"}]},{"@type":"WebSite","@id":"https:\/\/www.friesehoek.nl\/de\/#website","url":"https:\/\/www.friesehoek.nl\/de\/","name":"Jachthaven Friese Hoek","description":"Voel je thuis in Jachthaven Friese Hoek","potentialAction":[{"@type":"SearchAction","target":{"@type":"EntryPoint","urlTemplate":"https:\/\/www.friesehoek.nl\/de\/?s={search_term_string}"},"query-input":{"@type":"PropertyValueSpecification","valueRequired":true,"valueName":"search_term_string"}}],"inLanguage":"de"}]}},"_links":{"self":[{"href":"https:\/\/www.friesehoek.nl\/de\/wp-json\/wp\/v2\/pages\/500","targetHints":{"allow":["GET"]}}],"collection":[{"href":"https:\/\/www.friesehoek.nl\/de\/wp-json\/wp\/v2\/pages"}],"about":[{"href":"https:\/\/www.friesehoek.nl\/de\/wp-json\/wp\/v2\/types\/page"}],"author":[{"embeddable":true,"href":"https:\/\/www.friesehoek.nl\/de\/wp-json\/wp\/v2\/users\/1"}],"replies":[{"embeddable":true,"href":"https:\/\/www.friesehoek.nl\/de\/wp-json\/wp\/v2\/comments?post=500"}],"version-history":[{"count":12,"href":"https:\/\/www.friesehoek.nl\/de\/wp-json\/wp\/v2\/pages\/500\/revisions"}],"predecessor-version":[{"id":2251,"href":"https:\/\/www.friesehoek.nl\/de\/wp-json\/wp\/v2\/pages\/500\/revisions\/2251"}],"wp:attachment":[{"href":"https:\/\/www.friesehoek.nl\/de\/wp-json\/wp\/v2\/media?parent=500"}],"curies":[{"name":"wp","href":"https:\/\/api.w.org\/{rel}","templated":true}]}}