{"id":505,"date":"2019-03-20T09:47:27","date_gmt":"2019-03-20T09:47:27","guid":{"rendered":"http:\/\/friesehoek.watersportoutdoorshop.nl\/disclaimer\/"},"modified":"2019-03-20T09:47:27","modified_gmt":"2019-03-20T09:47:27","slug":"disclaimer","status":"publish","type":"page","link":"https:\/\/www.friesehoek.nl\/de\/disclaimer\/","title":{"rendered":"Disclaimer"},"content":{"rendered":"<p>Rechtliche Hinweise &#038; Haftungsausschluss<\/p>\n<p>F\u00fcr den hier nachstehenden Text gelten die folgenden Begriffsdefinitionen:<br \/>\nEigner: Der Betreiber dieser Webseite;<br \/>\nNutzung: Alle mit dem Gebrauch dieser Webseite verbundenen Handlungen;<br \/>\nSie: Der Nutzer bzw. Besucher dieser Webseite;<br \/>\nInhalte: S\u00e4mtliche Inhalte, die sich auf dieser Webseite befinden.<\/p>\n<p>Nachfolgendes gilt auch f\u00fcr die Abteilung der Webseite, auf der Sie sich jetzt gerade befinden. Durch die Nutzung dieser Webseite erkl\u00e4ren Sie sich mit den hier wiedergegebenen rechtlichen Hinweisen und dem Haftungsausschluss einverstanden.<\/p>\n<p>Die Inhalte dieser Webseite wurden seitens deren Eigner mit gr\u00f6\u00dftm\u00f6glicher Sorgfalt erstellt. Dennoch \u00fcbernimmt der Eigner keinerlei Haftung hinsichtlich eventueller Unvollst\u00e4ndigkeiten oder Unrichtigkeiten dieser Inhalte.<br \/>\nEbenso wenig haftet der Eigner f\u00fcr eventuelle Unvollst\u00e4ndigkeiten oder Unrichtigkeiten von Inhalten, zu denen von dieser Webseite aus verwiesen wird bzw. die an diese Webseite gekoppelt sind.<br \/>\nEine Verwendung der Inhalte dieser Webseite, die ohne ausdr\u00fcckliche vorherige Zustimmung des Eigners oder unsachgem\u00e4\u00df geschieht, wird als Versto\u00df gegen das Urheberrecht angesehen.<br \/>\nDie Zustimmung zur teilweisen oder vollst\u00e4ndigen Wiederverwendung der hier gezeigten Inhalte an \u00f6ffentlich zug\u00e4nglichen Orten muss zuvor beim Eigner dieser Webseite schriftlich eingeholt werden.<\/p>\n<p>Weitere Hinweise<\/p>\n<p>Auch m\u00f6chten wir Sie gerne darauf hinweisen, dass wir bei unseren Texten zum Zwecke einer besseren Lesbarkeit auf geschlechtsspezifische Formulierungen verzichtet haben. Selbstverst\u00e4ndlich beziehen sich alle personenbezogenen Bezeichnungen, wo nicht ausdr\u00fccklich anders erw\u00e4hnt, grunds\u00e4tzlich auf beide Geschlechter.<\/p>\n<p>Sollten Sie Fragen haben oder sollten noch Unklarheiten bestehen, so nehmen Sie bitte Kontakt zu uns auf.<\/p>\n<p>Alle Rechte vorbehalten.<\/p>\n","protected":false},"excerpt":{"rendered":"<p>Rechtliche Hinweise &#038; Haftungsausschluss F\u00fcr den hier nachstehenden Text gelten die folgenden Begriffsdefinitionen: Eigner: Der Betreiber dieser Webseite; Nutzung: Alle [&hellip;]<\/p>\n","protected":false},"author":1,"featured_media":0,"parent":0,"menu_order":0,"comment_status":"closed","ping_status":"open","template":"","meta":{"footnotes":""},"class_list":["post-505","page","type-page","status-publish","hentry"],"yoast_head":"<!-- This site is optimized with the Yoast SEO plugin v27.4 - https:\/\/yoast.com\/product\/yoast-seo-wordpress\/ -->\n<title>Disclaimer - Jachthaven Friese Hoek<\/title>\n<meta name=\"robots\" content=\"index, follow, max-snippet:-1, max-image-preview:large, max-video-preview:-1\" \/>\n<link rel=\"canonical\" href=\"https:\/\/www.friesehoek.nl\/de\/disclaimer\/\" \/>\n<meta property=\"og:locale\" content=\"de_DE\" \/>\n<meta property=\"og:type\" content=\"article\" \/>\n<meta property=\"og:title\" content=\"Disclaimer - Jachthaven Friese Hoek\" \/>\n<meta property=\"og:description\" content=\"Rechtliche Hinweise &#038; Haftungsausschluss F\u00fcr den hier nachstehenden Text gelten die folgenden Begriffsdefinitionen: Eigner: Der Betreiber dieser Webseite; Nutzung: Alle [&hellip;]\" \/>\n<meta property=\"og:url\" content=\"https:\/\/www.friesehoek.nl\/de\/disclaimer\/\" \/>\n<meta property=\"og:site_name\" content=\"Jachthaven Friese Hoek\" \/>\n<meta name=\"twitter:card\" content=\"summary_large_image\" \/>\n<meta name=\"twitter:label1\" content=\"Gesch\u00e4tzte Lesezeit\" \/>\n\t<meta name=\"twitter:data1\" content=\"1\u00a0Minute\" \/>\n<script type=\"application\/ld+json\" class=\"yoast-schema-graph\">{\"@context\":\"https:\\\/\\\/schema.org\",\"@graph\":[{\"@type\":\"WebPage\",\"@id\":\"https:\\\/\\\/www.friesehoek.nl\\\/de\\\/disclaimer\\\/\",\"url\":\"https:\\\/\\\/www.friesehoek.nl\\\/de\\\/disclaimer\\\/\",\"name\":\"Disclaimer - Jachthaven Friese Hoek\",\"isPartOf\":{\"@id\":\"https:\\\/\\\/www.friesehoek.nl\\\/de\\\/#website\"},\"datePublished\":\"2019-03-20T09:47:27+00:00\",\"breadcrumb\":{\"@id\":\"https:\\\/\\\/www.friesehoek.nl\\\/de\\\/disclaimer\\\/#breadcrumb\"},\"inLanguage\":\"de\",\"potentialAction\":[{\"@type\":\"ReadAction\",\"target\":[\"https:\\\/\\\/www.friesehoek.nl\\\/de\\\/disclaimer\\\/\"]}]},{\"@type\":\"BreadcrumbList\",\"@id\":\"https:\\\/\\\/www.friesehoek.nl\\\/de\\\/disclaimer\\\/#breadcrumb\",\"itemListElement\":[{\"@type\":\"ListItem\",\"position\":1,\"name\":\"Home\",\"item\":\"https:\\\/\\\/www.friesehoek.nl\\\/de\\\/\"},{\"@type\":\"ListItem\",\"position\":2,\"name\":\"Disclaimer\"}]},{\"@type\":\"WebSite\",\"@id\":\"https:\\\/\\\/www.friesehoek.nl\\\/de\\\/#website\",\"url\":\"https:\\\/\\\/www.friesehoek.nl\\\/de\\\/\",\"name\":\"Jachthaven Friese Hoek\",\"description\":\"Voel je thuis in Jachthaven Friese Hoek\",\"potentialAction\":[{\"@type\":\"SearchAction\",\"target\":{\"@type\":\"EntryPoint\",\"urlTemplate\":\"https:\\\/\\\/www.friesehoek.nl\\\/de\\\/?s={search_term_string}\"},\"query-input\":{\"@type\":\"PropertyValueSpecification\",\"valueRequired\":true,\"valueName\":\"search_term_string\"}}],\"inLanguage\":\"de\"}]}<\/script>\n<!-- \/ Yoast SEO plugin. -->","yoast_head_json":{"title":"Disclaimer - Jachthaven Friese Hoek","robots":{"index":"index","follow":"follow","max-snippet":"max-snippet:-1","max-image-preview":"max-image-preview:large","max-video-preview":"max-video-preview:-1"},"canonical":"https:\/\/www.friesehoek.nl\/de\/disclaimer\/","og_locale":"de_DE","og_type":"article","og_title":"Disclaimer - Jachthaven Friese Hoek","og_description":"Rechtliche Hinweise &#038; Haftungsausschluss F\u00fcr den hier nachstehenden Text gelten die folgenden Begriffsdefinitionen: Eigner: Der Betreiber dieser Webseite; Nutzung: Alle [&hellip;]","og_url":"https:\/\/www.friesehoek.nl\/de\/disclaimer\/","og_site_name":"Jachthaven Friese Hoek","twitter_card":"summary_large_image","twitter_misc":{"Gesch\u00e4tzte Lesezeit":"1\u00a0Minute"},"schema":{"@context":"https:\/\/schema.org","@graph":[{"@type":"WebPage","@id":"https:\/\/www.friesehoek.nl\/de\/disclaimer\/","url":"https:\/\/www.friesehoek.nl\/de\/disclaimer\/","name":"Disclaimer - Jachthaven Friese Hoek","isPartOf":{"@id":"https:\/\/www.friesehoek.nl\/de\/#website"},"datePublished":"2019-03-20T09:47:27+00:00","breadcrumb":{"@id":"https:\/\/www.friesehoek.nl\/de\/disclaimer\/#breadcrumb"},"inLanguage":"de","potentialAction":[{"@type":"ReadAction","target":["https:\/\/www.friesehoek.nl\/de\/disclaimer\/"]}]},{"@type":"BreadcrumbList","@id":"https:\/\/www.friesehoek.nl\/de\/disclaimer\/#breadcrumb","itemListElement":[{"@type":"ListItem","position":1,"name":"Home","item":"https:\/\/www.friesehoek.nl\/de\/"},{"@type":"ListItem","position":2,"name":"Disclaimer"}]},{"@type":"WebSite","@id":"https:\/\/www.friesehoek.nl\/de\/#website","url":"https:\/\/www.friesehoek.nl\/de\/","name":"Jachthaven Friese Hoek","description":"Voel je thuis in Jachthaven Friese Hoek","potentialAction":[{"@type":"SearchAction","target":{"@type":"EntryPoint","urlTemplate":"https:\/\/www.friesehoek.nl\/de\/?s={search_term_string}"},"query-input":{"@type":"PropertyValueSpecification","valueRequired":true,"valueName":"search_term_string"}}],"inLanguage":"de"}]}},"_links":{"self":[{"href":"https:\/\/www.friesehoek.nl\/de\/wp-json\/wp\/v2\/pages\/505","targetHints":{"allow":["GET"]}}],"collection":[{"href":"https:\/\/www.friesehoek.nl\/de\/wp-json\/wp\/v2\/pages"}],"about":[{"href":"https:\/\/www.friesehoek.nl\/de\/wp-json\/wp\/v2\/types\/page"}],"author":[{"embeddable":true,"href":"https:\/\/www.friesehoek.nl\/de\/wp-json\/wp\/v2\/users\/1"}],"replies":[{"embeddable":true,"href":"https:\/\/www.friesehoek.nl\/de\/wp-json\/wp\/v2\/comments?post=505"}],"version-history":[{"count":0,"href":"https:\/\/www.friesehoek.nl\/de\/wp-json\/wp\/v2\/pages\/505\/revisions"}],"wp:attachment":[{"href":"https:\/\/www.friesehoek.nl\/de\/wp-json\/wp\/v2\/media?parent=505"}],"curies":[{"name":"wp","href":"https:\/\/api.w.org\/{rel}","templated":true}]}}