{"id":510,"date":"2019-03-20T09:54:22","date_gmt":"2019-03-20T09:54:22","guid":{"rendered":"http:\/\/friesehoek.watersportoutdoorshop.nl\/skips-sails\/"},"modified":"2024-11-19T16:56:18","modified_gmt":"2024-11-19T14:56:18","slug":"skips-sails","status":"publish","type":"page","link":"https:\/\/www.friesehoek.nl\/de\/skips-sails\/","title":{"rendered":"Skips Sails"},"content":{"rendered":"<div class=\"wpb-content-wrapper\">[vc_row][vc_column width=&#8220;1\/2&#8243;][vc_single_image image=&#8220;1572&#8243; img_size=&#8220;full&#8220; style=&#8220;vc_box_rounded&#8220;][\/vc_column][vc_column width=&#8220;1\/2&#8243; css=&#8220;.vc_custom_1432888611759{padding-top: 60px !important;}&#8220;][vc_column_text css=&#8220;.vc_custom_1553176024692{padding-top: 0px !important;padding-right: 10px !important;padding-bottom: 10px !important;padding-left: 10px !important;}&#8220;]\n<h3>Segel &amp; Riggs<\/h3>\n<p>Mit Skips Sails verf\u00fcgt der Jachthafen Hindeloopen \u00fcber eine qualitativ hochwertige, hauseigene Segelmacherei. Skips Sails ist Vertragsh\u00e4ndler der Segel der renommierten Hersteller \u00a0UK-De Vries Sails und\u00a0SailSelect und ist auf die Produktion von Sprayhoods, Bootsplanen und Canvas-Produkten spezialisiert.[\/vc_column_text][\/vc_column][vc_column][vc_empty_space height=&#8220;84px&#8220;][vc_row_inner][vc_column_inner width=&#8220;1\/2&#8243; css=&#8220;.vc_custom_1441703894436{margin-top: 30px !important;}&#8220;][vc_column_text css=&#8220;.vc_custom_1553176038260{padding-top: 10px !important;}&#8220;]\n<h3>Skips Sails ist so einzigartig..<\/h3>\n<p style=\"font-size: 13pt;\">weil unsere Fachleute f\u00fcr eine Vielzahl von Fragen und W\u00fcnschen die passende L\u00f6sung haben. Wir k\u00f6nnen s\u00e4mtliche Reparaturen auf unserem Gel\u00e4nde ausf\u00fchren. Au\u00dferdem bieten wir noch viele weitere Serviceleistungen. So ist die Herstellung von Winterplanen ein wichtiger Teil unserer Arbeit. Auch sind wir die richtige Adresse f\u00fcr die Reinigung von Segeln und Abdeckungen.<\/p>\n<p style=\"font-size: 13pt;\"><strong>Sie sehen: Ihre komplette Takelage ist bei uns in guten, erfahrenen H\u00e4nden. Von winzigen Zubeh\u00f6rteilen bis hin zu komplexen Projekten. Wir erledigen alles f\u00fcr Sie.<\/strong><\/p>\n[\/vc_column_text][\/vc_column_inner][vc_column_inner width=&#8220;1\/2&#8243;][vc_single_image image=&#8220;1560&#8243; img_size=&#8220;full&#8220; alignment=&#8220;right&#8220; style=&#8220;vc_box_rounded&#8220;][\/vc_column_inner][\/vc_row_inner][\/vc_column][\/vc_row][vc_row full_width=&#8220;stretch_row&#8220; parallax=&#8220;content-moving&#8220; parallax_image=&#8220;345&#8243; css=&#8220;.vc_custom_1636029202113{background-position: center;background-repeat: no-repeat !important;background-size: cover !important;}&#8220;][vc_column width=&#8220;1\/2&#8243;][vc_column_text el_class=&#8220;white-box content-padding&#8220;]\n<h2>Jachtsegel<\/h2>\n<p>Segeln kennt viele Varianten: Eine kleine Runde \u00fcber den See, von Hafen zu Hafen, entlang der K\u00fcste des IJsselmeers oder \u00fcber das IJsselmeer, auf dem Wattenmeer spazieren fahren, eine \u00dcberfahrt nach England oder weiter, ein kurzes Wettsegeln am Abend oder die Colin Archer Memorial Regatta\u2026.<\/p>\n<p>F\u00fcr jedes dieser Fahrreviere hat Skips Sails die jeweils passenden Segel. Segler sind Individualisten, es gibt viele Unterschiede zwischen ihnen. Darum liefern wir alle unsere Segel auch als Ma\u00dfanfertigung. Wir kommen zu Ihnen an Bord und nehmen die Ma\u00dfe des Riggs auf. Anhand dieser k\u00f6nnen unsere Fachleute dann das Segel f\u00fcr Sie entwerfen, das qua Eigenschaften optimal f\u00fcr Ihre Segeljacht ist. Wir sind selbst leidenschaftliche Tour- und Wettstreitsegler. Gemeinsam mit Ihnen finden wir eine passende L\u00f6sung.<\/p>\n<p>Ob es Ihnen nun um Tour- oder Wettstreitsegeln geht: Unser Ziel ist es, gute, schnelle und verl\u00e4ssliche Segel f\u00fcr Sie zu fertigen. Segel mit einer langen Lebensdauer, an denen Sie viel Spa\u00df haben werden \u2013 und die Ihr Geld wert sind.[\/vc_column_text][\/vc_column][vc_column width=&#8220;1\/2&#8243;][vc_single_image image=&#8220;1563&#8243; img_size=&#8220;large&#8220; style=&#8220;vc_box_shadow_3d&#8220;][\/vc_column][\/vc_row][vc_row full_width=&#8220;stretch_row&#8220; parallax=&#8220;content-moving&#8220; css=&#8220;.vc_custom_1610091158311{background-position: center;background-repeat: no-repeat !important;background-size: cover !important;}&#8220;][vc_column width=&#8220;1\/2&#8243;][vc_column_text el_class=&#8220;white-box content-padding&#8220;]\n<h2>Canvas Arbeiten<\/h2>\n<p>Skips Sails hat sich einen ausgezeichneten Ruf erworben auf dem Gebiet von Sprayhoods, Bimini-Verdecks und Segelplanen.<\/p>\n<p>Ein Modell, sehr sorgf\u00e4ltig f\u00fcr Ihr Schiff angefertigt, wird mit viel Liebe zum Detail verarbeitet. Vergleichen Sie unsere Produkte mit denen anderer Segelmacher und Sie werden selbst sehen, worin wir uns unterscheiden. Als einer der wenigen falten wir beispielsweise unsere Vorn\u00e4hte ein. Dies hat bei einer Abdeckung aus Stoff den gro\u00dfen Vorteil, dass deren N\u00e4hte sich nicht auftrennen werden. Selbst nach dem Waschen bleiben sie intakt und fest. In unseren Standorten Flevo Marina und Jachthafen Hindeloopen fertigen wir Sprayhoods, Segelplanen und andere Bez\u00fcge an. F\u00fcr n\u00e4here Information k\u00f6nnen Sie direkt mit der Abteilung Skips Sails Kontakt aufnehmen, die f\u00fcr Sie am g\u00fcnstigsten liegt.[\/vc_column_text][\/vc_column][vc_column width=&#8220;1\/2&#8243;][vc_single_image image=&#8220;1557&#8243; img_size=&#8220;full&#8220; alignment=&#8220;center&#8220; style=&#8220;vc_box_shadow_3d&#8220;][\/vc_column][\/vc_row][vc_row full_width=&#8220;stretch_row&#8220; parallax=&#8220;content-moving&#8220; parallax_image=&#8220;345&#8243; css=&#8220;.vc_custom_1636029210898{background-position: center;background-repeat: no-repeat !important;background-size: cover !important;}&#8220;][vc_column width=&#8220;1\/2&#8243;][vc_column_text el_class=&#8220;white-box content-padding&#8220;]\n<h2>Riggs<\/h2>\n<p>Skips Sails versorgt komplette Riggs f\u00fcr kleine und gro\u00dfe Jachten.<\/p>\n<p>Wir liefern und stellen Masten, montieren Baum und Roll-Reffsysteme renommierter Hersteller. Fachkenntnis, gute Beratung, bestes Material und modernste Maschinen: Die Elemente eines wirklich stabilen Riggs.<\/p>\n<p>Auch f\u00fcr die Lieferung und Wartung von Vorstagprofilen von u. a. Furlex, Profurl und Facnor sind Sie darum bei uns an der richtigen Adresse. Von vielen Furlex Varianten haben wir zudem Ersatzteile auf Lager.<\/p>\n<p>Neue Masten liefern wir von Seld\u00e9n, Master Masten, Neutmast und Sparcraft.<\/p>\n<p>Bei Skips Sails sind Sie auch f\u00fcr das Trimmen Ihres Mastes an der richtigen Adresse. Unsere Takler\/Rigger sehen sich das Deckslayout an und \u00fcberlegen gerne mit Ihnen, ob die Bedienung der Segel einfacher sein k\u00f6nnte. Auch bekommen Sie bei uns Stahldraht. Wir k\u00f6nnen diesen speziell f\u00fcr Ihr Schiff auf Ma\u00df liefern und die Terminals an die neue Abstagung walzen, bis einschlie\u00dflich 12 mm.[\/vc_column_text][\/vc_column][vc_column width=&#8220;1\/2&#8243;][vc_single_image image=&#8220;1569&#8243; img_size=&#8220;full&#8220; alignment=&#8220;center&#8220; style=&#8220;vc_box_shadow_3d&#8220;][\/vc_column][\/vc_row][vc_row full_width=&#8220;stretch_row&#8220; parallax=&#8220;content-moving&#8220; css=&#8220;.vc_custom_1610091158311{background-position: center;background-repeat: no-repeat;background-size: cover !important;}&#8220;][vc_column width=&#8220;1\/2&#8243;][vc_column_text el_class=&#8220;white-box content-padding&#8220;]\n<h2>Leinen<\/h2>\n<p>Bei Skips Sails haben Sie die Wahl aus einem gro\u00dfen Sortiment an Tauwerk. Skips Sails hat seit Januar 2016 den exklusiven Vertrieb f\u00fcr Lancelin-Tauwerk auf der Ostseite der IJssel und des Markermeers. Wir haben uns f\u00fcr Lancelin entschieden, weil das Unternehmen eine hervorragende Qualit\u00e4t und ein hohes Ma\u00df an Innovation bietet. Lancelin, der Importeur, und wir arbeiten mit einem einheitlichen Farbschema f\u00fcr Fallen und Schoten, so dass jede Leine an Bord eine Grundfarbe hat und somit gut erkennbar ist. Aber auch f\u00fcr Leinen mit einer bestimmten Farbkombination bietet Lancelin viele M\u00f6glichkeiten. Unsere Rigger passen Ihre neuen Leinen gerne f\u00fcr Sie an und versehen sie mit guten, starken Splei\u00dfen.<\/p>\n<p>F\u00fcr Ihr Segelboot oder Motorboot haben wir ein sehr umfangreiches Sortiment. Hierzu geh\u00f6ren beispielsweise:<\/p>\n<ul>\n<li>Fallleinen f\u00fcr Segelboote<\/li>\n<li>Schoten f\u00fcr Boote<\/li>\n<li>Trimmleinen<\/li>\n<li>Festmacherleinen<br \/>\nusw.<\/li>\n<\/ul>\n[\/vc_column_text][\/vc_column][vc_column width=&#8220;1\/2&#8243;][vc_single_image image=&#8220;1566&#8243; img_size=&#8220;full&#8220; alignment=&#8220;center&#8220; style=&#8220;vc_box_shadow_3d&#8220;][\/vc_column][\/vc_row][vc_row css=&#8220;.vc_custom_1610091474531{margin-top: -100px !important;}&#8220;][vc_column][vc_separator][\/vc_column][\/vc_row][vc_row][vc_column width=&#8220;1\/4&#8243;][vc_column_text css=&#8220;&#8220;]\n<h3>Kontaktdaten<\/h3>\n<p>An Werktagen sind wir ge\u00f6ffnet von 7.30 Uhr bis 12.00 Uhr und von 12.30 Uhr bis 16.00 Uhr, Tel. +31 (0)88-05 04 111<\/p>\n<p>Skips Sails arbeitet zusammen mit unseren Niederlassungen\u00a0<a href=\"http:\/\/www.jachthavenhindeloopen.nl\/nl\/skipssails\" target=\"_blank\" rel=\"noopener\">Jachthaven Hindeloopen<\/a>[\/vc_column_text][\/vc_column][vc_column width=&#8220;3\/4&#8243;]\n<div class=\"wpcf7 no-js\" id=\"wpcf7-f1948-o1\" lang=\"de-DE\" dir=\"ltr\" data-wpcf7-id=\"1948\">\n<div class=\"screen-reader-response\"><p role=\"status\" aria-live=\"polite\" aria-atomic=\"true\"><\/p> <ul><\/ul><\/div>\n<form action=\"\/de\/wp-json\/wp\/v2\/pages\/510#wpcf7-f1948-o1\" method=\"post\" class=\"wpcf7-form init\" aria-label=\"Kontaktformular\" novalidate=\"novalidate\" data-status=\"init\">\n<fieldset class=\"hidden-fields-container\"><input type=\"hidden\" name=\"_wpcf7\" value=\"1948\" \/><input type=\"hidden\" name=\"_wpcf7_version\" value=\"6.1.5\" \/><input type=\"hidden\" name=\"_wpcf7_locale\" value=\"de_DE\" \/><input type=\"hidden\" name=\"_wpcf7_unit_tag\" value=\"wpcf7-f1948-o1\" \/><input type=\"hidden\" name=\"_wpcf7_container_post\" value=\"0\" \/><input type=\"hidden\" name=\"_wpcf7_posted_data_hash\" value=\"\" \/>\n<\/fieldset>\n<div class=\"wpcf7-turnstile cf-turnstile\" data-sitekey=\"0x4AAAAAACEgP9oUfQGjegKK\" data-response-field-name=\"_wpcf7_turnstile_response\"><\/div>\n\n<div class=\"row\">\n\t<div class=\"col-lg-6 col-md-12\">\n\t\t<div class=\"row\">\n\t\t\t<div class=\"col-lg-12 col-md-6\">\n\t\t\t\t<p class=\"input-field\"><label for=\"contact-name\"><span class=\"fa fa-user\"><\/span> Name<abbr title=\"required\" class=\"required\">*<\/abbr><\/label><span class=\"wpcf7-form-control-wrap\" data-name=\"your-name\"><input size=\"40\" maxlength=\"400\" class=\"wpcf7-form-control wpcf7-text wpcf7-validates-as-required\" id=\"contact-name\" aria-required=\"true\" aria-invalid=\"false\" placeholder=\"Name\" value=\"\" type=\"text\" name=\"your-name\" \/><\/span>\n\t\t\t\t<\/p>\n\t\t\t\t<p class=\"input-field\"><label for=\"contact-email\"><span class=\"fa fa-envelope\"><\/span> E-Mail<abbr title=\"required\" class=\"required\">*<\/abbr><\/label><span class=\"wpcf7-form-control-wrap\" data-name=\"your-email\"><input size=\"40\" maxlength=\"400\" class=\"wpcf7-form-control wpcf7-email wpcf7-validates-as-required wpcf7-text wpcf7-validates-as-email\" id=\"contact-email\" aria-required=\"true\" aria-invalid=\"false\" placeholder=\"E-Mail\" value=\"\" type=\"email\" name=\"your-email\" \/><\/span>\n\t\t\t\t<\/p>\n\t\t\t\t<p class=\"input-field\"><label for=\"contact-subject\"><span class=\"fa fa-file\"><\/span> Betreff<\/label><span class=\"wpcf7-form-control-wrap\" data-name=\"your-subject\"><input size=\"40\" maxlength=\"400\" class=\"wpcf7-form-control wpcf7-text\" id=\"contact-subject\" aria-invalid=\"false\" placeholder=\"Betreff\" value=\"\" type=\"text\" name=\"your-subject\" \/><\/span>\n\t\t\t\t<\/p>\n\t\t\t<\/div>\n\t\t\t<div class=\"col-lg-12 col-md-6\">\n\t\t\t<\/div>\n\t\t<\/div>\n\t<\/div>\n\t<div class=\"col-lg-6 col-md-12\">\n\t\t<p class=\"textarea-field\"><label for=\"Bericht\"><span class=\"fa fa-edit\"><\/span> Ihre Nachricht<\/label><span class=\"wpcf7-form-control-wrap\" data-name=\"your-message\"><textarea cols=\"40\" rows=\"10\" maxlength=\"2000\" class=\"wpcf7-form-control wpcf7-textarea\" id=\"contact-message\" aria-invalid=\"false\" placeholder=\"Ihre Nachricht\" name=\"your-message\"><\/textarea><\/span>\n\t\t<\/p>\n\t\t<div class=\"row\">\n\t\t\t<div class=\"col-sm-8\">\n\t\t\t\t<p><input class=\"wpcf7-form-control wpcf7-submit has-spinner\" type=\"submit\" value=\"Verzenden\" \/>\n\t\t\t\t<\/p>\n\t\t\t\t<p>F\u00fcllen Sie das Formular aus, wir setzen uns so schnell wie m\u00f6glich mit Ihnen in Verbindung.\n\t\t\t\t<\/p>\n\t\t\t<\/div>\n\t\t<\/div>\n\t<\/div>\n<\/div><div class=\"wpcf7-response-output\" aria-hidden=\"true\"><\/div>\n<\/form>\n<\/div>\n[\/vc_column][\/vc_row]\n<\/div>","protected":false},"excerpt":{"rendered":"<p>[vc_row][vc_column width=&#8220;1\/2&#8243;][vc_single_image image=&#8220;1572&#8243; img_size=&#8220;full&#8220; style=&#8220;vc_box_rounded&#8220;][\/vc_column][vc_column width=&#8220;1\/2&#8243; css=&#8220;.vc_custom_1432888611759{padding-top: 60px !important;}&#8220;][vc_column_text css=&#8220;.vc_custom_1553176024692{padding-top: 0px !important;padding-right: 10px !important;padding-bottom: 10px !important;padding-left: 10px !important;}&#8220;] Segel &amp; [&hellip;]<\/p>\n","protected":false},"author":1,"featured_media":0,"parent":0,"menu_order":0,"comment_status":"closed","ping_status":"closed","template":"","meta":{"footnotes":""},"class_list":["post-510","page","type-page","status-publish","hentry"],"yoast_head":"<!-- This site is optimized with the Yoast SEO plugin v27.4 - https:\/\/yoast.com\/product\/yoast-seo-wordpress\/ -->\n<title>Skips Sails Experten f\u00fcr Segel und Rigg | www.friesehoek.nl<\/title>\n<meta name=\"description\" content=\"Mit Skips Sails hat SkipsMaritiem eine qualitativ hochwertige Segelmacherei im Haus. Skips Sails ist zudem Verk\u00e4ufer der Segel der renommierten Hersteller UK-De Vries Sails und SailSelect\" \/>\n<meta name=\"robots\" content=\"index, follow, max-snippet:-1, max-image-preview:large, max-video-preview:-1\" \/>\n<link rel=\"canonical\" href=\"https:\/\/www.friesehoek.nl\/de\/skips-sails\/\" \/>\n<meta property=\"og:locale\" content=\"de_DE\" \/>\n<meta property=\"og:type\" content=\"article\" \/>\n<meta property=\"og:title\" content=\"Skips Sails Experten f\u00fcr Segel und Rigg | www.friesehoek.nl\" \/>\n<meta property=\"og:description\" content=\"Mit Skips Sails hat SkipsMaritiem eine qualitativ hochwertige Segelmacherei im Haus. Skips Sails ist zudem Verk\u00e4ufer der Segel der renommierten Hersteller UK-De Vries Sails und SailSelect\" \/>\n<meta property=\"og:url\" content=\"https:\/\/www.friesehoek.nl\/de\/skips-sails\/\" \/>\n<meta property=\"og:site_name\" content=\"Jachthaven Friese Hoek\" \/>\n<meta property=\"article:modified_time\" content=\"2024-11-19T14:56:18+00:00\" \/>\n<meta name=\"twitter:card\" content=\"summary_large_image\" \/>\n<meta name=\"twitter:label1\" content=\"Gesch\u00e4tzte Lesezeit\" \/>\n\t<meta name=\"twitter:data1\" content=\"6\u00a0Minuten\" \/>\n<script type=\"application\/ld+json\" class=\"yoast-schema-graph\">{\"@context\":\"https:\\\/\\\/schema.org\",\"@graph\":[{\"@type\":\"WebPage\",\"@id\":\"https:\\\/\\\/www.friesehoek.nl\\\/de\\\/skips-sails\\\/\",\"url\":\"https:\\\/\\\/www.friesehoek.nl\\\/de\\\/skips-sails\\\/\",\"name\":\"Skips Sails Experten f\u00fcr Segel und Rigg | www.friesehoek.nl\",\"isPartOf\":{\"@id\":\"https:\\\/\\\/www.friesehoek.nl\\\/de\\\/#website\"},\"datePublished\":\"2019-03-20T09:54:22+00:00\",\"dateModified\":\"2024-11-19T14:56:18+00:00\",\"description\":\"Mit Skips Sails hat SkipsMaritiem eine qualitativ hochwertige Segelmacherei im Haus. Skips Sails ist zudem Verk\u00e4ufer der Segel der renommierten Hersteller UK-De Vries Sails und SailSelect\",\"breadcrumb\":{\"@id\":\"https:\\\/\\\/www.friesehoek.nl\\\/de\\\/skips-sails\\\/#breadcrumb\"},\"inLanguage\":\"de\",\"potentialAction\":[{\"@type\":\"ReadAction\",\"target\":[\"https:\\\/\\\/www.friesehoek.nl\\\/de\\\/skips-sails\\\/\"]}]},{\"@type\":\"BreadcrumbList\",\"@id\":\"https:\\\/\\\/www.friesehoek.nl\\\/de\\\/skips-sails\\\/#breadcrumb\",\"itemListElement\":[{\"@type\":\"ListItem\",\"position\":1,\"name\":\"Home\",\"item\":\"https:\\\/\\\/www.friesehoek.nl\\\/de\\\/\"},{\"@type\":\"ListItem\",\"position\":2,\"name\":\"Skips Sails\"}]},{\"@type\":\"WebSite\",\"@id\":\"https:\\\/\\\/www.friesehoek.nl\\\/de\\\/#website\",\"url\":\"https:\\\/\\\/www.friesehoek.nl\\\/de\\\/\",\"name\":\"Jachthaven Friese Hoek\",\"description\":\"Voel je thuis in Jachthaven Friese Hoek\",\"potentialAction\":[{\"@type\":\"SearchAction\",\"target\":{\"@type\":\"EntryPoint\",\"urlTemplate\":\"https:\\\/\\\/www.friesehoek.nl\\\/de\\\/?s={search_term_string}\"},\"query-input\":{\"@type\":\"PropertyValueSpecification\",\"valueRequired\":true,\"valueName\":\"search_term_string\"}}],\"inLanguage\":\"de\"}]}<\/script>\n<!-- \/ Yoast SEO plugin. -->","yoast_head_json":{"title":"Skips Sails Experten f\u00fcr Segel und Rigg | www.friesehoek.nl","description":"Mit Skips Sails hat SkipsMaritiem eine qualitativ hochwertige Segelmacherei im Haus. Skips Sails ist zudem Verk\u00e4ufer der Segel der renommierten Hersteller UK-De Vries Sails und SailSelect","robots":{"index":"index","follow":"follow","max-snippet":"max-snippet:-1","max-image-preview":"max-image-preview:large","max-video-preview":"max-video-preview:-1"},"canonical":"https:\/\/www.friesehoek.nl\/de\/skips-sails\/","og_locale":"de_DE","og_type":"article","og_title":"Skips Sails Experten f\u00fcr Segel und Rigg | www.friesehoek.nl","og_description":"Mit Skips Sails hat SkipsMaritiem eine qualitativ hochwertige Segelmacherei im Haus. Skips Sails ist zudem Verk\u00e4ufer der Segel der renommierten Hersteller UK-De Vries Sails und SailSelect","og_url":"https:\/\/www.friesehoek.nl\/de\/skips-sails\/","og_site_name":"Jachthaven Friese Hoek","article_modified_time":"2024-11-19T14:56:18+00:00","twitter_card":"summary_large_image","twitter_misc":{"Gesch\u00e4tzte Lesezeit":"6\u00a0Minuten"},"schema":{"@context":"https:\/\/schema.org","@graph":[{"@type":"WebPage","@id":"https:\/\/www.friesehoek.nl\/de\/skips-sails\/","url":"https:\/\/www.friesehoek.nl\/de\/skips-sails\/","name":"Skips Sails Experten f\u00fcr Segel und Rigg | www.friesehoek.nl","isPartOf":{"@id":"https:\/\/www.friesehoek.nl\/de\/#website"},"datePublished":"2019-03-20T09:54:22+00:00","dateModified":"2024-11-19T14:56:18+00:00","description":"Mit Skips Sails hat SkipsMaritiem eine qualitativ hochwertige Segelmacherei im Haus. Skips Sails ist zudem Verk\u00e4ufer der Segel der renommierten Hersteller UK-De Vries Sails und SailSelect","breadcrumb":{"@id":"https:\/\/www.friesehoek.nl\/de\/skips-sails\/#breadcrumb"},"inLanguage":"de","potentialAction":[{"@type":"ReadAction","target":["https:\/\/www.friesehoek.nl\/de\/skips-sails\/"]}]},{"@type":"BreadcrumbList","@id":"https:\/\/www.friesehoek.nl\/de\/skips-sails\/#breadcrumb","itemListElement":[{"@type":"ListItem","position":1,"name":"Home","item":"https:\/\/www.friesehoek.nl\/de\/"},{"@type":"ListItem","position":2,"name":"Skips Sails"}]},{"@type":"WebSite","@id":"https:\/\/www.friesehoek.nl\/de\/#website","url":"https:\/\/www.friesehoek.nl\/de\/","name":"Jachthaven Friese Hoek","description":"Voel je thuis in Jachthaven Friese Hoek","potentialAction":[{"@type":"SearchAction","target":{"@type":"EntryPoint","urlTemplate":"https:\/\/www.friesehoek.nl\/de\/?s={search_term_string}"},"query-input":{"@type":"PropertyValueSpecification","valueRequired":true,"valueName":"search_term_string"}}],"inLanguage":"de"}]}},"_links":{"self":[{"href":"https:\/\/www.friesehoek.nl\/de\/wp-json\/wp\/v2\/pages\/510","targetHints":{"allow":["GET"]}}],"collection":[{"href":"https:\/\/www.friesehoek.nl\/de\/wp-json\/wp\/v2\/pages"}],"about":[{"href":"https:\/\/www.friesehoek.nl\/de\/wp-json\/wp\/v2\/types\/page"}],"author":[{"embeddable":true,"href":"https:\/\/www.friesehoek.nl\/de\/wp-json\/wp\/v2\/users\/1"}],"replies":[{"embeddable":true,"href":"https:\/\/www.friesehoek.nl\/de\/wp-json\/wp\/v2\/comments?post=510"}],"version-history":[{"count":9,"href":"https:\/\/www.friesehoek.nl\/de\/wp-json\/wp\/v2\/pages\/510\/revisions"}],"predecessor-version":[{"id":3141,"href":"https:\/\/www.friesehoek.nl\/de\/wp-json\/wp\/v2\/pages\/510\/revisions\/3141"}],"wp:attachment":[{"href":"https:\/\/www.friesehoek.nl\/de\/wp-json\/wp\/v2\/media?parent=510"}],"curies":[{"name":"wp","href":"https:\/\/api.w.org\/{rel}","templated":true}]}}