{"id":740,"date":"2019-03-26T10:48:02","date_gmt":"2019-03-26T10:48:02","guid":{"rendered":"http:\/\/friesehoek.watersportoutdoorshop.nl\/?page_id=740"},"modified":"2022-12-19T10:17:34","modified_gmt":"2022-12-19T08:17:34","slug":"erholung-und-freizeit","status":"publish","type":"page","link":"https:\/\/www.friesehoek.nl\/de\/region\/erholung-und-freizeit\/","title":{"rendered":"Erholung und Freizeit"},"content":{"rendered":"<div class=\"wpb-content-wrapper\">[vc_row][vc_column width=&#8220;1\/2&#8243;][vc_column_text css=&#8220;.vc_custom_1671437670030{padding-top: 0px !important;padding-right: 10px !important;padding-bottom: 10px !important;padding-left: 0px !important;}&#8220;]\n<h3>Erholung und Freizeit in der N\u00e4he des Jachthafens Friese Hoek<\/h3>\n<p>In und um Lemmer gibt es zahlreiche sch\u00f6ne Ausflugsziele. In Lemmer selbst liegt das \u00a0<strong>Ir. D.F. Woudagemaal<\/strong>, das gelegentlich noch arbeitende denkmalgesch\u00fctzte Dampfsch\u00f6pfwerk, das die UNESCO 1998 zum Weltkulturerbe ernannt hat. Ebenso beeindruckend wie die Dampftechnik ist die Architektur der Anlage im Stil der Amsterdamer Schule. Im Jahr 2011 wurde das neue Besucherzentrum er\u00f6ffnet. Besucher lernen hier auf spektakul\u00e4re Weise alle faszinierenden Aspekte des Woudagemaal kennen. Das Woudagemaal selbst ist nur mit einer F\u00fchrung zug\u00e4nglich.<\/p>\n<p>Sehenswert ist auch der tropische Erlebnispark\u00a0\u00a0<strong>De Orchidee\u00ebn Hoeve<\/strong>\u00a0in Luttelgeest!\u00a0Machen Sie einen Rundgang durch die tropischen G\u00e4rten und erleben Sie die wunderbare Welt der Orchideen und Schmetterlinge. Der tropische, malaysische und taiwanesische Garten, das Schmetterlingstal und der neue Lori-Garten sind f\u00fchrend in Europa! Kurzum, ein \u00fcberraschendes Ausflugsziel f\u00fcr die ganze Familie.[\/vc_column_text][\/vc_column][vc_column width=&#8220;1\/2&#8243;][vc_empty_space height=&#8220;64px&#8220;][vc_column_text css=&#8220;.vc_custom_1671437681726{padding-top: 0px !important;padding-right: 10px !important;padding-bottom: 10px !important;padding-left: 0px !important;}&#8220;]Das\u00a0<strong>Tauchmuseum (Duikmuseum) in Lemmer<\/strong>\u00a0zeigt eine gro\u00dfe Sammlung an Tauchanz\u00fcgen und Tauchzubeh\u00f6r aus verschiedenen historischen Epochen. Die Sammlung wird \u00fcbersichtlich mithilfe von Schaufensterpuppen pr\u00e4sentiert. Neben dem Tauchmuseum befindet sich ein Tauchgesch\u00e4ft. Das Museum bietet freien Eintritt.<\/p>\n<p>Das Lemsterland ist die ideale\u00a0<strong>Fahrradregion<\/strong>\u00a0Erkunden Sie zum Beispiel auf dem Rad den \u201eKuinderbos\u201c, das Naturschutzgebiet Weerribben, die friesischen Seen, das Gaasterland\u00a0 oder nutzen Sie einen der Radfernwege (LF-route) f\u00fcr eine lange Radtour.<\/p>\n<p>Beim STIP-B\u00fcro\u00a0 in Lemmer sind Fahrradkarten f\u00fcr alle niederl\u00e4ndischen Regionen erh\u00e4ltlich. Sehr gefragt sind auch die praktischen Karten des so genannten \u201eRadnetzes\u201c Frysl\u00e2n (auch Knotenpunkte genannt). Im B\u00fcro STIP kann man alle f\u00fcnf regionalen Karten von Frysl\u00e2n erwerben. Auch sind hier detaillierte Fahrradkarten f\u00fcr die gesamte Niederlande und Brosch\u00fcren mit ausgeschilderten Tagesstrecken erh\u00e4ltlich.[\/vc_column_text][\/vc_column][\/vc_row][vc_row][vc_column][vc_empty_space][vc_gallery images=&#8220;1792,1789,1786,1783,1780&#8243; columns=&#8220;5&#8243; type=&#8220;image_grid&#8220;][\/vc_column][\/vc_row]\n<\/div>","protected":false},"excerpt":{"rendered":"<p>[vc_row][vc_column width=&#8220;1\/2&#8243;][vc_column_text css=&#8220;.vc_custom_1671437670030{padding-top: 0px !important;padding-right: 10px !important;padding-bottom: 10px !important;padding-left: 0px !important;}&#8220;] Erholung und Freizeit in der N\u00e4he des Jachthafens Friese [&hellip;]<\/p>\n","protected":false},"author":1,"featured_media":0,"parent":498,"menu_order":0,"comment_status":"closed","ping_status":"closed","template":"page-templates\/page-left.php","meta":{"footnotes":""},"class_list":["post-740","page","type-page","status-publish","hentry"],"yoast_head":"<!-- This site is optimized with the Yoast SEO plugin v27.3 - https:\/\/yoast.com\/product\/yoast-seo-wordpress\/ -->\n<title>Erholung und Freizeit - Jachthaven Friese Hoek<\/title>\n<meta name=\"description\" content=\"Lemmer ist ein gastfreundlicher Ort mit einem vielseitigen gastronomischen Angebot. Au\u00dferdem findet man hier viele L\u00e4den, die zu einer Shoppingtour einladen. Auch Jugendliche kommen hier auf ihre Kosten. In Lemmer gibt es eine Disko und ein Grand Caf\u00e9.\" \/>\n<meta name=\"robots\" content=\"index, follow, max-snippet:-1, max-image-preview:large, max-video-preview:-1\" \/>\n<link rel=\"canonical\" href=\"https:\/\/www.friesehoek.nl\/de\/region\/erholung-und-freizeit\/\" \/>\n<meta property=\"og:locale\" content=\"de_DE\" \/>\n<meta property=\"og:type\" content=\"article\" \/>\n<meta property=\"og:title\" content=\"Erholung und Freizeit - Jachthaven Friese Hoek\" \/>\n<meta property=\"og:description\" content=\"Lemmer ist ein gastfreundlicher Ort mit einem vielseitigen gastronomischen Angebot. Au\u00dferdem findet man hier viele L\u00e4den, die zu einer Shoppingtour einladen. Auch Jugendliche kommen hier auf ihre Kosten. In Lemmer gibt es eine Disko und ein Grand Caf\u00e9.\" \/>\n<meta property=\"og:url\" content=\"https:\/\/www.friesehoek.nl\/de\/region\/erholung-und-freizeit\/\" \/>\n<meta property=\"og:site_name\" content=\"Jachthaven Friese Hoek\" \/>\n<meta property=\"article:modified_time\" content=\"2022-12-19T08:17:34+00:00\" \/>\n<meta name=\"twitter:card\" content=\"summary_large_image\" \/>\n<meta name=\"twitter:label1\" content=\"Gesch\u00e4tzte Lesezeit\" \/>\n\t<meta name=\"twitter:data1\" content=\"2\u00a0Minuten\" \/>\n<script type=\"application\/ld+json\" class=\"yoast-schema-graph\">{\"@context\":\"https:\\\/\\\/schema.org\",\"@graph\":[{\"@type\":\"WebPage\",\"@id\":\"https:\\\/\\\/www.friesehoek.nl\\\/de\\\/region\\\/erholung-und-freizeit\\\/\",\"url\":\"https:\\\/\\\/www.friesehoek.nl\\\/de\\\/region\\\/erholung-und-freizeit\\\/\",\"name\":\"Erholung und Freizeit - Jachthaven Friese Hoek\",\"isPartOf\":{\"@id\":\"https:\\\/\\\/www.friesehoek.nl\\\/de\\\/#website\"},\"datePublished\":\"2019-03-26T10:48:02+00:00\",\"dateModified\":\"2022-12-19T08:17:34+00:00\",\"description\":\"Lemmer ist ein gastfreundlicher Ort mit einem vielseitigen gastronomischen Angebot. Au\u00dferdem findet man hier viele L\u00e4den, die zu einer Shoppingtour einladen. Auch Jugendliche kommen hier auf ihre Kosten. In Lemmer gibt es eine Disko und ein Grand Caf\u00e9.\",\"breadcrumb\":{\"@id\":\"https:\\\/\\\/www.friesehoek.nl\\\/de\\\/region\\\/erholung-und-freizeit\\\/#breadcrumb\"},\"inLanguage\":\"de\",\"potentialAction\":[{\"@type\":\"ReadAction\",\"target\":[\"https:\\\/\\\/www.friesehoek.nl\\\/de\\\/region\\\/erholung-und-freizeit\\\/\"]}]},{\"@type\":\"BreadcrumbList\",\"@id\":\"https:\\\/\\\/www.friesehoek.nl\\\/de\\\/region\\\/erholung-und-freizeit\\\/#breadcrumb\",\"itemListElement\":[{\"@type\":\"ListItem\",\"position\":1,\"name\":\"Home\",\"item\":\"https:\\\/\\\/www.friesehoek.nl\\\/de\\\/\"},{\"@type\":\"ListItem\",\"position\":2,\"name\":\"Region\",\"item\":\"https:\\\/\\\/www.friesehoek.nl\\\/de\\\/region\\\/\"},{\"@type\":\"ListItem\",\"position\":3,\"name\":\"Erholung und Freizeit\"}]},{\"@type\":\"WebSite\",\"@id\":\"https:\\\/\\\/www.friesehoek.nl\\\/de\\\/#website\",\"url\":\"https:\\\/\\\/www.friesehoek.nl\\\/de\\\/\",\"name\":\"Jachthaven Friese Hoek\",\"description\":\"Voel je thuis in Jachthaven Friese Hoek\",\"potentialAction\":[{\"@type\":\"SearchAction\",\"target\":{\"@type\":\"EntryPoint\",\"urlTemplate\":\"https:\\\/\\\/www.friesehoek.nl\\\/de\\\/?s={search_term_string}\"},\"query-input\":{\"@type\":\"PropertyValueSpecification\",\"valueRequired\":true,\"valueName\":\"search_term_string\"}}],\"inLanguage\":\"de\"}]}<\/script>\n<!-- \/ Yoast SEO plugin. -->","yoast_head_json":{"title":"Erholung und Freizeit - Jachthaven Friese Hoek","description":"Lemmer ist ein gastfreundlicher Ort mit einem vielseitigen gastronomischen Angebot. Au\u00dferdem findet man hier viele L\u00e4den, die zu einer Shoppingtour einladen. Auch Jugendliche kommen hier auf ihre Kosten. In Lemmer gibt es eine Disko und ein Grand Caf\u00e9.","robots":{"index":"index","follow":"follow","max-snippet":"max-snippet:-1","max-image-preview":"max-image-preview:large","max-video-preview":"max-video-preview:-1"},"canonical":"https:\/\/www.friesehoek.nl\/de\/region\/erholung-und-freizeit\/","og_locale":"de_DE","og_type":"article","og_title":"Erholung und Freizeit - Jachthaven Friese Hoek","og_description":"Lemmer ist ein gastfreundlicher Ort mit einem vielseitigen gastronomischen Angebot. Au\u00dferdem findet man hier viele L\u00e4den, die zu einer Shoppingtour einladen. Auch Jugendliche kommen hier auf ihre Kosten. In Lemmer gibt es eine Disko und ein Grand Caf\u00e9.","og_url":"https:\/\/www.friesehoek.nl\/de\/region\/erholung-und-freizeit\/","og_site_name":"Jachthaven Friese Hoek","article_modified_time":"2022-12-19T08:17:34+00:00","twitter_card":"summary_large_image","twitter_misc":{"Gesch\u00e4tzte Lesezeit":"2\u00a0Minuten"},"schema":{"@context":"https:\/\/schema.org","@graph":[{"@type":"WebPage","@id":"https:\/\/www.friesehoek.nl\/de\/region\/erholung-und-freizeit\/","url":"https:\/\/www.friesehoek.nl\/de\/region\/erholung-und-freizeit\/","name":"Erholung und Freizeit - Jachthaven Friese Hoek","isPartOf":{"@id":"https:\/\/www.friesehoek.nl\/de\/#website"},"datePublished":"2019-03-26T10:48:02+00:00","dateModified":"2022-12-19T08:17:34+00:00","description":"Lemmer ist ein gastfreundlicher Ort mit einem vielseitigen gastronomischen Angebot. Au\u00dferdem findet man hier viele L\u00e4den, die zu einer Shoppingtour einladen. Auch Jugendliche kommen hier auf ihre Kosten. In Lemmer gibt es eine Disko und ein Grand Caf\u00e9.","breadcrumb":{"@id":"https:\/\/www.friesehoek.nl\/de\/region\/erholung-und-freizeit\/#breadcrumb"},"inLanguage":"de","potentialAction":[{"@type":"ReadAction","target":["https:\/\/www.friesehoek.nl\/de\/region\/erholung-und-freizeit\/"]}]},{"@type":"BreadcrumbList","@id":"https:\/\/www.friesehoek.nl\/de\/region\/erholung-und-freizeit\/#breadcrumb","itemListElement":[{"@type":"ListItem","position":1,"name":"Home","item":"https:\/\/www.friesehoek.nl\/de\/"},{"@type":"ListItem","position":2,"name":"Region","item":"https:\/\/www.friesehoek.nl\/de\/region\/"},{"@type":"ListItem","position":3,"name":"Erholung und Freizeit"}]},{"@type":"WebSite","@id":"https:\/\/www.friesehoek.nl\/de\/#website","url":"https:\/\/www.friesehoek.nl\/de\/","name":"Jachthaven Friese Hoek","description":"Voel je thuis in Jachthaven Friese Hoek","potentialAction":[{"@type":"SearchAction","target":{"@type":"EntryPoint","urlTemplate":"https:\/\/www.friesehoek.nl\/de\/?s={search_term_string}"},"query-input":{"@type":"PropertyValueSpecification","valueRequired":true,"valueName":"search_term_string"}}],"inLanguage":"de"}]}},"_links":{"self":[{"href":"https:\/\/www.friesehoek.nl\/de\/wp-json\/wp\/v2\/pages\/740","targetHints":{"allow":["GET"]}}],"collection":[{"href":"https:\/\/www.friesehoek.nl\/de\/wp-json\/wp\/v2\/pages"}],"about":[{"href":"https:\/\/www.friesehoek.nl\/de\/wp-json\/wp\/v2\/types\/page"}],"author":[{"embeddable":true,"href":"https:\/\/www.friesehoek.nl\/de\/wp-json\/wp\/v2\/users\/1"}],"replies":[{"embeddable":true,"href":"https:\/\/www.friesehoek.nl\/de\/wp-json\/wp\/v2\/comments?post=740"}],"version-history":[{"count":5,"href":"https:\/\/www.friesehoek.nl\/de\/wp-json\/wp\/v2\/pages\/740\/revisions"}],"predecessor-version":[{"id":1811,"href":"https:\/\/www.friesehoek.nl\/de\/wp-json\/wp\/v2\/pages\/740\/revisions\/1811"}],"up":[{"embeddable":true,"href":"https:\/\/www.friesehoek.nl\/de\/wp-json\/wp\/v2\/pages\/498"}],"wp:attachment":[{"href":"https:\/\/www.friesehoek.nl\/de\/wp-json\/wp\/v2\/media?parent=740"}],"curies":[{"name":"wp","href":"https:\/\/api.w.org\/{rel}","templated":true}]}}