{"id":747,"date":"2019-03-26T10:42:29","date_gmt":"2019-03-26T10:42:29","guid":{"rendered":"http:\/\/friesehoek.watersportoutdoorshop.nl\/?page_id=747"},"modified":"2022-12-19T10:28:32","modified_gmt":"2022-12-19T08:28:32","slug":"kinder","status":"publish","type":"page","link":"https:\/\/www.friesehoek.nl\/de\/region\/kinder\/","title":{"rendered":"Kinder"},"content":{"rendered":"<div class=\"wpb-content-wrapper\">[vc_row][vc_column width=&#8220;1\/2&#8243;][vc_column_text css=&#8220;.vc_custom_1671437381805{padding-top: 0px !important;padding-right: 10px !important;padding-bottom: 10px !important;padding-left: 0px !important;}&#8220;]\n<h3>Unterhaltung f\u00fcr Jung und Alt<\/h3>\n<p>Auch Kinder kommen in Lemmer und Umgebung auf ihre Kosten. Das Angebot an Aktivit\u00e4ten in und um Lemmer ist vielseitig. So ist ab unserem Hafen das neue \u00fcberdachte Schwimm- und Fitnesszentrum \u201eNy Sudersee\u201c zu Fu\u00df zu erreichen. Der sch\u00f6ne Komplex verf\u00fcgt \u00fcber ein Freizeitbad, ein Planschbecken, ein Lehrschwimmbecken und einen Fitnessraum. Das Sportzentrum Ny Suders\u00e9 liegt direkt am Strand von Lemmer.<\/p>\n<p><strong>Das sonstige Angebot f\u00fcr Kinder und Jugendliche:<\/strong><\/p>\n<p><strong>Strand Lemmer:\u00a0<\/strong>Hier am Strand kann man im IJsselmeer baden. Der Strand von Lemmer wurde vollst\u00e4ndig neu mit Sand aufgesch\u00fcttet und verf\u00fcgt \u00fcber ein Strandpavillon, Toiletten und eine Erste-Hilfe-Stelle. Neben dem Strand befindet sich ein gro\u00dfer kostenloser Parkplatz.\u00a0Das Seeufer ist am Anfang sehr seicht und wird nur langsam tiefer und ist daher ideal f\u00fcr kleine Kinder. Man kann ein recht langes St\u00fcck in den See hineinwaten, bevor der See tiefer wird. Selbstverst\u00e4ndlich m\u00fcssen Eltern ihre Kinder beim Baden beaufsichtigen.[\/vc_column_text][\/vc_column][vc_column width=&#8220;1\/2&#8243;][vc_empty_space height=&#8220;64px&#8220;][vc_column_text css=&#8220;.vc_custom_1671437415218{padding-top: 0px !important;padding-right: 10px !important;padding-bottom: 10px !important;padding-left: 0px !important;}&#8220;]<strong>Kameleon Dorp:<\/strong>\u00a0M\u00f6chten Sie auch gerne das Dorf der ber\u00fchmten Zwillinge Hielke und Sietse kennenlernen? Mitten im Dorf befindet sich der Kameleon-Bauernhof, in dem das kleine Dorf Lenten errichtet wurde. Das Dorf liegt im wasserreichen Zentrum von Friesland, wo man auf den T\u00fcmpeln und dem See nach Herzenslust segeln kann. Es gibt sogar eine Insel, auf der Gerben viele interessante Aktivit\u00e4ten organisiert. Mit dem Kameleon-Pass k\u00f6nnen Kinder eine erlebnisreiche Schnitzeljagd machen, und dabei u.a. das Haus der Familie Klinkhamer besuchen. Vergessen Sie auch nicht, die Schmiede zu besichtigen.<\/p>\n<p><strong>Ballorig:<\/strong>\u00a02500 m2 \u00fcberdachtes Kinderspielparadies in Sneek. Mit B\u00e4lle- und Kugelb\u00e4dern, H\u00fcpfburgen und Kletterw\u00e4nden. Mit einem Spielbereich f\u00fcr die Allerkleinsten bis zu 4 Jahren und R\u00e4umen f\u00fcr Kinder von 5 bis 12 Jahren. W\u00e4hrend sich die Kinder auf Entdeckungstour begeben und sich so richtig austoben, sind die Eltern und Betreuer im zentral gelegenen Restaurant mit Blick auf beide Spielbereiche willkommen.[\/vc_column_text][\/vc_column][\/vc_row][vc_row][vc_column][vc_empty_space][vc_gallery images=&#8220;1792,1789,1786,1783,1780&#8243; columns=&#8220;5&#8243; type=&#8220;image_grid&#8220;][\/vc_column][\/vc_row]\n<\/div>","protected":false},"excerpt":{"rendered":"<p>[vc_row][vc_column width=&#8220;1\/2&#8243;][vc_column_text css=&#8220;.vc_custom_1671437381805{padding-top: 0px !important;padding-right: 10px !important;padding-bottom: 10px !important;padding-left: 0px !important;}&#8220;] Unterhaltung f\u00fcr Jung und Alt Auch Kinder kommen in [&hellip;]<\/p>\n","protected":false},"author":1,"featured_media":0,"parent":498,"menu_order":0,"comment_status":"closed","ping_status":"closed","template":"page-templates\/page-left.php","meta":{"footnotes":""},"class_list":["post-747","page","type-page","status-publish","hentry"],"yoast_head":"<!-- This site is optimized with the Yoast SEO plugin v27.3 - https:\/\/yoast.com\/product\/yoast-seo-wordpress\/ -->\n<title>Kinder - Jachthaven Friese Hoek<\/title>\n<meta name=\"description\" content=\"Auch Kinder kommen in Lemmer und Umgebung auf ihre Kosten. Das Angebot an Aktivit\u00e4ten in und um Lemmer ist vielseitig.\" \/>\n<meta name=\"robots\" content=\"index, follow, max-snippet:-1, max-image-preview:large, max-video-preview:-1\" \/>\n<link rel=\"canonical\" href=\"https:\/\/www.friesehoek.nl\/de\/region\/kinder\/\" \/>\n<meta property=\"og:locale\" content=\"de_DE\" \/>\n<meta property=\"og:type\" content=\"article\" \/>\n<meta property=\"og:title\" content=\"Kinder - Jachthaven Friese Hoek\" \/>\n<meta property=\"og:description\" content=\"Auch Kinder kommen in Lemmer und Umgebung auf ihre Kosten. Das Angebot an Aktivit\u00e4ten in und um Lemmer ist vielseitig.\" \/>\n<meta property=\"og:url\" content=\"https:\/\/www.friesehoek.nl\/de\/region\/kinder\/\" \/>\n<meta property=\"og:site_name\" content=\"Jachthaven Friese Hoek\" \/>\n<meta property=\"article:modified_time\" content=\"2022-12-19T08:28:32+00:00\" \/>\n<meta name=\"twitter:card\" content=\"summary_large_image\" \/>\n<meta name=\"twitter:label1\" content=\"Gesch\u00e4tzte Lesezeit\" \/>\n\t<meta name=\"twitter:data1\" content=\"2\u00a0Minuten\" \/>\n<script type=\"application\/ld+json\" class=\"yoast-schema-graph\">{\"@context\":\"https:\\\/\\\/schema.org\",\"@graph\":[{\"@type\":\"WebPage\",\"@id\":\"https:\\\/\\\/www.friesehoek.nl\\\/de\\\/region\\\/kinder\\\/\",\"url\":\"https:\\\/\\\/www.friesehoek.nl\\\/de\\\/region\\\/kinder\\\/\",\"name\":\"Kinder - Jachthaven Friese Hoek\",\"isPartOf\":{\"@id\":\"https:\\\/\\\/www.friesehoek.nl\\\/de\\\/#website\"},\"datePublished\":\"2019-03-26T10:42:29+00:00\",\"dateModified\":\"2022-12-19T08:28:32+00:00\",\"description\":\"Auch Kinder kommen in Lemmer und Umgebung auf ihre Kosten. Das Angebot an Aktivit\u00e4ten in und um Lemmer ist vielseitig.\",\"breadcrumb\":{\"@id\":\"https:\\\/\\\/www.friesehoek.nl\\\/de\\\/region\\\/kinder\\\/#breadcrumb\"},\"inLanguage\":\"de\",\"potentialAction\":[{\"@type\":\"ReadAction\",\"target\":[\"https:\\\/\\\/www.friesehoek.nl\\\/de\\\/region\\\/kinder\\\/\"]}]},{\"@type\":\"BreadcrumbList\",\"@id\":\"https:\\\/\\\/www.friesehoek.nl\\\/de\\\/region\\\/kinder\\\/#breadcrumb\",\"itemListElement\":[{\"@type\":\"ListItem\",\"position\":1,\"name\":\"Home\",\"item\":\"https:\\\/\\\/www.friesehoek.nl\\\/de\\\/\"},{\"@type\":\"ListItem\",\"position\":2,\"name\":\"Region\",\"item\":\"https:\\\/\\\/www.friesehoek.nl\\\/de\\\/region\\\/\"},{\"@type\":\"ListItem\",\"position\":3,\"name\":\"Kinder\"}]},{\"@type\":\"WebSite\",\"@id\":\"https:\\\/\\\/www.friesehoek.nl\\\/de\\\/#website\",\"url\":\"https:\\\/\\\/www.friesehoek.nl\\\/de\\\/\",\"name\":\"Jachthaven Friese Hoek\",\"description\":\"Voel je thuis in Jachthaven Friese Hoek\",\"potentialAction\":[{\"@type\":\"SearchAction\",\"target\":{\"@type\":\"EntryPoint\",\"urlTemplate\":\"https:\\\/\\\/www.friesehoek.nl\\\/de\\\/?s={search_term_string}\"},\"query-input\":{\"@type\":\"PropertyValueSpecification\",\"valueRequired\":true,\"valueName\":\"search_term_string\"}}],\"inLanguage\":\"de\"}]}<\/script>\n<!-- \/ Yoast SEO plugin. -->","yoast_head_json":{"title":"Kinder - Jachthaven Friese Hoek","description":"Auch Kinder kommen in Lemmer und Umgebung auf ihre Kosten. Das Angebot an Aktivit\u00e4ten in und um Lemmer ist vielseitig.","robots":{"index":"index","follow":"follow","max-snippet":"max-snippet:-1","max-image-preview":"max-image-preview:large","max-video-preview":"max-video-preview:-1"},"canonical":"https:\/\/www.friesehoek.nl\/de\/region\/kinder\/","og_locale":"de_DE","og_type":"article","og_title":"Kinder - Jachthaven Friese Hoek","og_description":"Auch Kinder kommen in Lemmer und Umgebung auf ihre Kosten. Das Angebot an Aktivit\u00e4ten in und um Lemmer ist vielseitig.","og_url":"https:\/\/www.friesehoek.nl\/de\/region\/kinder\/","og_site_name":"Jachthaven Friese Hoek","article_modified_time":"2022-12-19T08:28:32+00:00","twitter_card":"summary_large_image","twitter_misc":{"Gesch\u00e4tzte Lesezeit":"2\u00a0Minuten"},"schema":{"@context":"https:\/\/schema.org","@graph":[{"@type":"WebPage","@id":"https:\/\/www.friesehoek.nl\/de\/region\/kinder\/","url":"https:\/\/www.friesehoek.nl\/de\/region\/kinder\/","name":"Kinder - Jachthaven Friese Hoek","isPartOf":{"@id":"https:\/\/www.friesehoek.nl\/de\/#website"},"datePublished":"2019-03-26T10:42:29+00:00","dateModified":"2022-12-19T08:28:32+00:00","description":"Auch Kinder kommen in Lemmer und Umgebung auf ihre Kosten. Das Angebot an Aktivit\u00e4ten in und um Lemmer ist vielseitig.","breadcrumb":{"@id":"https:\/\/www.friesehoek.nl\/de\/region\/kinder\/#breadcrumb"},"inLanguage":"de","potentialAction":[{"@type":"ReadAction","target":["https:\/\/www.friesehoek.nl\/de\/region\/kinder\/"]}]},{"@type":"BreadcrumbList","@id":"https:\/\/www.friesehoek.nl\/de\/region\/kinder\/#breadcrumb","itemListElement":[{"@type":"ListItem","position":1,"name":"Home","item":"https:\/\/www.friesehoek.nl\/de\/"},{"@type":"ListItem","position":2,"name":"Region","item":"https:\/\/www.friesehoek.nl\/de\/region\/"},{"@type":"ListItem","position":3,"name":"Kinder"}]},{"@type":"WebSite","@id":"https:\/\/www.friesehoek.nl\/de\/#website","url":"https:\/\/www.friesehoek.nl\/de\/","name":"Jachthaven Friese Hoek","description":"Voel je thuis in Jachthaven Friese Hoek","potentialAction":[{"@type":"SearchAction","target":{"@type":"EntryPoint","urlTemplate":"https:\/\/www.friesehoek.nl\/de\/?s={search_term_string}"},"query-input":{"@type":"PropertyValueSpecification","valueRequired":true,"valueName":"search_term_string"}}],"inLanguage":"de"}]}},"_links":{"self":[{"href":"https:\/\/www.friesehoek.nl\/de\/wp-json\/wp\/v2\/pages\/747","targetHints":{"allow":["GET"]}}],"collection":[{"href":"https:\/\/www.friesehoek.nl\/de\/wp-json\/wp\/v2\/pages"}],"about":[{"href":"https:\/\/www.friesehoek.nl\/de\/wp-json\/wp\/v2\/types\/page"}],"author":[{"embeddable":true,"href":"https:\/\/www.friesehoek.nl\/de\/wp-json\/wp\/v2\/users\/1"}],"replies":[{"embeddable":true,"href":"https:\/\/www.friesehoek.nl\/de\/wp-json\/wp\/v2\/comments?post=747"}],"version-history":[{"count":7,"href":"https:\/\/www.friesehoek.nl\/de\/wp-json\/wp\/v2\/pages\/747\/revisions"}],"predecessor-version":[{"id":1806,"href":"https:\/\/www.friesehoek.nl\/de\/wp-json\/wp\/v2\/pages\/747\/revisions\/1806"}],"up":[{"embeddable":true,"href":"https:\/\/www.friesehoek.nl\/de\/wp-json\/wp\/v2\/pages\/498"}],"wp:attachment":[{"href":"https:\/\/www.friesehoek.nl\/de\/wp-json\/wp\/v2\/media?parent=747"}],"curies":[{"name":"wp","href":"https:\/\/api.w.org\/{rel}","templated":true}]}}